{"id":25751,"date":"2021-07-07T22:53:23","date_gmt":"2021-07-08T03:53:23","guid":{"rendered":"https:\/\/geekbotelectronics.com\/?page_id=11152"},"modified":"2025-11-12T16:48:42","modified_gmt":"2025-11-12T22:48:42","slug":"contacto","status":"publish","type":"page","link":"https:\/\/itv.geekbotelectronics.com\/index.php\/contacto\/","title":{"rendered":"Contacto"},"content":{"rendered":"<h4><strong>Puedes Visitarnos en:<\/strong><\/h4>\n<p>Direcci\u00f3n: J.P. Silva #1103, Colonia Formando Hogar, C.P. 91897, Veracruz, Ver. M\u00e9xico.<\/p>\n<h4><strong>Contacto por Tel\u00e9fono:<\/strong><\/h4>\n<p>Celular (WhatsApp): (229)2441153<\/p>\n<h4><strong>Contacto por Correo:<\/strong><\/h4>\n<p>Para informaci\u00f3n general de su pedido, cotizaciones y aclaraciones con respecto a los productos, favor de enviar correo a la siguiente direcci\u00f3n:<\/p>\n<p><em>contacto@geekbotelectronics.com<\/em><\/p>\n<p>Si requiere o tiene alg\u00fan problema con su factura favor de escribirnos al siguiente correo:<\/p>\n<p><em>facturas@geekbotelectronics.com<\/em><\/p>\n<h4><strong>Horario:<\/strong><\/h4>\n<p>Lunes a Viernes de 9:00am a 6:00pm<\/p>\n<p><iframe loading=\"lazy\" style=\"border: 0;\" src=\"https:\/\/www.google.com\/maps\/embed?pb=!1m18!1m12!1m3!1d3767.9028701128987!2d-96.17790244340762!3d19.199444254029636!2m3!1f0!2f0!3f0!3m2!1i1024!2i768!4f13.1!3m3!1m2!1s0x85c34418f72c1fef%3A0x30aa572220013ad0!2sGeekbot%20Electronics!5e0!3m2!1ses-419!2smx!4v1642559407716!5m2!1ses-419!2smx\" width=\"100%\" height=\"450\" allowfullscreen=\"allowfullscreen\"><\/iframe><\/p>\n","protected":false},"excerpt":{"rendered":"<p>Puedes Visitarnos en: Direcci\u00f3n: J.P. Silva #1103, Colonia Formando Hogar, C.P. 91897, Veracruz, Ver. M\u00e9xico. Contacto por Tel\u00e9fono: Celular (WhatsApp): (229)2441153 Contacto por Correo: Para informaci\u00f3n general de su pedido, cotizaciones y aclaraciones con respecto a los productos, favor de enviar correo a la siguiente direcci\u00f3n: contacto@geekbotelectronics.com Si requiere o tiene alg\u00fan problema con su [&hellip;]<\/p>\n","protected":false},"author":11,"featured_media":0,"parent":0,"menu_order":0,"comment_status":"closed","ping_status":"closed","template":"","meta":{"_lmt_disableupdate":"","_lmt_disable":"","footnotes":""},"class_list":["post-25751","page","type-page","status-publish","hentry"],"_links":{"self":[{"href":"https:\/\/itv.geekbotelectronics.com\/index.php\/wp-json\/wp\/v2\/pages\/25751"}],"collection":[{"href":"https:\/\/itv.geekbotelectronics.com\/index.php\/wp-json\/wp\/v2\/pages"}],"about":[{"href":"https:\/\/itv.geekbotelectronics.com\/index.php\/wp-json\/wp\/v2\/types\/page"}],"author":[{"embeddable":true,"href":"https:\/\/itv.geekbotelectronics.com\/index.php\/wp-json\/wp\/v2\/users\/11"}],"replies":[{"embeddable":true,"href":"https:\/\/itv.geekbotelectronics.com\/index.php\/wp-json\/wp\/v2\/comments?post=25751"}],"version-history":[{"count":0,"href":"https:\/\/itv.geekbotelectronics.com\/index.php\/wp-json\/wp\/v2\/pages\/25751\/revisions"}],"wp:attachment":[{"href":"https:\/\/itv.geekbotelectronics.com\/index.php\/wp-json\/wp\/v2\/media?parent=25751"}],"curies":[{"name":"wp","href":"https:\/\/api.w.org\/{rel}","templated":true}]}}