{"id":10929,"date":"2023-10-10T14:30:19","date_gmt":"2023-10-10T20:30:19","guid":{"rendered":"https:\/\/itv.geekbotelectronics.com\/?post_type=product&#038;p=10929"},"modified":"2025-10-29T15:54:22","modified_gmt":"2025-10-29T21:54:22","slug":"modulo-tcrt5000-optico-reflectivo-copia","status":"publish","type":"product","link":"https:\/\/itv.geekbotelectronics.com\/index.php\/product\/modulo-tcrt5000-optico-reflectivo-copia\/","title":{"rendered":"M\u00f3dulo TCRT5000 \u00d3ptico Reflectivo"},"content":{"rendered":"<h4>TCRT5000 Sensor \u00d3ptico Reflectivo<\/h4>\n<p>El TCRT5000<strong>\u00a0<\/strong>es un sensor\u00a0\u00f3ptico\u00a0reflectivo que consta de un emisor de luz infrarroja y un fototransistor. El fototransistor detecta la luz que es reflejada cuando un objeto pasa enfrente del sensor. El\u00a0TCRT5000 dispone de un encapsulado que bloquea la luz, la carcasa de\u00a0pl\u00e1stico\u00a0cuenta con 2 sujetadores en forma de clip para que su montaje sea mas sencillo.<\/p>\n<p><strong>Especificaciones<\/strong><\/p>\n<ul>\n<li>Montaje tradicional Through-Hole<\/li>\n<li>Detector: fototransistor<\/li>\n<li>Corriente m\u00e1xima de colector: 100 mA<\/li>\n<li>Emisor: Diodo IR longitud de onda 950 nm<\/li>\n<li>Dimensiones: 10.2 x 5.8 x 7 mm<\/li>\n<li>Distancia de operaci\u00f3n recomendada: 2.5mm<\/li>\n<li>Filtro para bloqueo de luz de d\u00eda<\/li>\n<li>Aplicaciones como detector de objetos, sensor de proximidad, switch de l\u00ecmite, etc.<\/li>\n<\/ul>\n<p><a href=\"http:\/\/www.geekbotelectronics.com\/wp-content\/uploads\/2014\/07\/tcrt5000.pdf\">DataSheet<\/a><\/p>\n","protected":false},"excerpt":{"rendered":"<p>El TCRT5000 es un sensor \u00f3ptico reflectivo infrarrojo, es ideal para la detecci\u00f3n de lineas en robots de carreras y de sumo, aunque podemos encontrarle utilidad en cualquier otro proyecto electr\u00f3nico que deseemos realizar.<\/p>\n","protected":false},"featured_media":10930,"comment_status":"closed","ping_status":"closed","template":"","meta":{"_lmt_disableupdate":"no","_lmt_disable":""},"product_brand":[],"product_cat":[62],"product_tag":[],"class_list":{"0":"post-10929","1":"product","2":"type-product","3":"status-publish","4":"has-post-thumbnail","6":"product_cat-opticos","8":"first","9":"instock","10":"taxable","11":"shipping-taxable","12":"purchasable","13":"product-type-simple"},"_links":{"self":[{"href":"https:\/\/itv.geekbotelectronics.com\/index.php\/wp-json\/wp\/v2\/product\/10929"}],"collection":[{"href":"https:\/\/itv.geekbotelectronics.com\/index.php\/wp-json\/wp\/v2\/product"}],"about":[{"href":"https:\/\/itv.geekbotelectronics.com\/index.php\/wp-json\/wp\/v2\/types\/product"}],"replies":[{"embeddable":true,"href":"https:\/\/itv.geekbotelectronics.com\/index.php\/wp-json\/wp\/v2\/comments?post=10929"}],"wp:featuredmedia":[{"embeddable":true,"href":"https:\/\/itv.geekbotelectronics.com\/index.php\/wp-json\/wp\/v2\/media\/10930"}],"wp:attachment":[{"href":"https:\/\/itv.geekbotelectronics.com\/index.php\/wp-json\/wp\/v2\/media?parent=10929"}],"wp:term":[{"taxonomy":"product_brand","embeddable":true,"href":"https:\/\/itv.geekbotelectronics.com\/index.php\/wp-json\/wp\/v2\/product_brand?post=10929"},{"taxonomy":"product_cat","embeddable":true,"href":"https:\/\/itv.geekbotelectronics.com\/index.php\/wp-json\/wp\/v2\/product_cat?post=10929"},{"taxonomy":"product_tag","embeddable":true,"href":"https:\/\/itv.geekbotelectronics.com\/index.php\/wp-json\/wp\/v2\/product_tag?post=10929"}],"curies":[{"name":"wp","href":"https:\/\/api.w.org\/{rel}","templated":true}]}}