{"id":11075,"date":"2023-10-16T13:10:35","date_gmt":"2023-10-16T19:10:35","guid":{"rendered":"https:\/\/itv.geekbotelectronics.com\/?post_type=product&#038;p=11075"},"modified":"2025-08-01T14:27:23","modified_gmt":"2025-08-01T20:27:23","slug":"raspberry-pi-pico-w","status":"publish","type":"product","link":"https:\/\/itv.geekbotelectronics.com\/index.php\/product\/raspberry-pi-pico-w\/","title":{"rendered":"Raspberry Pi Pico W"},"content":{"rendered":"<h3>Raspberry Pi Pico W<\/h3>\n<p>La Raspberry Pi Pico W es una tarjeta de desarrollo basada en el microcontrolador RP2040. Ha sido dise\u00f1ado para ser una plataforma de desarrollo flexible pero de bajo costo para RP2040, con una interfaz inal\u00e1mbrica de 2,4 GHz.<\/p>\n<p>La Pico W tiene una interfaz inal\u00e1mbrica integrada de 2,4 GHz que utiliza un Infineon CYW43439. La antena es una antena integrada con licencia de ABRACON. La interfaz inal\u00e1mbrica se conecta v\u00eda SPI al RP2040.<\/p>\n<p>Pueden soldarse pines con separaci\u00f3n de 0.1 pulgada a la Raspberry Pi Pico W para colocarla en una protoboard o en alguna otra tarjeta electr\u00f3nica, o bien puede ser colocada como un m\u00f3dulo de montaje superficial gracias a las muescas que se encuentran en los bordes laterales de la tarjeta. En la parte inferior de la PCB hay pads SMT que conectan al USB y al bot\u00f3n BOOTSEL.<\/p>\n<p>&nbsp;<\/p>\n<h4>Especificaciones:<\/h4>\n<p>&nbsp;<\/p>\n<ul>\n<li>Microcontrolador RP2040 con 2MB de memoria flash<\/li>\n<li>Incluye interfaz wireless de una sola banda 2.4GHz (802.11n)<\/li>\n<li>Conector Micro USB B para alimentar la tarjeta y programarla<\/li>\n<li>PCB estilo DIP de 40 pines de 1 mm de espesor con pines de orificio pasante de 0,1&#8243;<\/li>\n<li>Puerto ARM serial de 3 pines para hacer debug (SWD)<\/li>\n<li>Varias opciones para alimentar f\u00e1cilmente la unidad desde micro USB, suministros externos o bater\u00edas<\/li>\n<li>Voltaje de operaci\u00f3n 3.3 V<\/li>\n<li>26 pines GPIO,\u00a0 23 son digitales y 3 son compatibles con ADC<\/li>\n<li>Dimensiones: 51mm \u00d7 21mm \u00d7 1mm<\/li>\n<\/ul>\n<p><strong><a href=\"https:\/\/geekbotelectronics.com\/wp-content\/uploads\/2023\/10\/Raspberry-Pi-Pico-W-Datasheet.pdf\">Raspberry Pi Pico W Datasheet<\/a><\/strong><\/p>\n","protected":false},"excerpt":{"rendered":"<p>La Raspberry Pi Pico W es una tarjeta de desarrollo basada en el microcontrolador RP2040. Esta tarjeta ha sido dise\u00f1ada para ser flexible.<\/p>\n","protected":false},"featured_media":11076,"comment_status":"open","ping_status":"closed","template":"","meta":{"_lmt_disableupdate":"","_lmt_disable":""},"product_brand":[],"product_cat":[103],"product_tag":[],"class_list":{"0":"post-11075","1":"product","2":"type-product","3":"status-publish","4":"has-post-thumbnail","6":"product_cat-machine-learning-and-ai","8":"first","9":"instock","10":"taxable","11":"shipping-taxable","12":"purchasable","13":"product-type-simple"},"_links":{"self":[{"href":"https:\/\/itv.geekbotelectronics.com\/index.php\/wp-json\/wp\/v2\/product\/11075"}],"collection":[{"href":"https:\/\/itv.geekbotelectronics.com\/index.php\/wp-json\/wp\/v2\/product"}],"about":[{"href":"https:\/\/itv.geekbotelectronics.com\/index.php\/wp-json\/wp\/v2\/types\/product"}],"replies":[{"embeddable":true,"href":"https:\/\/itv.geekbotelectronics.com\/index.php\/wp-json\/wp\/v2\/comments?post=11075"}],"wp:featuredmedia":[{"embeddable":true,"href":"https:\/\/itv.geekbotelectronics.com\/index.php\/wp-json\/wp\/v2\/media\/11076"}],"wp:attachment":[{"href":"https:\/\/itv.geekbotelectronics.com\/index.php\/wp-json\/wp\/v2\/media?parent=11075"}],"wp:term":[{"taxonomy":"product_brand","embeddable":true,"href":"https:\/\/itv.geekbotelectronics.com\/index.php\/wp-json\/wp\/v2\/product_brand?post=11075"},{"taxonomy":"product_cat","embeddable":true,"href":"https:\/\/itv.geekbotelectronics.com\/index.php\/wp-json\/wp\/v2\/product_cat?post=11075"},{"taxonomy":"product_tag","embeddable":true,"href":"https:\/\/itv.geekbotelectronics.com\/index.php\/wp-json\/wp\/v2\/product_tag?post=11075"}],"curies":[{"name":"wp","href":"https:\/\/api.w.org\/{rel}","templated":true}]}}