{"id":11090,"date":"2023-10-16T16:31:14","date_gmt":"2023-10-16T22:31:14","guid":{"rendered":"https:\/\/itv.geekbotelectronics.com\/?post_type=product&#038;p=11090"},"modified":"2025-10-09T09:55:10","modified_gmt":"2025-10-09T15:55:10","slug":"mini-bomba-de-agua-sumergible","status":"publish","type":"product","link":"https:\/\/itv.geekbotelectronics.com\/index.php\/product\/mini-bomba-de-agua-sumergible\/","title":{"rendered":"Mini Bomba de agua sumergible"},"content":{"rendered":"<h3>Mini bomba de agua sumergible<\/h3>\n<p>La mini bomba de agua sumergible es un dispositivo electromec\u00e1nico totalmente sumergible que te permitir\u00e1 tener\u00a0 un flujo de hasta 2 L por minuto (de 70-120L\/h) con un voltaje de funcionamiento de 2,5v a 6v DC, sirve para trabajos y proyectos sencillos que requieran de un caudal,\u00a0 la carcasa est\u00e1 fabricada de termopl\u00e1stico resistente a la erosi\u00f3n provocada por el flu\u00eddo. Es totalmente sumergible.<\/p>\n<h4>Especificaciones:<\/h4>\n<p><span class=\"bullet\"> \u2022\u00a0Voltaje de entrada: 2,5 a 6 V &#8211; \u035e\u035e\u035e- \u035e-<\/span><br \/>\n<span class=\"bullet\"> \u2022\u00a0Corriente: 130 a 220 mA<\/span><br \/>\n<span class=\"bullet\">\u2022\u00a0\u00a0Flujo: 80 \u2013 120 l\/h<\/span><br \/>\n<span class=\"bullet\">\u2022\u00a0\u00a0Potencia: 0,4 a 1,5 W<\/span><br \/>\n<span class=\"bullet\">\u2022\u00a0\u00a0Elevaci\u00f3n: 40 &#8211; 110 cm<\/span><br \/>\n<span class=\"bullet\">\u2022\u00a0\u00a0Tubo conector: OD: 7,5 mm \/ ID: 4,85 mm<\/span><br \/>\n<span class=\"bullet\"> \u2022\u00a0Entrada de agua: Di\u00e1metro de 5 mm<\/span><\/p>\n","protected":false},"excerpt":{"rendered":"<p>Mini bomba de agua sumergible La mini bomba de agua sumergible es un dispositivo electromec\u00e1nico totalmente sumergible que te permitir\u00e1 tener\u00a0 un flujo de hasta 2 L por minuto (de 70-120L\/h) con un voltaje de funcionamiento de 2,5v a 6v DC, sirve para trabajos y proyectos sencillos que requieran de un caudal,\u00a0 la carcasa est\u00e1 [&hellip;]<\/p>\n","protected":false},"featured_media":11091,"comment_status":"open","ping_status":"closed","template":"","meta":{"_lmt_disableupdate":"no","_lmt_disable":""},"product_brand":[],"product_cat":[169],"product_tag":[],"class_list":{"0":"post-11090","1":"product","2":"type-product","3":"status-publish","4":"has-post-thumbnail","6":"product_cat-hidraulica-y-neumatica","8":"first","9":"instock","10":"taxable","11":"shipping-taxable","12":"purchasable","13":"product-type-simple"},"_links":{"self":[{"href":"https:\/\/itv.geekbotelectronics.com\/index.php\/wp-json\/wp\/v2\/product\/11090"}],"collection":[{"href":"https:\/\/itv.geekbotelectronics.com\/index.php\/wp-json\/wp\/v2\/product"}],"about":[{"href":"https:\/\/itv.geekbotelectronics.com\/index.php\/wp-json\/wp\/v2\/types\/product"}],"replies":[{"embeddable":true,"href":"https:\/\/itv.geekbotelectronics.com\/index.php\/wp-json\/wp\/v2\/comments?post=11090"}],"wp:featuredmedia":[{"embeddable":true,"href":"https:\/\/itv.geekbotelectronics.com\/index.php\/wp-json\/wp\/v2\/media\/11091"}],"wp:attachment":[{"href":"https:\/\/itv.geekbotelectronics.com\/index.php\/wp-json\/wp\/v2\/media?parent=11090"}],"wp:term":[{"taxonomy":"product_brand","embeddable":true,"href":"https:\/\/itv.geekbotelectronics.com\/index.php\/wp-json\/wp\/v2\/product_brand?post=11090"},{"taxonomy":"product_cat","embeddable":true,"href":"https:\/\/itv.geekbotelectronics.com\/index.php\/wp-json\/wp\/v2\/product_cat?post=11090"},{"taxonomy":"product_tag","embeddable":true,"href":"https:\/\/itv.geekbotelectronics.com\/index.php\/wp-json\/wp\/v2\/product_tag?post=11090"}],"curies":[{"name":"wp","href":"https:\/\/api.w.org\/{rel}","templated":true}]}}