{"id":11321,"date":"2023-10-25T12:05:04","date_gmt":"2023-10-25T18:05:04","guid":{"rendered":"https:\/\/itv.geekbotelectronics.com\/?post_type=product&#038;p=11321"},"modified":"2025-09-29T10:07:39","modified_gmt":"2025-09-29T16:07:39","slug":"mini-protoboard-170-perforaciones-negra","status":"publish","type":"product","link":"https:\/\/itv.geekbotelectronics.com\/index.php\/product\/mini-protoboard-170-perforaciones-negra\/","title":{"rendered":"Mini Protoboard 170 Perforaciones Negra"},"content":{"rendered":"<h4>Mini Protoboard 170 Perforaciones Negra<\/h4>\n<p><span style=\"color: #000000\">La protoboard 170 perforaciones o placa de pruebas es un tablero con orificios que se encuentran conectados el\u00e9ctricamente entre s\u00ed de manera interna, habitualmente siguiendo patrones de l\u00edneas, en el cual se pueden insertar <a style=\"color: #000000\" title=\"Componente electr\u00f3nico\" href=\"https:\/\/es.wikipedia.org\/wiki\/Componente_electr%C3%B3nico\">componentes electr\u00f3nicos<\/a> y cables para el armado y prototipado de circuitos electr\u00f3nicos y sistemas similares. Est\u00e1 hecho de dos materiales, un aislante, generalmente un pl\u00e1stico, y un conductor que conecta los diversos orificios entre s\u00ed. Uno de sus usos principales es la creaci\u00f3n y comprobaci\u00f3n de prototipos de circuitos electr\u00f3nicos antes de llegar a la impresi\u00f3n mec\u00e1nica del circuito en sistemas de producci\u00f3n comercial.<\/span><\/p>\n<p><span style=\"color: #000000\">Ideal para hobbistas, estudiantes y t\u00e9cnicos del gremio electr\u00f3nico.<\/span><\/p>\n<p><span style=\"color: #000000\"><strong>Especificaciones<\/strong><\/span><\/p>\n<ul>\n<li><span style=\"color: #000000\">Contenido: 1 bloque, 2 tiras y 170 perforaciones<\/span><\/li>\n<li><span style=\"color: #000000\">Dimensiones: 4.5 cm x 3.45 cm x 0.85 cm<\/span><\/li>\n<li><span style=\"color: #000000\">Material: Pl\u00e1stico ABS<\/span><\/li>\n<li><span style=\"color: #000000\">Con ensamble a presi\u00f3n<\/span><\/li>\n<li><span style=\"color: #000000\">Apropiado para cable calibre: 19-29 AWG<\/span><\/li>\n<li><span style=\"color: #000000\">Espaciado est\u00e1ndar de 0.1\u2033<\/span><\/li>\n<\/ul>\n","protected":false},"excerpt":{"rendered":"<h3><\/h3>\n","protected":false},"featured_media":11322,"comment_status":"closed","ping_status":"closed","template":"","meta":{"_lmt_disableupdate":"no","_lmt_disable":""},"product_brand":[],"product_cat":[57],"product_tag":[],"class_list":{"0":"post-11321","1":"product","2":"type-product","3":"status-publish","4":"has-post-thumbnail","6":"product_cat-protoboard","8":"first","9":"instock","10":"taxable","11":"shipping-taxable","12":"purchasable","13":"product-type-simple"},"_links":{"self":[{"href":"https:\/\/itv.geekbotelectronics.com\/index.php\/wp-json\/wp\/v2\/product\/11321"}],"collection":[{"href":"https:\/\/itv.geekbotelectronics.com\/index.php\/wp-json\/wp\/v2\/product"}],"about":[{"href":"https:\/\/itv.geekbotelectronics.com\/index.php\/wp-json\/wp\/v2\/types\/product"}],"replies":[{"embeddable":true,"href":"https:\/\/itv.geekbotelectronics.com\/index.php\/wp-json\/wp\/v2\/comments?post=11321"}],"wp:featuredmedia":[{"embeddable":true,"href":"https:\/\/itv.geekbotelectronics.com\/index.php\/wp-json\/wp\/v2\/media\/11322"}],"wp:attachment":[{"href":"https:\/\/itv.geekbotelectronics.com\/index.php\/wp-json\/wp\/v2\/media?parent=11321"}],"wp:term":[{"taxonomy":"product_brand","embeddable":true,"href":"https:\/\/itv.geekbotelectronics.com\/index.php\/wp-json\/wp\/v2\/product_brand?post=11321"},{"taxonomy":"product_cat","embeddable":true,"href":"https:\/\/itv.geekbotelectronics.com\/index.php\/wp-json\/wp\/v2\/product_cat?post=11321"},{"taxonomy":"product_tag","embeddable":true,"href":"https:\/\/itv.geekbotelectronics.com\/index.php\/wp-json\/wp\/v2\/product_tag?post=11321"}],"curies":[{"name":"wp","href":"https:\/\/api.w.org\/{rel}","templated":true}]}}