{"id":13283,"date":"2024-02-08T18:21:54","date_gmt":"2024-02-09T00:21:54","guid":{"rendered":"https:\/\/itv.geekbotelectronics.com\/?post_type=product&#038;p=13283"},"modified":"2025-10-28T14:53:47","modified_gmt":"2025-10-28T20:53:47","slug":"voltimetro-y-amperimetro-digital-100v-10a","status":"publish","type":"product","link":"https:\/\/itv.geekbotelectronics.com\/index.php\/product\/voltimetro-y-amperimetro-digital-100v-10a\/","title":{"rendered":"Volt\u00edmetro y amper\u00edmetro digital (100V 10A)"},"content":{"rendered":"<h4>Volt\u00edmetro y amper\u00edmetro digital<\/h4>\n<p>Volt\u00edmetro y amper\u00edmetro digital, realiza medici\u00f3n de voltaje y corriente en Corriente Directa (DC), por medio de dos display de una manera r\u00e1pida y sencilla. \u00datil para proyectos que necesiten medir constantemente. Incluye cables para medici\u00f3n de voltaje y corriente.<\/p>\n<h4>Especificaciones<\/h4>\n<ul class=\"bullets\">\n<li class=\"bullet\">Pantalla digital de 3 d\u00edgitos para cada medici\u00f3n<\/li>\n<li class=\"bullet\">Rango Vcc: 0 a 100 Vcc<\/li>\n<li class=\"bullet\">Resoluci\u00f3n Vcc: 0,1 Vcc<\/li>\n<li class=\"bullet\">Rango Icc: 0 a 10 A<\/li>\n<li class=\"bullet\">Resoluci\u00f3n Icc: 100 mA<\/li>\n<li class=\"bullet\">Dise\u00f1o para instalar en tableros y gabinetes<\/li>\n<\/ul>\n","protected":false},"excerpt":{"rendered":"<p>Volt\u00edmetro y amper\u00edmetro digital Volt\u00edmetro y amper\u00edmetro digital, realiza medici\u00f3n de voltaje y corriente en Corriente Directa (DC), por medio de dos display de una manera r\u00e1pida y sencilla. \u00datil para proyectos que necesiten medir constantemente. Incluye cables para medici\u00f3n de voltaje y corriente. Especificaciones Pantalla digital de 3 d\u00edgitos para cada medici\u00f3n Rango Vcc: [&hellip;]<\/p>\n","protected":false},"featured_media":13284,"comment_status":"open","ping_status":"closed","template":"","meta":{"_lmt_disableupdate":"no","_lmt_disable":""},"product_brand":[],"product_cat":[105,48],"product_tag":[],"class_list":{"0":"post-13283","1":"product","2":"type-product","3":"status-publish","4":"has-post-thumbnail","6":"product_cat-medicion","7":"product_cat-visualizadores","9":"first","10":"instock","11":"taxable","12":"shipping-taxable","13":"purchasable","14":"product-type-simple"},"_links":{"self":[{"href":"https:\/\/itv.geekbotelectronics.com\/index.php\/wp-json\/wp\/v2\/product\/13283"}],"collection":[{"href":"https:\/\/itv.geekbotelectronics.com\/index.php\/wp-json\/wp\/v2\/product"}],"about":[{"href":"https:\/\/itv.geekbotelectronics.com\/index.php\/wp-json\/wp\/v2\/types\/product"}],"replies":[{"embeddable":true,"href":"https:\/\/itv.geekbotelectronics.com\/index.php\/wp-json\/wp\/v2\/comments?post=13283"}],"wp:featuredmedia":[{"embeddable":true,"href":"https:\/\/itv.geekbotelectronics.com\/index.php\/wp-json\/wp\/v2\/media\/13284"}],"wp:attachment":[{"href":"https:\/\/itv.geekbotelectronics.com\/index.php\/wp-json\/wp\/v2\/media?parent=13283"}],"wp:term":[{"taxonomy":"product_brand","embeddable":true,"href":"https:\/\/itv.geekbotelectronics.com\/index.php\/wp-json\/wp\/v2\/product_brand?post=13283"},{"taxonomy":"product_cat","embeddable":true,"href":"https:\/\/itv.geekbotelectronics.com\/index.php\/wp-json\/wp\/v2\/product_cat?post=13283"},{"taxonomy":"product_tag","embeddable":true,"href":"https:\/\/itv.geekbotelectronics.com\/index.php\/wp-json\/wp\/v2\/product_tag?post=13283"}],"curies":[{"name":"wp","href":"https:\/\/api.w.org\/{rel}","templated":true}]}}