{"id":13386,"date":"2024-02-12T15:20:03","date_gmt":"2024-02-12T21:20:03","guid":{"rendered":"https:\/\/itv.geekbotelectronics.com\/?post_type=product&#038;p=13386"},"modified":"2025-09-11T14:08:00","modified_gmt":"2025-09-11T20:08:00","slug":"multimetro-digital-xl830","status":"publish","type":"product","link":"https:\/\/itv.geekbotelectronics.com\/index.php\/product\/multimetro-digital-xl830\/","title":{"rendered":"Mult\u00edmetro Digital XL830L"},"content":{"rendered":"<h4>Descripci\u00f3n<\/h4>\n<p>El Mult\u00edmetro digital es excelente para comenzar a aprender a medir voltaje, corriente y resistencia en tus proyectos de la escuela, tambi\u00e9n es adecuado para tenerlo a la mano como herramienta de uso com\u00fan en el hogar.<\/p>\n<p>Este mult\u00edmetro incluye las caracter\u00edsticas esenciales en un instrumento de su tipo y es bastante accesible en cuanto a costo, por lo que nuestro equipo de ingenieros lo recomiendan como un primer instrumento para todos los interesados en la electr\u00f3nica.<\/p>\n<h4>Caracter\u00edsticas:<\/h4>\n<ul>\n<li>Rango de medici\u00f3n de Tensi\u00f3n C.A.: 200 V a 600 V<\/li>\n<li>Rango de medici\u00f3n de Tensi\u00f3n C.C.: 200 mV a 600 V<\/li>\n<li>Rango de medici\u00f3n de Corriente C.C.: 200 mA a 10 A<\/li>\n<li>Rango de medici\u00f3n de Resistencia: 200 Ohms a 2000 KOhms<\/li>\n<li>Incluye puntas de medici\u00f3n y display mostrador de valores<\/li>\n<\/ul>\n","protected":false},"excerpt":{"rendered":"<p>Descripci\u00f3n El Mult\u00edmetro digital es excelente para comenzar a aprender a medir voltaje, corriente y resistencia en tus proyectos de la escuela, tambi\u00e9n es adecuado para tenerlo a la mano como herramienta de uso com\u00fan en el hogar. Este mult\u00edmetro incluye las caracter\u00edsticas esenciales en un instrumento de su tipo y es bastante accesible en [&hellip;]<\/p>\n","protected":false},"featured_media":13387,"comment_status":"closed","ping_status":"closed","template":"","meta":{"_lmt_disableupdate":"no","_lmt_disable":""},"product_brand":[],"product_cat":[105],"product_tag":[155],"class_list":{"0":"post-13386","1":"product","2":"type-product","3":"status-publish","4":"has-post-thumbnail","6":"product_cat-medicion","7":"product_tag-truper","9":"first","10":"instock","11":"taxable","12":"shipping-taxable","13":"purchasable","14":"product-type-simple"},"_links":{"self":[{"href":"https:\/\/itv.geekbotelectronics.com\/index.php\/wp-json\/wp\/v2\/product\/13386"}],"collection":[{"href":"https:\/\/itv.geekbotelectronics.com\/index.php\/wp-json\/wp\/v2\/product"}],"about":[{"href":"https:\/\/itv.geekbotelectronics.com\/index.php\/wp-json\/wp\/v2\/types\/product"}],"replies":[{"embeddable":true,"href":"https:\/\/itv.geekbotelectronics.com\/index.php\/wp-json\/wp\/v2\/comments?post=13386"}],"wp:featuredmedia":[{"embeddable":true,"href":"https:\/\/itv.geekbotelectronics.com\/index.php\/wp-json\/wp\/v2\/media\/13387"}],"wp:attachment":[{"href":"https:\/\/itv.geekbotelectronics.com\/index.php\/wp-json\/wp\/v2\/media?parent=13386"}],"wp:term":[{"taxonomy":"product_brand","embeddable":true,"href":"https:\/\/itv.geekbotelectronics.com\/index.php\/wp-json\/wp\/v2\/product_brand?post=13386"},{"taxonomy":"product_cat","embeddable":true,"href":"https:\/\/itv.geekbotelectronics.com\/index.php\/wp-json\/wp\/v2\/product_cat?post=13386"},{"taxonomy":"product_tag","embeddable":true,"href":"https:\/\/itv.geekbotelectronics.com\/index.php\/wp-json\/wp\/v2\/product_tag?post=13386"}],"curies":[{"name":"wp","href":"https:\/\/api.w.org\/{rel}","templated":true}]}}