{"id":13396,"date":"2024-02-12T17:28:25","date_gmt":"2024-02-12T23:28:25","guid":{"rendered":"https:\/\/itv.geekbotelectronics.com\/?post_type=product&#038;p=13396"},"modified":"2025-03-05T14:48:30","modified_gmt":"2025-03-05T20:48:30","slug":"shield-multifuncion-para-arduino","status":"publish","type":"product","link":"https:\/\/itv.geekbotelectronics.com\/index.php\/product\/shield-multifuncion-para-arduino\/","title":{"rendered":"Shield Multifunci\u00f3n para Arduino"},"content":{"rendered":"<p>Shield multifunci\u00f3n para Arduino, cuenta con una amplia variedad de sensores, salidas y conectores. Adecuado para la educaci\u00f3n y experimentos en Arduino. El shield proporciona una configuraci\u00f3n mucho m\u00e1s compacta que conectar cada sensor con cables en una placa de pruebas.<\/p>\n<p>ESPECIFICACIONES:<\/p>\n<p>* Potenci\u00f3metro giratorio (A0)<br \/>\n* Sensor de luz \/ LDR (A1)<br \/>\n* Sensor de temperatura LM35 (A2)<br \/>\n* Conector para sensor anal\u00f3gico externo (A3)<br \/>\n* Conector para UART (TX \/ RX)<br \/>\n* Botones (D2 \/ D3)<br \/>\n* Sensor digital de humedad y temperatura DHT11 (D4)<br \/>\n* Altavoz piezoel\u00e9ctrico (D5)<br \/>\n* Sensor IR de 38 kHz (D6)<br \/>\n* Conectores para sensores digitales externos (D7 \/ D8)<br \/>\n* LED RGB (D9 \/ D10 \/ D11)<br \/>\n* LED ( D12 \/ D13)<br \/>\n* Conector para I2C (SDA \/ SCL)<br \/>\n* Bot\u00f3n de reinicio para Arduino<\/p>\n","protected":false},"excerpt":{"rendered":"<p>Shield multifunci\u00f3n para Arduino, cuenta con una amplia variedad de sensores, salidas y conectores. Adecuado para la educaci\u00f3n y experimentos en Arduino. El shield proporciona una configuraci\u00f3n mucho m\u00e1s compacta que conectar cada sensor con cables en una placa de pruebas. ESPECIFICACIONES: * Potenci\u00f3metro giratorio (A0) * Sensor de luz \/ LDR (A1) * Sensor [&hellip;]<\/p>\n","protected":false},"featured_media":13397,"comment_status":"open","ping_status":"closed","template":"","meta":{"_lmt_disableupdate":"no","_lmt_disable":""},"product_brand":[],"product_cat":[68,30,25,59],"product_tag":[],"class_list":{"0":"post-13396","1":"product","2":"type-product","3":"status-publish","4":"has-post-thumbnail","6":"product_cat-ambientales","7":"product_cat-microcontroladores","8":"product_cat-modulos","9":"product_cat-sensores","11":"first","12":"instock","13":"taxable","14":"shipping-taxable","15":"purchasable","16":"product-type-simple"},"_links":{"self":[{"href":"https:\/\/itv.geekbotelectronics.com\/index.php\/wp-json\/wp\/v2\/product\/13396"}],"collection":[{"href":"https:\/\/itv.geekbotelectronics.com\/index.php\/wp-json\/wp\/v2\/product"}],"about":[{"href":"https:\/\/itv.geekbotelectronics.com\/index.php\/wp-json\/wp\/v2\/types\/product"}],"replies":[{"embeddable":true,"href":"https:\/\/itv.geekbotelectronics.com\/index.php\/wp-json\/wp\/v2\/comments?post=13396"}],"wp:featuredmedia":[{"embeddable":true,"href":"https:\/\/itv.geekbotelectronics.com\/index.php\/wp-json\/wp\/v2\/media\/13397"}],"wp:attachment":[{"href":"https:\/\/itv.geekbotelectronics.com\/index.php\/wp-json\/wp\/v2\/media?parent=13396"}],"wp:term":[{"taxonomy":"product_brand","embeddable":true,"href":"https:\/\/itv.geekbotelectronics.com\/index.php\/wp-json\/wp\/v2\/product_brand?post=13396"},{"taxonomy":"product_cat","embeddable":true,"href":"https:\/\/itv.geekbotelectronics.com\/index.php\/wp-json\/wp\/v2\/product_cat?post=13396"},{"taxonomy":"product_tag","embeddable":true,"href":"https:\/\/itv.geekbotelectronics.com\/index.php\/wp-json\/wp\/v2\/product_tag?post=13396"}],"curies":[{"name":"wp","href":"https:\/\/api.w.org\/{rel}","templated":true}]}}