{"id":13797,"date":"2024-02-22T10:25:52","date_gmt":"2024-02-22T16:25:52","guid":{"rendered":"https:\/\/itv.geekbotelectronics.com\/?post_type=product&#038;p=13797"},"modified":"2025-08-01T14:28:57","modified_gmt":"2025-08-01T20:28:57","slug":"punta-de-prueba-con-banana","status":"publish","type":"product","link":"https:\/\/itv.geekbotelectronics.com\/index.php\/product\/punta-de-prueba-con-banana\/","title":{"rendered":"Punta de prueba con banana"},"content":{"rendered":"<ul>\n<li>Las puntas de prueba con banana son ideales para conectar a fuentes de alimentaci\u00f3n u osciloscopios.<\/li>\n<li>Las pinzas de gancho permiten agarrarlas a componentes en una placa de prototipo f\u00e1cilmente por ejemplo, para conectar la alimentaci\u00f3n.<\/li>\n<li><span class=\"a-list-item\">Es muy pr\u00e1ctico para comprobar circuitos en dise\u00f1os experimentales.<\/span><\/li>\n<li><span class=\"a-list-item\">Los cables son muy flexibles y los conectores funcionan bien.<\/span><\/li>\n<li><span class=\"a-list-item\">Ideal para utilizar en laboratorios, talleres de mantenimiento, escuelas, hogares e industrias.<\/span><\/li>\n<li>Pareja de cables rojo y negro.<\/li>\n<\/ul>\n","protected":false},"excerpt":{"rendered":"<p>Las puntas de prueba con banana son ideales para conectar a fuentes de alimentaci\u00f3n u osciloscopios. Las pinzas de gancho permiten agarrarlas a componentes en una placa de prototipo f\u00e1cilmente por ejemplo, para conectar la alimentaci\u00f3n. Es muy pr\u00e1ctico para comprobar circuitos en dise\u00f1os experimentales. Los cables son muy flexibles y los conectores funcionan bien. [&hellip;]<\/p>\n","protected":false},"featured_media":13801,"comment_status":"open","ping_status":"closed","template":"","meta":{"_lmt_disableupdate":"no","_lmt_disable":""},"product_brand":[],"product_cat":[102,90],"product_tag":[],"class_list":{"0":"post-13797","1":"product","2":"type-product","3":"status-publish","4":"has-post-thumbnail","6":"product_cat-cables-varios","7":"product_cat-plugs-y-jacks","9":"first","10":"outofstock","11":"taxable","12":"shipping-taxable","13":"purchasable","14":"product-type-simple"},"_links":{"self":[{"href":"https:\/\/itv.geekbotelectronics.com\/index.php\/wp-json\/wp\/v2\/product\/13797"}],"collection":[{"href":"https:\/\/itv.geekbotelectronics.com\/index.php\/wp-json\/wp\/v2\/product"}],"about":[{"href":"https:\/\/itv.geekbotelectronics.com\/index.php\/wp-json\/wp\/v2\/types\/product"}],"replies":[{"embeddable":true,"href":"https:\/\/itv.geekbotelectronics.com\/index.php\/wp-json\/wp\/v2\/comments?post=13797"}],"wp:featuredmedia":[{"embeddable":true,"href":"https:\/\/itv.geekbotelectronics.com\/index.php\/wp-json\/wp\/v2\/media\/13801"}],"wp:attachment":[{"href":"https:\/\/itv.geekbotelectronics.com\/index.php\/wp-json\/wp\/v2\/media?parent=13797"}],"wp:term":[{"taxonomy":"product_brand","embeddable":true,"href":"https:\/\/itv.geekbotelectronics.com\/index.php\/wp-json\/wp\/v2\/product_brand?post=13797"},{"taxonomy":"product_cat","embeddable":true,"href":"https:\/\/itv.geekbotelectronics.com\/index.php\/wp-json\/wp\/v2\/product_cat?post=13797"},{"taxonomy":"product_tag","embeddable":true,"href":"https:\/\/itv.geekbotelectronics.com\/index.php\/wp-json\/wp\/v2\/product_tag?post=13797"}],"curies":[{"name":"wp","href":"https:\/\/api.w.org\/{rel}","templated":true}]}}