{"id":13982,"date":"2024-02-27T15:59:54","date_gmt":"2024-02-27T21:59:54","guid":{"rendered":"https:\/\/itv.geekbotelectronics.com\/?post_type=product&#038;p=13982"},"modified":"2024-06-03T11:36:22","modified_gmt":"2024-06-03T17:36:22","slug":"micro-motorreductor-1000-rpm-con-llanta-y-sujetador","status":"publish","type":"product","link":"https:\/\/itv.geekbotelectronics.com\/index.php\/product\/micro-motorreductor-1000-rpm-con-llanta-y-sujetador\/","title":{"rendered":"Micro Motorreductor 1000 RPM con Llanta Y Sujetador"},"content":{"rendered":"<p>El Micro motorreductor de 1000 RPM integra un motor DC y una caja reductora (30:1) con engranajes de metal, lo que permite entregar torque medio y una excelente velocidad.<\/p>\n<p>Estos motorreductores est\u00e1n disponibles en una amplia variedad de cajas de reducci\u00f3n y torques, que comparten el mismo formato f\u00edsico (dimensiones).\u00a0 Esto facilita intercambiar los motores de acuerdo a cada situaci\u00f3n, aun cuando ya se encuentran montados en su aplicaci\u00f3n final. Por ejemplo, en una competencia de rob\u00f3tica podemos cambiar para favorecer la velocidad o el torque f\u00e1cilmente.<\/p>\n<p>El Micro Motorreductor Met\u00e1lico puede ser utilizado en proyectos de rob\u00f3tica y mecatr\u00f3nica. Principalmente utilizan para realizar robots para competencias como seguidores de l\u00edneas, robots de laberinto y zumo. En nuestro cat\u00e1logo encontrar\u00e1s otros accesorios y productos para estos motores que te permitir\u00e1n realizar tus proyectos de rob\u00f3tica f\u00e1cilmente.<\/p>\n<p>Est\u00e1n dise\u00f1ados para trabajar con un voltaje nominal de 6 volts aunque se ha comprobado que pueden funcionar en un rango de 3 -9 Volts. No se recomienda usar estos motores con voltajes menores o mayores ya que puede no resultar pr\u00e1ctico o afectar la vida \u00fatil del motor.<\/p>\n<p>CARACTERISTICAS:<\/p>\n<ul>\n<li>Motorreductor miniatura con engranajes met\u00e1licos<\/li>\n<li>Secci\u00f3n transversal de solamente 10\u00d712 mm<\/li>\n<li>Eje de salida en \u201cD\u201d de 9 mm de longitud y 3mm de di\u00e1metro<\/li>\n<li>Especificados para voltaje de operaci\u00f3n de 6V<\/li>\n<li>Disponibles accesorios como soportes, encoders y llantas<\/li>\n<li>Para conocer el toque, raz\u00f3n de reducci\u00f3n, corriente y par\u00e1metros de operaci\u00f3n consultar la hoja de datos<\/li>\n<li>Los motores con RPM mayores presentan alta velocidad y poco torque.<\/li>\n<li>Los motores con RPM menores presentan baja velocidad y torque elevado.<\/li>\n<\/ul>\n<p>ESPECIFICACIONES MICRO MOTORREDUCTOR:<\/p>\n<ul>\n<li>Voltaje de Operaci\u00f3n nominal: 6V DC<\/li>\n<li>Consumo de corriente sin carga: 40mA<\/li>\n<li>Consumo de corriente nominal: 100mA<\/li>\n<li>Consumo de corriente eje detenido: 0.16A (Pico)<\/li>\n<li>Corriente Pico: 0.16A<\/li>\n<li>Velocidad Angular nominal: 1000 RPM<\/li>\n<li>Reducci\u00f3n: 30:1<\/li>\n<li>Torque Pico: 0.4 Kg-cm<\/li>\n<li>Eje de salida: 3mm di\u00e1metro y 10mm largo<\/li>\n<li>Dimensiones: 24 x 10 x 12 mm<\/li>\n<li>Peso: 10g<\/li>\n<\/ul>\n<p>ESPECIFICACIONES SOPORTE:<\/p>\n<ul>\n<li>Material: Pl\u00e1stico ABS<\/li>\n<li>Color: Blanco<\/li>\n<li>Especial para motor N20<\/li>\n<li>Peso: 10 gramos<\/li>\n<li>Altura: 11.5 mm<\/li>\n<li>Anchura: 25 mm<\/li>\n<li>Di\u00e1metro de abertura: 2 mm<\/li>\n<\/ul>\n<p>ESPECIFICACIONES LLANTA 43MM:<\/p>\n<ul>\n<li>Dimensiones 43mm x 19mm x 3mm (Rueda, Ancho y Agujero)<\/li>\n<li>Eje: Tipo\u00a0 D 3 mm para micro motorreductor N20<\/li>\n<li>Material: Pl\u00e1stico de ingenier\u00eda ABS\u00a0 y Goma<\/li>\n<li>Ensamble: A presi\u00f3n<\/li>\n<li>Color del rin: Blanco<\/li>\n<li>Peso: 19 g<\/li>\n<\/ul>\n<p>EL KIT INCLUYE:<\/p>\n<ul>\n<li>Micromotorreductor Metal N20 6v 1000RPM<\/li>\n<li>Llanta 43mm<\/li>\n<li>Soporte de pl\u00e1stico<\/li>\n<li>2 Tornillos M2 x 7mm<\/li>\n<li>2 Tuercas M2<\/li>\n<\/ul>\n","protected":false},"excerpt":{"rendered":"<p>El Micro motorreductor de 1000 RPM integra un motor DC y una caja reductora (30:1) con engranajes de metal, lo que permite entregar torque medio y una excelente velocidad. Estos motorreductores est\u00e1n disponibles en una amplia variedad de cajas de reducci\u00f3n y torques, que comparten el mismo formato f\u00edsico (dimensiones).\u00a0 Esto facilita intercambiar los motores [&hellip;]<\/p>\n","protected":false},"featured_media":13986,"comment_status":"open","ping_status":"closed","template":"","meta":{"_lmt_disableupdate":"no","_lmt_disable":""},"product_brand":[],"product_cat":[54,58,131],"product_tag":[],"class_list":{"0":"post-13982","1":"product","2":"type-product","3":"status-publish","4":"has-post-thumbnail","6":"product_cat-motores-reductores","7":"product_cat-ruedas","8":"product_cat-soportes","10":"first","11":"outofstock","12":"taxable","13":"shipping-taxable","14":"purchasable","15":"product-type-simple"},"_links":{"self":[{"href":"https:\/\/itv.geekbotelectronics.com\/index.php\/wp-json\/wp\/v2\/product\/13982"}],"collection":[{"href":"https:\/\/itv.geekbotelectronics.com\/index.php\/wp-json\/wp\/v2\/product"}],"about":[{"href":"https:\/\/itv.geekbotelectronics.com\/index.php\/wp-json\/wp\/v2\/types\/product"}],"replies":[{"embeddable":true,"href":"https:\/\/itv.geekbotelectronics.com\/index.php\/wp-json\/wp\/v2\/comments?post=13982"}],"wp:featuredmedia":[{"embeddable":true,"href":"https:\/\/itv.geekbotelectronics.com\/index.php\/wp-json\/wp\/v2\/media\/13986"}],"wp:attachment":[{"href":"https:\/\/itv.geekbotelectronics.com\/index.php\/wp-json\/wp\/v2\/media?parent=13982"}],"wp:term":[{"taxonomy":"product_brand","embeddable":true,"href":"https:\/\/itv.geekbotelectronics.com\/index.php\/wp-json\/wp\/v2\/product_brand?post=13982"},{"taxonomy":"product_cat","embeddable":true,"href":"https:\/\/itv.geekbotelectronics.com\/index.php\/wp-json\/wp\/v2\/product_cat?post=13982"},{"taxonomy":"product_tag","embeddable":true,"href":"https:\/\/itv.geekbotelectronics.com\/index.php\/wp-json\/wp\/v2\/product_tag?post=13982"}],"curies":[{"name":"wp","href":"https:\/\/api.w.org\/{rel}","templated":true}]}}