{"id":14023,"date":"2024-02-28T17:06:19","date_gmt":"2024-02-28T23:06:19","guid":{"rendered":"https:\/\/itv.geekbotelectronics.com\/?post_type=product&#038;p=14023"},"modified":"2025-10-28T13:21:52","modified_gmt":"2025-10-28T19:21:52","slug":"conector-de-cable-tipo-wago-pct-412","status":"publish","type":"product","link":"https:\/\/itv.geekbotelectronics.com\/index.php\/product\/conector-de-cable-tipo-wago-pct-412\/","title":{"rendered":"Conector de cable tipo Wago PCT-412"},"content":{"rendered":"<p>Los conectores de cable para instalaciones el\u00e9ctricas permiten que los cables s\u00f3lidos, trenzados y de filamentos finos se conecten de manera m\u00e1s r\u00e1pida y confiable, al tiempo que se minimiza la cantidad de espacio en las cajas de conexiones.<\/p>\n<p>La carcasa transparente permite la inspecci\u00f3n visual del cableado correcto. Tambi\u00e9n hay puertos de prueba en la parte delantera y trasera del conector.<\/p>\n<ul>\n<li>Conductores s\u00f3lidos y trenzados: 0.2-4mm2, Conductor trenzado fino 0.14- 4mm2<\/li>\n<li>Numero de puntos de conexi\u00f3n: 2<\/li>\n<li>Corriente nominal de: 32A<\/li>\n<li>Voltaje nominal: 450V<\/li>\n<li>Direcci\u00f3n del cableado: conexi\u00f3n lateral.<\/li>\n<li>A: 13.2mm x H: 8.4mm x L: 18.8mm<\/li>\n<li>Temperatura ambiente: 85\u00b0C<\/li>\n<li>Longitud de pelado: 11 mm<\/li>\n<li>Material de aislamiento: Policarbonato<\/li>\n<li>Color: transparente con palancas naranja<\/li>\n<li>Entrada lateral de cableado<\/li>\n<li>Tipo de accionamiento: Palanca<\/li>\n<\/ul>\n<p><strong>M\u00e9todo de cableado:<\/strong><\/p>\n<p>Tira el aislamiento del conductor \u00fanico y el cable.<br \/>\nPresiona la barra con el pulgar para subir y abrir la caja de resorte.<br \/>\nInserta el cable en la funda de resorte.<br \/>\nPresiona la palanca de presi\u00f3n naranja y el cable se sujeta autom\u00e1ticamente.<\/p>\n<p><strong>M\u00e9todo de extracci\u00f3n de cables:<\/strong><br \/>\nPuedes quitar el cable presionando la barra con el pulgar para moverlo.<\/p>\n<p><strong>Aplicaciones<\/strong><\/p>\n<p>Industrial, Comunicaciones y Red, Iluminaci\u00f3n, Seguridad, Se\u00f1alizaci\u00f3n, HVAC.<\/p>\n","protected":false},"excerpt":{"rendered":"<p>Los conectores de cable para instalaciones el\u00e9ctricas permiten que los cables s\u00f3lidos, trenzados y de filamentos finos se conecten de manera m\u00e1s r\u00e1pida y confiable, al tiempo que se minimiza la cantidad de espacio en las cajas de conexiones. La carcasa transparente permite la inspecci\u00f3n visual del cableado correcto. Tambi\u00e9n hay puertos de prueba en [&hellip;]<\/p>\n","protected":false},"featured_media":14024,"comment_status":"open","ping_status":"closed","template":"","meta":{"_lmt_disableupdate":"","_lmt_disable":""},"product_brand":[],"product_cat":[102,118],"product_tag":[],"class_list":{"0":"post-14023","1":"product","2":"type-product","3":"status-publish","4":"has-post-thumbnail","6":"product_cat-cables-varios","7":"product_cat-terminales-electricas","9":"first","10":"instock","11":"taxable","12":"shipping-taxable","13":"purchasable","14":"product-type-simple"},"_links":{"self":[{"href":"https:\/\/itv.geekbotelectronics.com\/index.php\/wp-json\/wp\/v2\/product\/14023"}],"collection":[{"href":"https:\/\/itv.geekbotelectronics.com\/index.php\/wp-json\/wp\/v2\/product"}],"about":[{"href":"https:\/\/itv.geekbotelectronics.com\/index.php\/wp-json\/wp\/v2\/types\/product"}],"replies":[{"embeddable":true,"href":"https:\/\/itv.geekbotelectronics.com\/index.php\/wp-json\/wp\/v2\/comments?post=14023"}],"wp:featuredmedia":[{"embeddable":true,"href":"https:\/\/itv.geekbotelectronics.com\/index.php\/wp-json\/wp\/v2\/media\/14024"}],"wp:attachment":[{"href":"https:\/\/itv.geekbotelectronics.com\/index.php\/wp-json\/wp\/v2\/media?parent=14023"}],"wp:term":[{"taxonomy":"product_brand","embeddable":true,"href":"https:\/\/itv.geekbotelectronics.com\/index.php\/wp-json\/wp\/v2\/product_brand?post=14023"},{"taxonomy":"product_cat","embeddable":true,"href":"https:\/\/itv.geekbotelectronics.com\/index.php\/wp-json\/wp\/v2\/product_cat?post=14023"},{"taxonomy":"product_tag","embeddable":true,"href":"https:\/\/itv.geekbotelectronics.com\/index.php\/wp-json\/wp\/v2\/product_tag?post=14023"}],"curies":[{"name":"wp","href":"https:\/\/api.w.org\/{rel}","templated":true}]}}