{"id":14235,"date":"2024-03-06T10:40:27","date_gmt":"2024-03-06T16:40:27","guid":{"rendered":"https:\/\/itv.geekbotelectronics.com\/?post_type=product&#038;p=14235"},"modified":"2025-03-05T14:47:20","modified_gmt":"2025-03-05T20:47:20","slug":"shield-data-logger-sd-para-arduino","status":"publish","type":"product","link":"https:\/\/itv.geekbotelectronics.com\/index.php\/product\/shield-data-logger-sd-para-arduino\/","title":{"rendered":"Shield Data Logger SD para Arduino"},"content":{"rendered":"<p>El shield data logger provee una excelente plataforma para armar equipos de registro de datos con Arduino. Con este equipo puedes almacenar la fecha, hora y magnitud en una tarjeta SD para despu\u00e9s descargar los datos c\u00f3modamente a una PC.<\/p>\n<p>El shield data logger tiene un dise\u00f1o confiable, completo y vers\u00e1til. Se puede ampliar o modificar f\u00e1cilmente y est\u00e1 bien respaldado con documentaci\u00f3n y bibliotecas en l\u00ednea.<\/p>\n<h3>Caracter\u00edsticas del Shield data logger para Arduino:<\/h3>\n<ul>\n<li>Circuito de interfaz con tarjeta SD con convertidor de niveles de 3.3V.<\/li>\n<li>Soporte para sistema de archivos FAT16 o FAT32.<\/li>\n<li>Reloj en tiempo real mantiene el tiempo actual a\u00fan con la alimentaci\u00f3n desconectada durante a\u00f1os.<\/li>\n<li>Librer\u00edas disponibles para el RTC (reloj en tiempo real) y tarjeta SD para empezar a desarrollar r\u00e1pidamente.<\/li>\n<li>\u00c1rea de prototipos para soldar conectores, circuitos anal\u00f3gicos o sensores.<\/li>\n<li>Regulador de voltaje de 3.3 volts incluido para la tarjeta SD.<\/li>\n<li>Funciona con: Arduino UNO, Duemilanove, Leonardo, Mega, etc.<\/li>\n<li class=\"lastItem\">Utiliza bater\u00eda CR1220\u00a0\u00a0(No Incluye Bater\u00eda).<\/li>\n<\/ul>\n","protected":false},"excerpt":{"rendered":"<p>El shield data logger provee una excelente plataforma para armar equipos de registro de datos con Arduino. Con este equipo puedes almacenar la fecha, hora y magnitud en una tarjeta SD para despu\u00e9s descargar los datos c\u00f3modamente a una PC. El shield data logger tiene un dise\u00f1o confiable, completo y vers\u00e1til. Se puede ampliar o [&hellip;]<\/p>\n","protected":false},"featured_media":14236,"comment_status":"open","ping_status":"closed","template":"","meta":{"_lmt_disableupdate":"no","_lmt_disable":""},"product_brand":[],"product_cat":[30,25],"product_tag":[],"class_list":{"0":"post-14235","1":"product","2":"type-product","3":"status-publish","4":"has-post-thumbnail","6":"product_cat-microcontroladores","7":"product_cat-modulos","9":"first","10":"instock","11":"taxable","12":"shipping-taxable","13":"purchasable","14":"product-type-simple"},"_links":{"self":[{"href":"https:\/\/itv.geekbotelectronics.com\/index.php\/wp-json\/wp\/v2\/product\/14235"}],"collection":[{"href":"https:\/\/itv.geekbotelectronics.com\/index.php\/wp-json\/wp\/v2\/product"}],"about":[{"href":"https:\/\/itv.geekbotelectronics.com\/index.php\/wp-json\/wp\/v2\/types\/product"}],"replies":[{"embeddable":true,"href":"https:\/\/itv.geekbotelectronics.com\/index.php\/wp-json\/wp\/v2\/comments?post=14235"}],"wp:featuredmedia":[{"embeddable":true,"href":"https:\/\/itv.geekbotelectronics.com\/index.php\/wp-json\/wp\/v2\/media\/14236"}],"wp:attachment":[{"href":"https:\/\/itv.geekbotelectronics.com\/index.php\/wp-json\/wp\/v2\/media?parent=14235"}],"wp:term":[{"taxonomy":"product_brand","embeddable":true,"href":"https:\/\/itv.geekbotelectronics.com\/index.php\/wp-json\/wp\/v2\/product_brand?post=14235"},{"taxonomy":"product_cat","embeddable":true,"href":"https:\/\/itv.geekbotelectronics.com\/index.php\/wp-json\/wp\/v2\/product_cat?post=14235"},{"taxonomy":"product_tag","embeddable":true,"href":"https:\/\/itv.geekbotelectronics.com\/index.php\/wp-json\/wp\/v2\/product_tag?post=14235"}],"curies":[{"name":"wp","href":"https:\/\/api.w.org\/{rel}","templated":true}]}}