{"id":14249,"date":"2024-03-06T13:14:25","date_gmt":"2024-03-06T19:14:25","guid":{"rendered":"https:\/\/itv.geekbotelectronics.com\/?post_type=product&#038;p=14249"},"modified":"2025-03-05T14:46:45","modified_gmt":"2025-03-05T20:46:45","slug":"shield-de-4-relevadores-para-arduino","status":"publish","type":"product","link":"https:\/\/itv.geekbotelectronics.com\/index.php\/product\/shield-de-4-relevadores-para-arduino\/","title":{"rendered":"Shield de 4 Relevadores para Arduino"},"content":{"rendered":"<p>El Shield de 4 Relevadores para Arduino es una soluci\u00f3n para controlar cargas de alta potencia que no pueden ser controladas con los IOs de Arduino, debido al l\u00edmite de corriente y voltaje del microcontrolador.<\/p>\n<p>El shield est\u00e1 construido con una etapa de Amplificaci\u00f3n de la se\u00f1al de disparo, lo cual le permite funcionar con se\u00f1ales peque\u00f1as en corriente.<\/p>\n<p>La placa est\u00e1 dise\u00f1ada para ser montada en las Placas Arduino UNO, LEONARDO y MEGA directamente sin necesidad de conexiones adicionales.<\/p>\n<p>La Salida de cada relevador consta de 3 terminales un com\u00fan (COM) un Normalmente Abierto (NO) y un Normalmente Cerrado (NC) que pueden controlar cargas de hasta 3A.<\/p>\n<h4>Caracter\u00edsticas:<\/h4>\n<ul>\n<li>Voltaje de Operaci\u00f3n 5V.<\/li>\n<li>4 indicadores LED que muestran el estado de on\/off de cada relevador.<\/li>\n<li>Consumo de corriente de la bobina 140 mA (con todos los relevadores encendidos, aprox. 35 mA cada uno)<\/li>\n<li>Carga m\u00e1xima individual por polo de contacto 30 V DC 3A<\/li>\n<\/ul>\n<p>IMPORTANTE:<br \/>\nPor favor, cubra el conector USB de la placa Arduino con cinta de aislar o cualquier otro recubrimiento no conductor, para evitar que toque las terminales y se genere un cortocircuito.<\/p>\n","protected":false},"excerpt":{"rendered":"<p>El Shield de 4 Relevadores para Arduino es una soluci\u00f3n para controlar cargas de alta potencia que no pueden ser controladas con los IOs de Arduino, debido al l\u00edmite de corriente y voltaje del microcontrolador. El shield est\u00e1 construido con una etapa de Amplificaci\u00f3n de la se\u00f1al de disparo, lo cual le permite funcionar con [&hellip;]<\/p>\n","protected":false},"featured_media":14250,"comment_status":"open","ping_status":"closed","template":"","meta":{"_lmt_disableupdate":"no","_lmt_disable":""},"product_brand":[],"product_cat":[30,25,88],"product_tag":[],"class_list":{"0":"post-14249","1":"product","2":"type-product","3":"status-publish","4":"has-post-thumbnail","6":"product_cat-microcontroladores","7":"product_cat-modulos","8":"product_cat-relay","10":"first","11":"instock","12":"taxable","13":"shipping-taxable","14":"purchasable","15":"product-type-simple"},"_links":{"self":[{"href":"https:\/\/itv.geekbotelectronics.com\/index.php\/wp-json\/wp\/v2\/product\/14249"}],"collection":[{"href":"https:\/\/itv.geekbotelectronics.com\/index.php\/wp-json\/wp\/v2\/product"}],"about":[{"href":"https:\/\/itv.geekbotelectronics.com\/index.php\/wp-json\/wp\/v2\/types\/product"}],"replies":[{"embeddable":true,"href":"https:\/\/itv.geekbotelectronics.com\/index.php\/wp-json\/wp\/v2\/comments?post=14249"}],"wp:featuredmedia":[{"embeddable":true,"href":"https:\/\/itv.geekbotelectronics.com\/index.php\/wp-json\/wp\/v2\/media\/14250"}],"wp:attachment":[{"href":"https:\/\/itv.geekbotelectronics.com\/index.php\/wp-json\/wp\/v2\/media?parent=14249"}],"wp:term":[{"taxonomy":"product_brand","embeddable":true,"href":"https:\/\/itv.geekbotelectronics.com\/index.php\/wp-json\/wp\/v2\/product_brand?post=14249"},{"taxonomy":"product_cat","embeddable":true,"href":"https:\/\/itv.geekbotelectronics.com\/index.php\/wp-json\/wp\/v2\/product_cat?post=14249"},{"taxonomy":"product_tag","embeddable":true,"href":"https:\/\/itv.geekbotelectronics.com\/index.php\/wp-json\/wp\/v2\/product_tag?post=14249"}],"curies":[{"name":"wp","href":"https:\/\/api.w.org\/{rel}","templated":true}]}}