{"id":14279,"date":"2024-03-07T09:42:21","date_gmt":"2024-03-07T15:42:21","guid":{"rendered":"https:\/\/itv.geekbotelectronics.com\/?post_type=product&#038;p=14279"},"modified":"2025-03-05T14:44:24","modified_gmt":"2025-03-05T20:44:24","slug":"multicontacto-6-entradas","status":"publish","type":"product","link":"https:\/\/itv.geekbotelectronics.com\/index.php\/product\/multicontacto-6-entradas\/","title":{"rendered":"Multicontacto 6 entradas"},"content":{"rendered":"<h4>ESPECIFICACIONES<\/h4>\n<p>N\u00famero de contactos 6<br \/>\nCalibre 16 AWG<br \/>\nLongitud de cable 20 cm<br \/>\nTensi\u00f3n de alimentaci\u00f3n 125 V<br \/>\nFrecuencia de operaci\u00f3n 60 Hz<br \/>\nCorriente 15 A<br \/>\nPotencia 1,875 W<br \/>\nEmpaque Funda<\/p>\n<p>CARACTER\u00cdSTICAS<br \/>\nCuerpo fabricado en ABS resistente a impactos<br \/>\nInterruptor con luz<br \/>\nPolarizado y aterrizado<\/p>\n<p>USOS<br \/>\nPara electrodom\u00e9sticos, tel\u00e9fonos inal\u00e1mbricos y herramientas el\u00e9ctricas port\u00e1tiles.<br \/>\nProtege los equipos contra cortocircuitos y sobrecargas de corriente.<\/p>\n","protected":false},"excerpt":{"rendered":"<p>ESPECIFICACIONES N\u00famero de contactos 6 Calibre 16 AWG Longitud de cable 20 cm Tensi\u00f3n de alimentaci\u00f3n 125 V Frecuencia de operaci\u00f3n 60 Hz Corriente 15 A Potencia 1,875 W Empaque Funda CARACTER\u00cdSTICAS Cuerpo fabricado en ABS resistente a impactos Interruptor con luz Polarizado y aterrizado USOS Para electrodom\u00e9sticos, tel\u00e9fonos inal\u00e1mbricos y herramientas el\u00e9ctricas port\u00e1tiles. Protege [&hellip;]<\/p>\n","protected":false},"featured_media":14280,"comment_status":"open","ping_status":"closed","template":"","meta":{"_lmt_disableupdate":"no","_lmt_disable":""},"product_brand":[],"product_cat":[101],"product_tag":[],"class_list":{"0":"post-14279","1":"product","2":"type-product","3":"status-publish","4":"has-post-thumbnail","6":"product_cat-accesorios","8":"first","9":"instock","10":"taxable","11":"shipping-taxable","12":"purchasable","13":"product-type-simple"},"_links":{"self":[{"href":"https:\/\/itv.geekbotelectronics.com\/index.php\/wp-json\/wp\/v2\/product\/14279"}],"collection":[{"href":"https:\/\/itv.geekbotelectronics.com\/index.php\/wp-json\/wp\/v2\/product"}],"about":[{"href":"https:\/\/itv.geekbotelectronics.com\/index.php\/wp-json\/wp\/v2\/types\/product"}],"replies":[{"embeddable":true,"href":"https:\/\/itv.geekbotelectronics.com\/index.php\/wp-json\/wp\/v2\/comments?post=14279"}],"wp:featuredmedia":[{"embeddable":true,"href":"https:\/\/itv.geekbotelectronics.com\/index.php\/wp-json\/wp\/v2\/media\/14280"}],"wp:attachment":[{"href":"https:\/\/itv.geekbotelectronics.com\/index.php\/wp-json\/wp\/v2\/media?parent=14279"}],"wp:term":[{"taxonomy":"product_brand","embeddable":true,"href":"https:\/\/itv.geekbotelectronics.com\/index.php\/wp-json\/wp\/v2\/product_brand?post=14279"},{"taxonomy":"product_cat","embeddable":true,"href":"https:\/\/itv.geekbotelectronics.com\/index.php\/wp-json\/wp\/v2\/product_cat?post=14279"},{"taxonomy":"product_tag","embeddable":true,"href":"https:\/\/itv.geekbotelectronics.com\/index.php\/wp-json\/wp\/v2\/product_tag?post=14279"}],"curies":[{"name":"wp","href":"https:\/\/api.w.org\/{rel}","templated":true}]}}