{"id":17151,"date":"2024-09-17T10:22:55","date_gmt":"2024-09-17T16:22:55","guid":{"rendered":"https:\/\/itv.geekbotelectronics.com\/?post_type=product&#038;p=17151"},"modified":"2024-12-04T15:40:24","modified_gmt":"2024-12-04T21:40:24","slug":"kit-motor-3v-12v-25000-rpm","status":"publish","type":"product","link":"https:\/\/itv.geekbotelectronics.com\/index.php\/product\/kit-motor-3v-12v-25000-rpm\/","title":{"rendered":"Kit motor  3V -12V 25000 RPM"},"content":{"rendered":"<p>1 x Motor de CC magn\u00e9tico fuerte 3V -12V 25000 RPM<br \/>\n1 interruptores basculantes<br \/>\nConector de clip de bater\u00eda 6X9V<br \/>\n1&#215;2 x soporte de bater\u00eda AA<br \/>\n1 soportes de montaje de motor de CC<br \/>\n6 x cables (25cm;6 en Blanco\/Negro, 6 en blanco\/rojo)<br \/>\nTubo termorretr\u00e1ctil de 1&#215;40 cm \u2300 2<br \/>\nRuedas de pl\u00e1stico de 8x30mm (color aleatorio)<br \/>\nEje de 4&#215;2*100mm<br \/>\nH\u00e9lice de eje de 4x2mm con 4 paletas (color aleatorio)<br \/>\nH\u00e9lice de eje de 2x2mm con 3 paletas (amarillo y rojo)<\/p>\n","protected":false},"excerpt":{"rendered":"<p>1 x Motor de CC magn\u00e9tico fuerte 3V -12V 25000 RPM 1 interruptores basculantes Conector de clip de bater\u00eda 6X9V 1&#215;2 x soporte de bater\u00eda AA 1 soportes de montaje de motor de CC 6 x cables (25cm;6 en Blanco\/Negro, 6 en blanco\/rojo) Tubo termorretr\u00e1ctil de 1&#215;40 cm \u2300 2 Ruedas de pl\u00e1stico de 8x30mm [&hellip;]<\/p>\n","protected":false},"featured_media":17152,"comment_status":"open","ping_status":"closed","template":"","meta":{"_lmt_disableupdate":"","_lmt_disable":""},"product_brand":[],"product_cat":[54],"product_tag":[],"class_list":{"0":"post-17151","1":"product","2":"type-product","3":"status-publish","4":"has-post-thumbnail","6":"product_cat-motores-reductores","8":"first","9":"outofstock","10":"taxable","11":"shipping-taxable","12":"purchasable","13":"product-type-simple"},"_links":{"self":[{"href":"https:\/\/itv.geekbotelectronics.com\/index.php\/wp-json\/wp\/v2\/product\/17151"}],"collection":[{"href":"https:\/\/itv.geekbotelectronics.com\/index.php\/wp-json\/wp\/v2\/product"}],"about":[{"href":"https:\/\/itv.geekbotelectronics.com\/index.php\/wp-json\/wp\/v2\/types\/product"}],"replies":[{"embeddable":true,"href":"https:\/\/itv.geekbotelectronics.com\/index.php\/wp-json\/wp\/v2\/comments?post=17151"}],"wp:featuredmedia":[{"embeddable":true,"href":"https:\/\/itv.geekbotelectronics.com\/index.php\/wp-json\/wp\/v2\/media\/17152"}],"wp:attachment":[{"href":"https:\/\/itv.geekbotelectronics.com\/index.php\/wp-json\/wp\/v2\/media?parent=17151"}],"wp:term":[{"taxonomy":"product_brand","embeddable":true,"href":"https:\/\/itv.geekbotelectronics.com\/index.php\/wp-json\/wp\/v2\/product_brand?post=17151"},{"taxonomy":"product_cat","embeddable":true,"href":"https:\/\/itv.geekbotelectronics.com\/index.php\/wp-json\/wp\/v2\/product_cat?post=17151"},{"taxonomy":"product_tag","embeddable":true,"href":"https:\/\/itv.geekbotelectronics.com\/index.php\/wp-json\/wp\/v2\/product_tag?post=17151"}],"curies":[{"name":"wp","href":"https:\/\/api.w.org\/{rel}","templated":true}]}}