{"id":17265,"date":"2024-09-19T15:50:47","date_gmt":"2024-09-19T21:50:47","guid":{"rendered":"https:\/\/itv.geekbotelectronics.com\/?post_type=product&#038;p=17265"},"modified":"2025-10-27T14:41:07","modified_gmt":"2025-10-27T20:41:07","slug":"modulo-relevador-1-canal-12v","status":"publish","type":"product","link":"https:\/\/itv.geekbotelectronics.com\/index.php\/product\/modulo-relevador-1-canal-12v\/","title":{"rendered":"M\u00f3dulo Relevador 1 Canal 12v"},"content":{"rendered":"<p>Modulo relevador 1 canal (reles) para conmutaci\u00f3n de cargas de potencia. Los contactos de los relevadores est\u00e1n dise\u00f1ados para conmutar cargas de hasta 10 A y 250VAC (30VDC), aunque recomendamos dejar un m\u00e1rgen hacia abajo de estos l\u00edmites. Las entradas de control se ecuentran aisladas con optoacopladores para minimizar el ruido percibido por el circuito de control mientras se realiza la conmutaci\u00f3n de la carga. La se\u00f1al de control puede provenir de cualquier circuito de control TTL o CMOS como un microcontrolador.<\/p>\n<p><strong>Especificaciones:<\/strong><\/p>\n<ul>\n<li>1 canales independientes protegidos con optoacopladores<\/li>\n<li>1 Relevadores (Relays) de 1 polo 2 tiros<\/li>\n<li>El voltaje de la bobina del rel\u00e9 es de 12 VDC<\/li>\n<li>Led indicador para cada canal (enciende cuando la bobina del rel\u00e9 esta activa)<\/li>\n<li>Activado mediante corriente: el circuito de control debe proveer una corriente de 15 a 20 mA<\/li>\n<li>Puede controlado directamente por circuito l\u00f3gicos<\/li>\n<li>Terminales de conexi\u00f3n de tornillo (clemas)<\/li>\n<li>Terminales de entrada de se\u00f1al l\u00f3gica con headers macho de 0.1&#8243;<\/li>\n<\/ul>\n","protected":false},"excerpt":{"rendered":"<p>Modulo relevador 1 canal (reles) para conmutaci\u00f3n de cargas de potencia. Los contactos de los relevadores est\u00e1n dise\u00f1ados para conmutar cargas de hasta 10 A y 250VAC (30VDC), aunque recomendamos dejar un m\u00e1rgen hacia abajo de estos l\u00edmites. Las entradas de control se ecuentran aisladas con optoacopladores para minimizar el ruido percibido por el circuito [&hellip;]<\/p>\n","protected":false},"featured_media":7332,"comment_status":"closed","ping_status":"closed","template":"","meta":{"_lmt_disableupdate":"no","_lmt_disable":""},"product_brand":[],"product_cat":[25,88],"product_tag":[],"class_list":{"0":"post-17265","1":"product","2":"type-product","3":"status-publish","4":"has-post-thumbnail","6":"product_cat-modulos","7":"product_cat-relay","9":"first","10":"instock","11":"taxable","12":"shipping-taxable","13":"purchasable","14":"product-type-simple"},"_links":{"self":[{"href":"https:\/\/itv.geekbotelectronics.com\/index.php\/wp-json\/wp\/v2\/product\/17265"}],"collection":[{"href":"https:\/\/itv.geekbotelectronics.com\/index.php\/wp-json\/wp\/v2\/product"}],"about":[{"href":"https:\/\/itv.geekbotelectronics.com\/index.php\/wp-json\/wp\/v2\/types\/product"}],"replies":[{"embeddable":true,"href":"https:\/\/itv.geekbotelectronics.com\/index.php\/wp-json\/wp\/v2\/comments?post=17265"}],"wp:featuredmedia":[{"embeddable":true,"href":"https:\/\/itv.geekbotelectronics.com\/index.php\/wp-json\/wp\/v2\/media\/7332"}],"wp:attachment":[{"href":"https:\/\/itv.geekbotelectronics.com\/index.php\/wp-json\/wp\/v2\/media?parent=17265"}],"wp:term":[{"taxonomy":"product_brand","embeddable":true,"href":"https:\/\/itv.geekbotelectronics.com\/index.php\/wp-json\/wp\/v2\/product_brand?post=17265"},{"taxonomy":"product_cat","embeddable":true,"href":"https:\/\/itv.geekbotelectronics.com\/index.php\/wp-json\/wp\/v2\/product_cat?post=17265"},{"taxonomy":"product_tag","embeddable":true,"href":"https:\/\/itv.geekbotelectronics.com\/index.php\/wp-json\/wp\/v2\/product_tag?post=17265"}],"curies":[{"name":"wp","href":"https:\/\/api.w.org\/{rel}","templated":true}]}}