{"id":17875,"date":"2024-10-08T15:39:22","date_gmt":"2024-10-08T21:39:22","guid":{"rendered":"https:\/\/itv.geekbotelectronics.com\/?post_type=product&#038;p=17875"},"modified":"2025-04-11T11:25:25","modified_gmt":"2025-04-11T17:25:25","slug":"sensor-bmp280-barometrico","status":"publish","type":"product","link":"https:\/\/itv.geekbotelectronics.com\/index.php\/product\/sensor-bmp280-barometrico\/","title":{"rendered":"Sensor BMP280 Barom\u00e9trico"},"content":{"rendered":"<h4>Bar\u00f3metro BMP180<\/h4>\n<p><span style=\"color: #000000\">El sensor de presi\u00f3n barom\u00e9trica BMP180 es de alta precisi\u00f3n y de bajo consumo de energ\u00eda. Ofrece un rango de medici\u00f3n de 300 a 1100 hPa (Hecto Pascal), con una precisi\u00f3n absoluta de hasta 0,03 hPa. Se basa en la tecnolog\u00eda piezo-resistiva con robustez EMC, alta precisi\u00f3n y linealidad, as\u00ed como con estabilidad a largo plazo. Se ha dise\u00f1ado para ser conectado directamente a un microcontrolador a trav\u00e9s de I2C.<\/span><\/p>\n<p><span style=\"color: #000000\">Esta peque\u00f1a placa contiene un regulador de voltaje y un conversor I2C para 3.3V, de tal forma que se puede alimentar sin problemas con un voltaje de 3V-5V, al igual que su interface I2C, ademas cuenta ya con resistencias Pull-Up.<\/span><\/p>\n<p><span style=\"color: #000000\">El m\u00f3dulo sensor de presi\u00f3n BMP180 es la mejor soluci\u00f3n con una excelente relaci\u00f3n costo beneficio para medir la presi\u00f3n atmosf\u00e9rica. Como la presi\u00f3n cambia con la altitud tambi\u00e9n puede funcionar como alt\u00edmetro.<\/span><\/p>\n<p><span style=\"color: #000000\"> Este sensor nos puede ser muy \u00fatil para proyectos de aeron\u00e1utica, en la construcci\u00f3n de drones o cuadr\u00f3pteros para saber a que altura se encuentra nuestro Drone.<\/span><\/p>\n<p><strong><span style=\"color: #000000\">Especificaciones:\u00a0<\/span><\/strong><\/p>\n<ul>\n<li><span style=\"color: #000000\">Interfaz Digital de dos cables (I2C)<\/span><\/li>\n<li><span style=\"color: #000000\">Amplio rango de medici\u00f3n de presi\u00f3n barom\u00e9trica<\/span><\/li>\n<li><span style=\"color: #000000\">Ultra-bajo consumo de energ\u00eda<\/span><\/li>\n<li><span style=\"color: #000000\">Bajo ruido<\/span><\/li>\n<li><span style=\"color: #000000\">Completamente calibrado<\/span><\/li>\n<li><span style=\"color: #000000\">Medici\u00f3n de temperatura incluida<\/span><\/li>\n<li><span style=\"color: #000000\">Ultraplano y peque\u00f1o tama\u00f1o<\/span><\/li>\n<li><span style=\"color: #000000\">Alimentaci\u00f3n: 3-5V<\/span><\/li>\n<li><span style=\"color: #000000\">Rango de medici\u00f3n: 300 \u2013 1100hPa<\/span><\/li>\n<\/ul>\n<p><a href=\"http:\/\/dlnmh9ip6v2uc.cloudfront.net\/datasheets\/Sensors\/Pressure\/BMP180.pdf\" target=\"_blank\" rel=\"noopener noreferrer\">Datasheet<\/a><\/p>\n","protected":false},"excerpt":{"rendered":"<p>M\u00f3dulo\u00a0sensor de presi\u00f3n barom\u00e9trica BMP180 de alta precisi\u00f3n y de bajo consumo de energ\u00eda. El BMP180 ofrece un rango de medici\u00f3n de 300 a 1100 hPa.<\/p>\n","protected":false},"featured_media":581,"comment_status":"closed","ping_status":"closed","template":"","meta":{"_lmt_disableupdate":"no","_lmt_disable":""},"product_brand":[],"product_cat":[68],"product_tag":[124],"class_list":{"0":"post-17875","1":"product","2":"type-product","3":"status-publish","4":"has-post-thumbnail","6":"product_cat-ambientales","7":"product_tag-altura","9":"first","10":"instock","11":"taxable","12":"shipping-taxable","13":"purchasable","14":"product-type-simple"},"_links":{"self":[{"href":"https:\/\/itv.geekbotelectronics.com\/index.php\/wp-json\/wp\/v2\/product\/17875"}],"collection":[{"href":"https:\/\/itv.geekbotelectronics.com\/index.php\/wp-json\/wp\/v2\/product"}],"about":[{"href":"https:\/\/itv.geekbotelectronics.com\/index.php\/wp-json\/wp\/v2\/types\/product"}],"replies":[{"embeddable":true,"href":"https:\/\/itv.geekbotelectronics.com\/index.php\/wp-json\/wp\/v2\/comments?post=17875"}],"wp:featuredmedia":[{"embeddable":true,"href":"https:\/\/itv.geekbotelectronics.com\/index.php\/wp-json\/wp\/v2\/media\/581"}],"wp:attachment":[{"href":"https:\/\/itv.geekbotelectronics.com\/index.php\/wp-json\/wp\/v2\/media?parent=17875"}],"wp:term":[{"taxonomy":"product_brand","embeddable":true,"href":"https:\/\/itv.geekbotelectronics.com\/index.php\/wp-json\/wp\/v2\/product_brand?post=17875"},{"taxonomy":"product_cat","embeddable":true,"href":"https:\/\/itv.geekbotelectronics.com\/index.php\/wp-json\/wp\/v2\/product_cat?post=17875"},{"taxonomy":"product_tag","embeddable":true,"href":"https:\/\/itv.geekbotelectronics.com\/index.php\/wp-json\/wp\/v2\/product_tag?post=17875"}],"curies":[{"name":"wp","href":"https:\/\/api.w.org\/{rel}","templated":true}]}}