{"id":20069,"date":"2024-12-18T13:23:17","date_gmt":"2024-12-18T19:23:17","guid":{"rendered":"https:\/\/itv.geekbotelectronics.com\/?post_type=product&#038;p=20069"},"modified":"2025-07-14T12:54:12","modified_gmt":"2025-07-14T18:54:12","slug":"disco-encoder-para-sensor-de-velocidad","status":"publish","type":"product","link":"https:\/\/itv.geekbotelectronics.com\/index.php\/product\/disco-encoder-para-sensor-de-velocidad\/","title":{"rendered":"Disco Encoder para Sensor de Velocidad"},"content":{"rendered":"<p>El Disco Encoder es una rueda de pl\u00e1stico que tiene 20 ranuras, est\u00e1 dise\u00f1ado para colocarse en los ejes de los motores o motorredusctores (cl\u00e1sicos motores amarillos), es compatible con diferentes sensores de velocidad \u00f3pticos.<\/p>\n<p>Es utilizado en proyectos de rob\u00f3tica y elaboraci\u00f3n de carritos electr\u00f3nicos para medir velocidad de un motor. Este disco Encoder se inserta en los ejes de los motores y con ayuda de un sensor \u00f3ptico y un microcontrolador o tarjeta de desarrollo se podr\u00e1 obtener la posici\u00f3n o velocidad del motor.<\/p>\n<p><strong>Caracter\u00edsticas:<\/strong><\/p>\n<ul>\n<li>Material: Pl\u00e1stico<\/li>\n<li>Color:\u00a0Negro<\/li>\n<li>Ranuras: 20<\/li>\n<li>Di\u00e1metro Exterior: 26mm<\/li>\n<li>Di\u00e1metro eje : 5.5mm (aplanado)<\/li>\n<li>Espesor:3mm<\/li>\n<li>Peso: 2g<\/li>\n<\/ul>\n<p>&nbsp;<\/p>\n<p>&nbsp;<\/p>\n","protected":false},"excerpt":{"rendered":"<p>El Disco Encoder es una rueda de pl\u00e1stico que tiene 20 ranuras, est\u00e1 dise\u00f1ado para colocarse en los ejes de los motores o motorredusctores (cl\u00e1sicos motores amarillos), es compatible con diferentes sensores de velocidad \u00f3pticos. Es utilizado en proyectos de rob\u00f3tica y elaboraci\u00f3n de carritos electr\u00f3nicos para medir velocidad de un motor. Este disco Encoder [&hellip;]<\/p>\n","protected":false},"featured_media":20073,"comment_status":"open","ping_status":"closed","template":"","meta":{"_lmt_disableupdate":"no","_lmt_disable":""},"product_brand":[],"product_cat":[54],"product_tag":[],"class_list":{"0":"post-20069","1":"product","2":"type-product","3":"status-publish","4":"has-post-thumbnail","6":"product_cat-motores-reductores","8":"first","9":"instock","10":"taxable","11":"shipping-taxable","12":"purchasable","13":"product-type-simple"},"_links":{"self":[{"href":"https:\/\/itv.geekbotelectronics.com\/index.php\/wp-json\/wp\/v2\/product\/20069"}],"collection":[{"href":"https:\/\/itv.geekbotelectronics.com\/index.php\/wp-json\/wp\/v2\/product"}],"about":[{"href":"https:\/\/itv.geekbotelectronics.com\/index.php\/wp-json\/wp\/v2\/types\/product"}],"replies":[{"embeddable":true,"href":"https:\/\/itv.geekbotelectronics.com\/index.php\/wp-json\/wp\/v2\/comments?post=20069"}],"wp:featuredmedia":[{"embeddable":true,"href":"https:\/\/itv.geekbotelectronics.com\/index.php\/wp-json\/wp\/v2\/media\/20073"}],"wp:attachment":[{"href":"https:\/\/itv.geekbotelectronics.com\/index.php\/wp-json\/wp\/v2\/media?parent=20069"}],"wp:term":[{"taxonomy":"product_brand","embeddable":true,"href":"https:\/\/itv.geekbotelectronics.com\/index.php\/wp-json\/wp\/v2\/product_brand?post=20069"},{"taxonomy":"product_cat","embeddable":true,"href":"https:\/\/itv.geekbotelectronics.com\/index.php\/wp-json\/wp\/v2\/product_cat?post=20069"},{"taxonomy":"product_tag","embeddable":true,"href":"https:\/\/itv.geekbotelectronics.com\/index.php\/wp-json\/wp\/v2\/product_tag?post=20069"}],"curies":[{"name":"wp","href":"https:\/\/api.w.org\/{rel}","templated":true}]}}