{"id":20327,"date":"2025-02-12T13:21:32","date_gmt":"2025-02-12T19:21:32","guid":{"rendered":"https:\/\/itv.geekbotelectronics.com\/?post_type=product&#038;p=20327"},"modified":"2025-11-07T12:07:32","modified_gmt":"2025-11-07T18:07:32","slug":"cable-usb-a-a-c","status":"publish","type":"product","link":"https:\/\/itv.geekbotelectronics.com\/index.php\/product\/cable-usb-a-a-c\/","title":{"rendered":"Cable USB A a C"},"content":{"rendered":"<h4>Cable USB A a C<\/h4>\n<div>\n<p>El cable USB A a C, dispone de un conector USB &#8220;A&#8221; macho y un conector USB &#8220;C&#8221; macho que proporcionan una conexi\u00f3n de alta calidad a perif\u00e9ricos USB 2.0, tales como impresoras, esc\u00e1ners o discos duros externos.<\/p>\n<p>Ideal para usarlo con Arduino UNO y MEGA.<\/p>\n<p>Fabricado con materiales de primera calidad y dise\u00f1ado por expertos para proporcionar durabilidad.<\/p>\n<h4>Especificaciones<\/h4>\n<\/div>\n<div>\n<ul>\n<li>Longitud:\u00a0 30 cm<\/li>\n<li>Conexi\u00f3n: De macho USB-A \u00a0a macho USB-C<\/li>\n<li>Protocolos compatibles:\u00a0\u00a0 USB 2.0<\/li>\n<li>Dise\u00f1o duradero, con conectores USB de alta calidad<\/li>\n<li>F\u00e1cil de usar y de instalar<\/li>\n<\/ul>\n<\/div>\n","protected":false},"excerpt":{"rendered":"<p>El cable USB A a B es ideal para usarlo con Arduino UNO y MEGA.<\/p>\n","protected":false},"featured_media":24696,"comment_status":"closed","ping_status":"closed","template":"","meta":{"_lmt_disableupdate":"no","_lmt_disable":""},"product_brand":[],"product_cat":[36],"product_tag":[],"class_list":{"0":"post-20327","1":"product","2":"type-product","3":"status-publish","4":"has-post-thumbnail","6":"product_cat-cables-usb","8":"first","9":"instock","10":"taxable","11":"shipping-taxable","12":"purchasable","13":"product-type-simple"},"_links":{"self":[{"href":"https:\/\/itv.geekbotelectronics.com\/index.php\/wp-json\/wp\/v2\/product\/20327"}],"collection":[{"href":"https:\/\/itv.geekbotelectronics.com\/index.php\/wp-json\/wp\/v2\/product"}],"about":[{"href":"https:\/\/itv.geekbotelectronics.com\/index.php\/wp-json\/wp\/v2\/types\/product"}],"replies":[{"embeddable":true,"href":"https:\/\/itv.geekbotelectronics.com\/index.php\/wp-json\/wp\/v2\/comments?post=20327"}],"wp:featuredmedia":[{"embeddable":true,"href":"https:\/\/itv.geekbotelectronics.com\/index.php\/wp-json\/wp\/v2\/media\/24696"}],"wp:attachment":[{"href":"https:\/\/itv.geekbotelectronics.com\/index.php\/wp-json\/wp\/v2\/media?parent=20327"}],"wp:term":[{"taxonomy":"product_brand","embeddable":true,"href":"https:\/\/itv.geekbotelectronics.com\/index.php\/wp-json\/wp\/v2\/product_brand?post=20327"},{"taxonomy":"product_cat","embeddable":true,"href":"https:\/\/itv.geekbotelectronics.com\/index.php\/wp-json\/wp\/v2\/product_cat?post=20327"},{"taxonomy":"product_tag","embeddable":true,"href":"https:\/\/itv.geekbotelectronics.com\/index.php\/wp-json\/wp\/v2\/product_tag?post=20327"}],"curies":[{"name":"wp","href":"https:\/\/api.w.org\/{rel}","templated":true}]}}