{"id":22232,"date":"2025-04-28T10:29:18","date_gmt":"2025-04-28T16:29:18","guid":{"rendered":"https:\/\/itv.geekbotelectronics.com\/?post_type=product&#038;p=22232"},"modified":"2025-10-21T16:09:35","modified_gmt":"2025-10-21T22:09:35","slug":"modulo-l298n-puente-h-mini","status":"publish","type":"product","link":"https:\/\/itv.geekbotelectronics.com\/index.php\/product\/modulo-l298n-puente-h-mini\/","title":{"rendered":"M\u00f3dulo L298N Puente H Mini"},"content":{"rendered":"<p class=\"h1\">M\u00f3dulo Puente H L298 mini, es peque\u00f1o y liviano, ideal para aplicaciones de rob\u00f3tica en miniatura. Tiene una alimentaci\u00f3n de entre 2 a 10V DC y dos canales, lo que permite el funcionamiento de 2 motores DC o de 1 motor paso a paso de 4 hilos.<\/p>\n<p>Cada canal puede suministrar una corriente de 1.5A de manera constante o hasta 2.5A de valor pico.<\/p>\n<p>\u2022 Voltaje de funcionamiento 2 ~ 10 V<br \/>\n\u2022 Voltaje de entrada de se\u00f1al: 1.8 ~ 7 V<br \/>\n\u2022 Corriente DC por canal: 1.5 A<br \/>\n\u2022 Corriente pico m\u00e1xima: 2.0 A<br \/>\n\u2022 Para controlar la velocidad por PWM se debe usar alguno de los pines de direcci\u00f3n como entrada PWM<br \/>\n\u2022 Protecci\u00f3n contra sobre carga t\u00e9rmica<br \/>\n\u2022 Ideal para el dise\u00f1o de juguetes y para la rob\u00f3tica m\u00f3vil<br \/>\n\u2022 Temperatura de funcionamiento: &#8211; 25 ~ 80 \u00b0C<br \/>\n\u2022 Circuito de conducci\u00f3n com\u00fan integrado<br \/>\n\u2022 Circuito de protecci\u00f3n t\u00e9rmica integrado con efectos de hist\u00e9resis (TSD)<br \/>\nmotor paso a paso de dos hilos y 4 hilos (no tiene que preocuparse por el bloqueo del motor)<br \/>\n\u2022 Puede conducir dos motores de CC o un motor paso a paso bif\u00e1sico de cuatro cables.<\/p>\n<p>\u2022 Dimensiones: 24 x 21 mm<br \/>\n\u2022 Peso: 2 g<\/p>\n<p>&nbsp;<\/p>\n","protected":false},"excerpt":{"rendered":"<p>M\u00f3dulo Puente H L298 mini, es peque\u00f1o y liviano, ideal para aplicaciones de rob\u00f3tica en miniatura. Tiene una alimentaci\u00f3n de entre 2 a 10V DC y dos canales, lo que permite el funcionamiento de 2 motores DC o de 1 motor paso a paso de 4 hilos. Cada canal puede suministrar una corriente de 1.5A [&hellip;]<\/p>\n","protected":false},"featured_media":22239,"comment_status":"closed","ping_status":"closed","template":"","meta":{"_lmt_disableupdate":"no","_lmt_disable":""},"product_brand":[],"product_cat":[25],"product_tag":[],"class_list":{"0":"post-22232","1":"product","2":"type-product","3":"status-publish","4":"has-post-thumbnail","6":"product_cat-modulos","8":"first","9":"instock","10":"taxable","11":"shipping-taxable","12":"purchasable","13":"product-type-simple"},"_links":{"self":[{"href":"https:\/\/itv.geekbotelectronics.com\/index.php\/wp-json\/wp\/v2\/product\/22232"}],"collection":[{"href":"https:\/\/itv.geekbotelectronics.com\/index.php\/wp-json\/wp\/v2\/product"}],"about":[{"href":"https:\/\/itv.geekbotelectronics.com\/index.php\/wp-json\/wp\/v2\/types\/product"}],"replies":[{"embeddable":true,"href":"https:\/\/itv.geekbotelectronics.com\/index.php\/wp-json\/wp\/v2\/comments?post=22232"}],"wp:featuredmedia":[{"embeddable":true,"href":"https:\/\/itv.geekbotelectronics.com\/index.php\/wp-json\/wp\/v2\/media\/22239"}],"wp:attachment":[{"href":"https:\/\/itv.geekbotelectronics.com\/index.php\/wp-json\/wp\/v2\/media?parent=22232"}],"wp:term":[{"taxonomy":"product_brand","embeddable":true,"href":"https:\/\/itv.geekbotelectronics.com\/index.php\/wp-json\/wp\/v2\/product_brand?post=22232"},{"taxonomy":"product_cat","embeddable":true,"href":"https:\/\/itv.geekbotelectronics.com\/index.php\/wp-json\/wp\/v2\/product_cat?post=22232"},{"taxonomy":"product_tag","embeddable":true,"href":"https:\/\/itv.geekbotelectronics.com\/index.php\/wp-json\/wp\/v2\/product_tag?post=22232"}],"curies":[{"name":"wp","href":"https:\/\/api.w.org\/{rel}","templated":true}]}}