{"id":22251,"date":"2025-04-28T13:14:41","date_gmt":"2025-04-28T19:14:41","guid":{"rendered":"https:\/\/itv.geekbotelectronics.com\/?post_type=product&#038;p=22251"},"modified":"2025-05-29T10:22:49","modified_gmt":"2025-05-29T16:22:49","slug":"moc3063-optoacoplador","status":"publish","type":"product","link":"https:\/\/itv.geekbotelectronics.com\/index.php\/product\/moc3063-optoacoplador\/","title":{"rendered":"MOC3063 Optoacoplador"},"content":{"rendered":"<h4><span style=\"color: #000000\">MOC3063\u00a0<\/span><\/h4>\n<p class=\"ProductOverviewstyles__LongDescription-sc-1jnwldg-2 kTlirh\">El MOC3063 es un optoacoplador para control de fototriac con cruce por cero de 6 pines, compuesto de un diodo emisor de infrarrojos de GaAs acoplado \u00f3pticamente a un detector de silicio monol\u00edtico. Este dispositivo est\u00e1 dise\u00f1ado para usar con un triac en la interfaz de sistemas l\u00f3gicos a equipos alimentados mediante l\u00edneas de 115\/240VAC.<\/p>\n<h4><span style=\"color: #000000\"><strong>Aplicaciones<\/strong><\/span><\/h4>\n<p><span style=\"color: #000000\">\u2022 Controles solenoide \/ v\u00e1lvula<\/span><br \/>\n<span style=\"color: #000000\"> \u2022 Interruptores de alimentaci\u00f3n est\u00e1ticos<\/span><br \/>\n<span style=\"color: #000000\"> \u2022 Controles de temperatura<\/span><br \/>\n<span style=\"color: #000000\"> \u2022 Arrancadores de motor de CA<\/span><br \/>\n<span style=\"color: #000000\"> \u2022 Controles de iluminaci\u00f3n<\/span><br \/>\n<span style=\"color: #000000\"> \u2022 Accionamientos de motor de CA<\/span><br \/>\n<span style=\"color: #000000\"> \u2022 Contactores E.M.<\/span><br \/>\n<span style=\"color: #000000\"> \u2022 Rel\u00e9s de estado s\u00f3lido<\/span><\/p>\n","protected":false},"excerpt":{"rendered":"<div style=\"color: #555555\"><\/div>\n","protected":false},"featured_media":22255,"comment_status":"closed","ping_status":"closed","template":"","meta":{"_lmt_disableupdate":"no","_lmt_disable":""},"product_brand":[],"product_cat":[49],"product_tag":[],"class_list":{"0":"post-22251","1":"product","2":"type-product","3":"status-publish","4":"has-post-thumbnail","6":"product_cat-optoacopladores","8":"first","9":"instock","10":"taxable","11":"shipping-taxable","12":"purchasable","13":"product-type-simple"},"_links":{"self":[{"href":"https:\/\/itv.geekbotelectronics.com\/index.php\/wp-json\/wp\/v2\/product\/22251"}],"collection":[{"href":"https:\/\/itv.geekbotelectronics.com\/index.php\/wp-json\/wp\/v2\/product"}],"about":[{"href":"https:\/\/itv.geekbotelectronics.com\/index.php\/wp-json\/wp\/v2\/types\/product"}],"replies":[{"embeddable":true,"href":"https:\/\/itv.geekbotelectronics.com\/index.php\/wp-json\/wp\/v2\/comments?post=22251"}],"wp:featuredmedia":[{"embeddable":true,"href":"https:\/\/itv.geekbotelectronics.com\/index.php\/wp-json\/wp\/v2\/media\/22255"}],"wp:attachment":[{"href":"https:\/\/itv.geekbotelectronics.com\/index.php\/wp-json\/wp\/v2\/media?parent=22251"}],"wp:term":[{"taxonomy":"product_brand","embeddable":true,"href":"https:\/\/itv.geekbotelectronics.com\/index.php\/wp-json\/wp\/v2\/product_brand?post=22251"},{"taxonomy":"product_cat","embeddable":true,"href":"https:\/\/itv.geekbotelectronics.com\/index.php\/wp-json\/wp\/v2\/product_cat?post=22251"},{"taxonomy":"product_tag","embeddable":true,"href":"https:\/\/itv.geekbotelectronics.com\/index.php\/wp-json\/wp\/v2\/product_tag?post=22251"}],"curies":[{"name":"wp","href":"https:\/\/api.w.org\/{rel}","templated":true}]}}