{"id":22939,"date":"2025-05-26T10:14:51","date_gmt":"2025-05-26T16:14:51","guid":{"rendered":"https:\/\/itv.geekbotelectronics.com\/?post_type=product&#038;p=22939"},"modified":"2025-07-07T19:25:40","modified_gmt":"2025-07-08T01:25:40","slug":"llanta-para-motorreductor-metalico-45-mm","status":"publish","type":"product","link":"https:\/\/itv.geekbotelectronics.com\/index.php\/product\/llanta-para-motorreductor-metalico-45-mm\/","title":{"rendered":"Llanta para motorreductor met\u00e1lico 45 mm"},"content":{"rendered":"","protected":false},"excerpt":{"rendered":"<p>Llanta para motorreductor met\u00e1lico tipo pololu fabricada en goma de alta adherencia y rin de pl\u00e1stico, es especial para proyectos de rob\u00f3tica como veh\u00edculos seguidor de l\u00ednea y mini zumo.<\/p>\n<p>No incluyen motores ni sujetadores.<\/p>\n","protected":false},"featured_media":22941,"comment_status":"closed","ping_status":"closed","template":"","meta":{"_lmt_disableupdate":"no","_lmt_disable":""},"product_brand":[],"product_cat":[58],"product_tag":[],"class_list":{"0":"post-22939","1":"product","2":"type-product","3":"status-publish","4":"has-post-thumbnail","6":"product_cat-ruedas","8":"first","9":"instock","10":"taxable","11":"shipping-taxable","12":"purchasable","13":"product-type-simple"},"_links":{"self":[{"href":"https:\/\/itv.geekbotelectronics.com\/index.php\/wp-json\/wp\/v2\/product\/22939"}],"collection":[{"href":"https:\/\/itv.geekbotelectronics.com\/index.php\/wp-json\/wp\/v2\/product"}],"about":[{"href":"https:\/\/itv.geekbotelectronics.com\/index.php\/wp-json\/wp\/v2\/types\/product"}],"replies":[{"embeddable":true,"href":"https:\/\/itv.geekbotelectronics.com\/index.php\/wp-json\/wp\/v2\/comments?post=22939"}],"wp:featuredmedia":[{"embeddable":true,"href":"https:\/\/itv.geekbotelectronics.com\/index.php\/wp-json\/wp\/v2\/media\/22941"}],"wp:attachment":[{"href":"https:\/\/itv.geekbotelectronics.com\/index.php\/wp-json\/wp\/v2\/media?parent=22939"}],"wp:term":[{"taxonomy":"product_brand","embeddable":true,"href":"https:\/\/itv.geekbotelectronics.com\/index.php\/wp-json\/wp\/v2\/product_brand?post=22939"},{"taxonomy":"product_cat","embeddable":true,"href":"https:\/\/itv.geekbotelectronics.com\/index.php\/wp-json\/wp\/v2\/product_cat?post=22939"},{"taxonomy":"product_tag","embeddable":true,"href":"https:\/\/itv.geekbotelectronics.com\/index.php\/wp-json\/wp\/v2\/product_tag?post=22939"}],"curies":[{"name":"wp","href":"https:\/\/api.w.org\/{rel}","templated":true}]}}