{"id":23513,"date":"2025-06-25T10:52:55","date_gmt":"2025-06-25T16:52:55","guid":{"rendered":"https:\/\/itv.geekbotelectronics.com\/?post_type=product&#038;p=23513"},"modified":"2025-11-07T10:33:11","modified_gmt":"2025-11-07T16:33:11","slug":"mosfet-irfz44ch-n-60v-50a","status":"publish","type":"product","link":"https:\/\/itv.geekbotelectronics.com\/index.php\/product\/mosfet-irfz44ch-n-60v-50a\/","title":{"rendered":"Mosfet IRFZ44Ch-N 60V 50A"},"content":{"rendered":"<h2>ESPECIFICACIONES M\u00c1XIMAS<\/h2>\n<h4>\u00a0\u00a0\u00a0<abbr data-title=\"Pd representa la capacidad de disipaci\u00f3n de potencia m\u00e1xima que puede soportar un MOSFET. Adem\u00e1s, la capacidad de disipaci\u00f3n de potencia var\u00eda seg\u00fan las diferentes condiciones de temperatura\">Pd\u24d8<\/abbr>\u00a0&#8211; M\u00e1xima disipaci\u00f3n de potencia: 150 W<br \/>\n<abbr data-title=\"Vds representa el voltaje m\u00e1ximo absoluto del MOSFET entre el drenaje y la fuente. En funcionamiento, la tensi\u00f3n de drenaje-fuente no debe superar el valor nominal m\u00e1ximo\">|Vds|\u24d8<\/abbr>\u00a0&#8211; Voltaje m\u00e1ximo drenador &#8211; fuente: 60 V<br \/>\n<abbr data-title=\"Vgs representa el voltaje de funcionamiento del controlador entre la compuerta y la fuente. En funcionamiento, la tensi\u00f3n de tensi\u00f3n de la compuerta y la fuente no debe superar el valor nominal m\u00e1ximo\">|Vgs|\u24d8<\/abbr>\u00a0&#8211; Voltaje m\u00e1ximo fuente &#8211; puerta: 20 V<br \/>\n<abbr data-title=\"La corriente continua m\u00e1xima que el dispositivo puede soportar con la base de montaje sostenida continuamente a 25 \u00b0C con el dispositivo completamente encendido. Este valor puede estar relacionado con la construcci\u00f3n del paquete o con la corriente m\u00e1xima que dar\u00eda como resultado la Tj m\u00e1xima\">|Id|\u24d8<\/abbr>\u00a0&#8211; Corriente continua de drenaje: 50 A<br \/>\n<abbr data-title=\"Tj representa la temperatura m\u00e1xima de funcionamiento de un MOSFET. Tj no debe superar el valor nominal m\u00e1ximo: los par\u00e1metros del MOSFET est\u00e1n fuera del rango de la hoja de datos y la vida \u00fatil del dispositivo se reduce\">Tj\u24d8<\/abbr>\u00a0&#8211; Temperatura m\u00e1xima de uni\u00f3n: 175 \u00b0C<\/h4>\n<h3>CARACTER\u00cdSTICAS EL\u00c9CTRICAS<\/h3>\n<h4>\u00a0\u00a0\u00a0<abbr data-title=\"Para medir el voltaje de umbral de compuerta de un MOSFET, primero se cortan los pines de compuerta y drenaje y luego, con un ID determinado, se monitorea la diferencia de voltaje entre compuerta y fuente. Una caracter\u00edstica significativa de Vgs(th) es su coeficiente de temperatura negativo. Si el sistema de energ\u00eda debe funcionar a un cierto grado negativo, para evitar que se encienda de manera imprevista, se debe tener en cuenta Vgs(th)\">|Vgs(th)|<\/abbr>\u24d8 &#8211; Tensi\u00f3n umbral entre puerta y fuente: 4 V<br \/>\n<abbr data-title=\"Qg incluye Qgs y Qgd. Describen cu\u00e1nta carga de compuerta requiere el MOSFET para conmutar, en determinadas condiciones. Esto es particularmente importante en aplicaciones de conmutaci\u00f3n de alta frecuencia. En operaciones de alta frecuencia, Qg debe seleccionarse lo m\u00e1s peque\u00f1o posible. Otro consejo de carga de compuerta para captar un MOSFET en el dise\u00f1o de un sistema de potencia de puente H es que la relaci\u00f3n de Qgd\/Qgs sea inferior a 1 para evitar que el circuito se dispare\">Qg\u24d8<\/abbr>\u00a0&#8211; Carga de la puerta: 67(max) nC<br \/>\n<abbr data-title=\"El tiempo que tarda la tensi\u00f3n de drenaje-fuente en caer del 90 % al 10 % de Vds. Id comienza a aumentar y se considera que es la principal p\u00e9rdida de encendido durante este per\u00edodo \">tr\u24d8<\/abbr>\u00a0&#8211; Tiempo de subida: 110 nS<br \/>\n<abbr data-title=\"Coss es la capacitancia entre el drenaje y los otros dos terminales (puerta y fuente). La capacitancia de salida Coss tiene las siguientes relaciones. Coss = Cds + Cgd\">Coss\u24d8<\/abbr>\u00a0&#8211; Capacitancia de salida: 920 pF<br \/>\n<abbr data-title=\"Resistencia de drenaje a fuente para Id especificado cuando se aplica Vgs especificado. RDSon var\u00eda en gran medida con Tj y Vgs\">Rds(on)\u24d8<\/abbr>\u00a0&#8211; Resistencia estado encendido drenaje a fuente: 0.028 Ohm<a class=\"anchor\" name=\"pack\"><\/a><br \/>\nPaquete \/ Cubierta:\u00a0<a href=\"https:\/\/alltransistors.com\/es\/mosfet\/transistor.php?transistor=3393#img10\">TO220<\/a><\/h4>\n","protected":false},"excerpt":{"rendered":"<p>ESPECIFICACIONES M\u00c1XIMAS \u00a0\u00a0\u00a0Pd\u24d8\u00a0&#8211; M\u00e1xima disipaci\u00f3n de potencia: 150 W |Vds|\u24d8\u00a0&#8211; Voltaje m\u00e1ximo drenador &#8211; fuente: 60 V |Vgs|\u24d8\u00a0&#8211; Voltaje m\u00e1ximo fuente &#8211; puerta: 20 V |Id|\u24d8\u00a0&#8211; Corriente continua de drenaje: 50 A Tj\u24d8\u00a0&#8211; Temperatura m\u00e1xima de uni\u00f3n: 175 \u00b0C CARACTER\u00cdSTICAS EL\u00c9CTRICAS \u00a0\u00a0\u00a0|Vgs(th)|\u24d8 &#8211; Tensi\u00f3n umbral entre puerta y fuente: 4 V Qg\u24d8\u00a0&#8211; Carga de la [&hellip;]<\/p>\n","protected":false},"featured_media":1204,"comment_status":"closed","ping_status":"closed","template":"","meta":{"_lmt_disableupdate":"no","_lmt_disable":""},"product_brand":[],"product_cat":[175],"product_tag":[],"class_list":{"0":"post-23513","1":"product","2":"type-product","3":"status-publish","4":"has-post-thumbnail","6":"product_cat-mosfet","8":"first","9":"instock","10":"taxable","11":"shipping-taxable","12":"purchasable","13":"product-type-simple"},"_links":{"self":[{"href":"https:\/\/itv.geekbotelectronics.com\/index.php\/wp-json\/wp\/v2\/product\/23513"}],"collection":[{"href":"https:\/\/itv.geekbotelectronics.com\/index.php\/wp-json\/wp\/v2\/product"}],"about":[{"href":"https:\/\/itv.geekbotelectronics.com\/index.php\/wp-json\/wp\/v2\/types\/product"}],"replies":[{"embeddable":true,"href":"https:\/\/itv.geekbotelectronics.com\/index.php\/wp-json\/wp\/v2\/comments?post=23513"}],"wp:featuredmedia":[{"embeddable":true,"href":"https:\/\/itv.geekbotelectronics.com\/index.php\/wp-json\/wp\/v2\/media\/1204"}],"wp:attachment":[{"href":"https:\/\/itv.geekbotelectronics.com\/index.php\/wp-json\/wp\/v2\/media?parent=23513"}],"wp:term":[{"taxonomy":"product_brand","embeddable":true,"href":"https:\/\/itv.geekbotelectronics.com\/index.php\/wp-json\/wp\/v2\/product_brand?post=23513"},{"taxonomy":"product_cat","embeddable":true,"href":"https:\/\/itv.geekbotelectronics.com\/index.php\/wp-json\/wp\/v2\/product_cat?post=23513"},{"taxonomy":"product_tag","embeddable":true,"href":"https:\/\/itv.geekbotelectronics.com\/index.php\/wp-json\/wp\/v2\/product_tag?post=23513"}],"curies":[{"name":"wp","href":"https:\/\/api.w.org\/{rel}","templated":true}]}}