{"id":23515,"date":"2025-06-25T11:26:40","date_gmt":"2025-06-25T17:26:40","guid":{"rendered":"https:\/\/itv.geekbotelectronics.com\/?post_type=product&#038;p=23515"},"modified":"2025-06-25T11:26:40","modified_gmt":"2025-06-25T17:26:40","slug":"cargador-de-baterias-b6ac-imax-80w","status":"publish","type":"product","link":"https:\/\/itv.geekbotelectronics.com\/index.php\/product\/cargador-de-baterias-b6ac-imax-80w\/","title":{"rendered":"cargador de Baterias B6AC IMAX  80W"},"content":{"rendered":"<p>Cargador de<\/p>\n<p>bater\u00edas iMax B6 AC Lipo, cargador de 80 W, pantalla LCD digital LiFe NiMH NiCd PB<br \/>\nEspecificaciones del cargador de bater\u00eda:<br \/>\nrango de voltaje de iones: DC 11.0 ~ 18.0 V o AC 100 V ~ 240 V 50\/60 Hz Fuente de alimentaci\u00f3n: adaptador AC a DC (DC 11.0 ~ 18.0 V\/5 A) m\u00e1x. Potencia de carga: 80 W como<br \/>\nm\u00e1ximo.<\/p>\n<p>Potencia de descarga 5 W Alcance de carga t: 80 W: 0,1 ~<br \/>\n6,0 A 50 W: 0,1-5,0 A Alcance de descarga t: A 80 W: 0,1 ~<br \/>\n2,0 A 50 W: 0,1 T Drenaje para equilibrar Li-Po: 300 mAh\/NiCd\/NiMH N\u00famero de c\u00e9lulas: 1 ~ 15<br \/>\nceldas de iones de litio\/pol\u00edmero: 1 ~ 6 serie<br \/>\nPb Voltaje de bater\u00eda: 2 V ~ 20 V Tama\u00f1o: aproximadamente 135 x 144 x 36 mm, Tenga en cuenta que nuestra bisagra no puede soportar la medici\u00f3n del voltaje y la resistencia de la primera bater\u00eda. 1. En cuanto a las interfaces de opci\u00f3n positiva y opci\u00f3n negativa, debes conectarlas correctamente, de lo contrario no se cargar\u00e1.<br \/>\n2.<br \/>\nEn cuanto a los conectores, debes conectarlos correctamente, de lo contrario no se cargar\u00e1n. 3. Si elige el modo de puerto, debe conectarse correctamente; de lo contrario, no se cargar\u00e1.<br \/>\n4.<br \/>\nTras la configuraci\u00f3n, pulse el bot\u00f3n &amp;,34; ENTER&amp;,34; durante 3 segundos y podr\u00e1 cargar la bater\u00eda. 1.<br \/>\nSELECCIONE EL PROGRAMA DE LIPO BATT: para cargar, cargar r\u00e1pidamente, almacenar, descargar y cargar bater\u00edas de iones de litio y de larga duraci\u00f3n. 2.<br \/>\nPROGRAMA CONFIGURADO POR EL USUARIO: Para configurar el par\u00e1metro de carga de las bater\u00edas que necesita. 3.<br \/>\nSELECCIONE LA BATER\u00cdA DE NIMH DEL PROGRAMA: Para cargar\/descargar\/ciclar bater\u00edas NiMicH\/D,<\/p>\n","protected":false},"excerpt":{"rendered":"<p>Cargador de bater\u00edas iMax B6 AC Lipo, cargador de 80 W, pantalla LCD digital LiFe NiMH NiCd PB Especificaciones del cargador de bater\u00eda: rango de voltaje de iones: DC 11.0 ~ 18.0 V o AC 100 V ~ 240 V 50\/60 Hz Fuente de alimentaci\u00f3n: adaptador AC a DC (DC 11.0 ~ 18.0 V\/5 A) [&hellip;]<\/p>\n","protected":false},"featured_media":23516,"comment_status":"open","ping_status":"closed","template":"","meta":{"_lmt_disableupdate":"","_lmt_disable":""},"product_brand":[],"product_cat":[37],"product_tag":[],"class_list":{"0":"post-23515","1":"product","2":"type-product","3":"status-publish","4":"has-post-thumbnail","6":"product_cat-cargadores-y-fuentes","8":"first","9":"instock","10":"taxable","11":"shipping-taxable","12":"purchasable","13":"product-type-simple"},"_links":{"self":[{"href":"https:\/\/itv.geekbotelectronics.com\/index.php\/wp-json\/wp\/v2\/product\/23515"}],"collection":[{"href":"https:\/\/itv.geekbotelectronics.com\/index.php\/wp-json\/wp\/v2\/product"}],"about":[{"href":"https:\/\/itv.geekbotelectronics.com\/index.php\/wp-json\/wp\/v2\/types\/product"}],"replies":[{"embeddable":true,"href":"https:\/\/itv.geekbotelectronics.com\/index.php\/wp-json\/wp\/v2\/comments?post=23515"}],"wp:featuredmedia":[{"embeddable":true,"href":"https:\/\/itv.geekbotelectronics.com\/index.php\/wp-json\/wp\/v2\/media\/23516"}],"wp:attachment":[{"href":"https:\/\/itv.geekbotelectronics.com\/index.php\/wp-json\/wp\/v2\/media?parent=23515"}],"wp:term":[{"taxonomy":"product_brand","embeddable":true,"href":"https:\/\/itv.geekbotelectronics.com\/index.php\/wp-json\/wp\/v2\/product_brand?post=23515"},{"taxonomy":"product_cat","embeddable":true,"href":"https:\/\/itv.geekbotelectronics.com\/index.php\/wp-json\/wp\/v2\/product_cat?post=23515"},{"taxonomy":"product_tag","embeddable":true,"href":"https:\/\/itv.geekbotelectronics.com\/index.php\/wp-json\/wp\/v2\/product_tag?post=23515"}],"curies":[{"name":"wp","href":"https:\/\/api.w.org\/{rel}","templated":true}]}}