{"id":23517,"date":"2025-06-25T12:17:44","date_gmt":"2025-06-25T18:17:44","guid":{"rendered":"https:\/\/itv.geekbotelectronics.com\/?post_type=product&#038;p=23517"},"modified":"2025-10-13T10:43:33","modified_gmt":"2025-10-13T16:43:33","slug":"h11aa1-opto-acoplador-bi-direcional","status":"publish","type":"product","link":"https:\/\/itv.geekbotelectronics.com\/index.php\/product\/h11aa1-opto-acoplador-bi-direcional\/","title":{"rendered":"H11AA1 opto acoplador bi direcional"},"content":{"rendered":"<p>El H11AA1 es un optoacoplador salida fototransistor de entrada CA con conexi\u00f3n en base.\u00a0Es un aislador acoplado \u00f3pticamente como aislador de entrada bidireccional que consiste en 2 LEDs infrarrojos de arseniuro de galio paralelos invertidos acoplados a un fototransistor NPN de silicio.\u00a0El optoacoplador tiene un CTR m\u00ednimo de 20%, simetr\u00eda CTR de 1:3 y est\u00e1 dise\u00f1ado para aplicaciones que requieren la detecci\u00f3n o monitorizaci\u00f3n de se\u00f1ales de corriente alterna.<\/p>\n","protected":false},"excerpt":{"rendered":"<p>El H11AA1 es un optoacoplador salida fototransistor de entrada CA con conexi\u00f3n en base.\u00a0Es un aislador acoplado \u00f3pticamente como aislador de entrada bidireccional que consiste en 2 LEDs infrarrojos de arseniuro de galio paralelos invertidos acoplados a un fototransistor NPN de silicio.\u00a0El optoacoplador tiene un CTR m\u00ednimo de 20%, simetr\u00eda CTR de 1:3 y est\u00e1 [&hellip;]<\/p>\n","protected":false},"featured_media":23518,"comment_status":"open","ping_status":"closed","template":"","meta":{"_lmt_disableupdate":"no","_lmt_disable":""},"product_brand":[],"product_cat":[49,15],"product_tag":[],"class_list":{"0":"post-23517","1":"product","2":"type-product","3":"status-publish","4":"has-post-thumbnail","6":"product_cat-optoacopladores","7":"product_cat-uncategorized","9":"first","10":"instock","11":"taxable","12":"shipping-taxable","13":"purchasable","14":"product-type-simple"},"_links":{"self":[{"href":"https:\/\/itv.geekbotelectronics.com\/index.php\/wp-json\/wp\/v2\/product\/23517"}],"collection":[{"href":"https:\/\/itv.geekbotelectronics.com\/index.php\/wp-json\/wp\/v2\/product"}],"about":[{"href":"https:\/\/itv.geekbotelectronics.com\/index.php\/wp-json\/wp\/v2\/types\/product"}],"replies":[{"embeddable":true,"href":"https:\/\/itv.geekbotelectronics.com\/index.php\/wp-json\/wp\/v2\/comments?post=23517"}],"wp:featuredmedia":[{"embeddable":true,"href":"https:\/\/itv.geekbotelectronics.com\/index.php\/wp-json\/wp\/v2\/media\/23518"}],"wp:attachment":[{"href":"https:\/\/itv.geekbotelectronics.com\/index.php\/wp-json\/wp\/v2\/media?parent=23517"}],"wp:term":[{"taxonomy":"product_brand","embeddable":true,"href":"https:\/\/itv.geekbotelectronics.com\/index.php\/wp-json\/wp\/v2\/product_brand?post=23517"},{"taxonomy":"product_cat","embeddable":true,"href":"https:\/\/itv.geekbotelectronics.com\/index.php\/wp-json\/wp\/v2\/product_cat?post=23517"},{"taxonomy":"product_tag","embeddable":true,"href":"https:\/\/itv.geekbotelectronics.com\/index.php\/wp-json\/wp\/v2\/product_tag?post=23517"}],"curies":[{"name":"wp","href":"https:\/\/api.w.org\/{rel}","templated":true}]}}