{"id":2748,"date":"2022-09-05T22:08:32","date_gmt":"2022-09-06T04:08:32","guid":{"rendered":"https:\/\/itv.geekbotelectronics.com\/?post_type=product&#038;p=2748"},"modified":"2025-10-02T15:51:07","modified_gmt":"2025-10-02T21:51:07","slug":"74ls73-flip-flop-j-k","status":"publish","type":"product","link":"https:\/\/itv.geekbotelectronics.com\/index.php\/product\/74ls73-flip-flop-j-k\/","title":{"rendered":"74LS73 Flip Flop J K"},"content":{"rendered":"<h4>74LS73<\/h4>\n<div align=\"justify\"><span id=\"result_box\" class=\"\" lang=\"es\"><span class=\"\">El 74LS73 es un Flip-flop J-K dual con tecnolog\u00eda TTL con clear y dos flip-flops J-K independientes, reloj y entradas directas de clear.<\/span><br \/>\n<\/span><\/div>\n<p><span style=\"color: #000000\"><strong>Caracter\u00edsticas:<\/strong><\/span><\/p>\n<div>\n<ul>\n<li><span id=\"result_box\" lang=\"es\"><span class=\"hps\">Familia: LS<\/span><\/span><\/li>\n<li><span class=\"hps atn\">Tipo de Flip-<\/span>flop:\u00a0<span class=\"hps\">JK<\/span><\/li>\n<li><span class=\"hps\">Tipo de trigger<\/span>: Edge\u00a0<span class=\"hps\">Negativo<\/span><\/li>\n<li><span class=\"hps\"><span id=\"result_box\" lang=\"es\">Tipo de salida: Differential \/ Complementaria<\/span><\/span><\/li>\n<li><span class=\"hps\">Retardo de propagaci\u00f3n:<\/span>\u00a0<span class=\"hps\">15 ns<\/span><\/li>\n<li><span class=\"hps\">Frecuencia<\/span>: 30\u00a0<span class=\"hps\">MHz<\/span><\/li>\n<li><span id=\"result_box\">Tensi\u00f3n de alimentaci\u00f3n m\u00ednima: 4.75 V<\/span><\/li>\n<li><span id=\"result_box\">Tensi\u00f3n de alimentaci\u00f3n m\u00e1xima: 5.25 V<\/span><\/li>\n<li><span class=\"hps\">Corriente de salida:<\/span>\u00a0<span class=\"hps\">8 mA<\/span><\/li>\n<li><span id=\"result_box\">Temperatura de funcionamiento m\u00ednima: 0 \u00b0 C<\/span><\/li>\n<li><span id=\"result_box\">Temperatura de funcionamiento m\u00e1xima: 70 \u00b0 C<\/span><\/li>\n<li><span lang=\"es\"><span class=\"hps\">Encapsulado: DIP<\/span><\/span><\/li>\n<li><span lang=\"es\"><span class=\"hps\">14 pines<\/span><\/span><\/li>\n<\/ul>\n<\/div>\n","protected":false},"excerpt":{"rendered":"<p>74LS73 El 74LS73 es un Flip-flop J-K dual con tecnolog\u00eda TTL con clear y dos flip-flops J-K independientes, reloj y entradas directas de clear. Caracter\u00edsticas: Familia: LS Tipo de Flip-flop:\u00a0JK Tipo de trigger: Edge\u00a0Negativo Tipo de salida: Differential \/ Complementaria Retardo de propagaci\u00f3n:\u00a015 ns Frecuencia: 30\u00a0MHz Tensi\u00f3n de alimentaci\u00f3n m\u00ednima: 4.75 V Tensi\u00f3n de alimentaci\u00f3n [&hellip;]<\/p>\n","protected":false},"featured_media":46,"comment_status":"closed","ping_status":"closed","template":"","meta":{"_lmt_disableupdate":"no","_lmt_disable":""},"product_brand":[],"product_cat":[22],"product_tag":[],"class_list":{"0":"post-2748","1":"product","2":"type-product","3":"status-publish","4":"has-post-thumbnail","6":"product_cat-flip-flop","8":"first","9":"instock","10":"taxable","11":"shipping-taxable","12":"purchasable","13":"product-type-simple"},"_links":{"self":[{"href":"https:\/\/itv.geekbotelectronics.com\/index.php\/wp-json\/wp\/v2\/product\/2748"}],"collection":[{"href":"https:\/\/itv.geekbotelectronics.com\/index.php\/wp-json\/wp\/v2\/product"}],"about":[{"href":"https:\/\/itv.geekbotelectronics.com\/index.php\/wp-json\/wp\/v2\/types\/product"}],"replies":[{"embeddable":true,"href":"https:\/\/itv.geekbotelectronics.com\/index.php\/wp-json\/wp\/v2\/comments?post=2748"}],"wp:featuredmedia":[{"embeddable":true,"href":"https:\/\/itv.geekbotelectronics.com\/index.php\/wp-json\/wp\/v2\/media\/46"}],"wp:attachment":[{"href":"https:\/\/itv.geekbotelectronics.com\/index.php\/wp-json\/wp\/v2\/media?parent=2748"}],"wp:term":[{"taxonomy":"product_brand","embeddable":true,"href":"https:\/\/itv.geekbotelectronics.com\/index.php\/wp-json\/wp\/v2\/product_brand?post=2748"},{"taxonomy":"product_cat","embeddable":true,"href":"https:\/\/itv.geekbotelectronics.com\/index.php\/wp-json\/wp\/v2\/product_cat?post=2748"},{"taxonomy":"product_tag","embeddable":true,"href":"https:\/\/itv.geekbotelectronics.com\/index.php\/wp-json\/wp\/v2\/product_tag?post=2748"}],"curies":[{"name":"wp","href":"https:\/\/api.w.org\/{rel}","templated":true}]}}