{"id":2754,"date":"2022-09-05T22:08:33","date_gmt":"2022-09-06T04:08:33","guid":{"rendered":"https:\/\/itv.geekbotelectronics.com\/?post_type=product&#038;p=2754"},"modified":"2025-11-04T16:53:51","modified_gmt":"2025-11-04T22:53:51","slug":"cable-usb-a-a-b","status":"publish","type":"product","link":"https:\/\/itv.geekbotelectronics.com\/index.php\/product\/cable-usb-a-a-b\/","title":{"rendered":"Cable USB A a B"},"content":{"rendered":"<h4>Cable USB A a B<\/h4>\n<div>\n<p>El cable USB A a B, dispone de un conector USB &#8220;A&#8221;\u00a0macho y un conector USB &#8220;B&#8221;\u00a0macho que proporcionan una conexi\u00f3n de alta calidad a perif\u00e9ricos USB 2.0, tales como impresoras, esc\u00e1ners o discos duros externos.<\/p>\n<p>Ideal para usarlo con Arduino UNO y MEGA.<\/p>\n<p>Fabricado con materiales de primera calidad y dise\u00f1ado por expertos para proporcionar durabilidad.<\/p>\n<h4>Especificaciones<\/h4>\n<\/div>\n<div>\n<ul>\n<li>Longitud:\u00a0 180\u00a0 cms<\/li>\n<li>Conexi\u00f3n:\u00a0De macho USB-A \u00a0a macho USB-B<\/li>\n<li>Protocolos compatibles:\u00a0\u00a0 USB 2.0<\/li>\n<li>Dise\u00f1o duradero, con conectores USB de alta calidad<\/li>\n<li>F\u00e1cil de usar y de instalar<\/li>\n<\/ul>\n<\/div>\n","protected":false},"excerpt":{"rendered":"<p>El cable USB A a B es ideal para usarlo con Arduino UNO y MEGA.<\/p>\n","protected":false},"featured_media":24697,"comment_status":"closed","ping_status":"closed","template":"","meta":{"_lmt_disableupdate":"no","_lmt_disable":""},"product_brand":[],"product_cat":[36],"product_tag":[],"class_list":{"0":"post-2754","1":"product","2":"type-product","3":"status-publish","4":"has-post-thumbnail","6":"product_cat-cables-usb","8":"first","9":"outofstock","10":"taxable","11":"shipping-taxable","12":"purchasable","13":"product-type-simple"},"_links":{"self":[{"href":"https:\/\/itv.geekbotelectronics.com\/index.php\/wp-json\/wp\/v2\/product\/2754"}],"collection":[{"href":"https:\/\/itv.geekbotelectronics.com\/index.php\/wp-json\/wp\/v2\/product"}],"about":[{"href":"https:\/\/itv.geekbotelectronics.com\/index.php\/wp-json\/wp\/v2\/types\/product"}],"replies":[{"embeddable":true,"href":"https:\/\/itv.geekbotelectronics.com\/index.php\/wp-json\/wp\/v2\/comments?post=2754"}],"wp:featuredmedia":[{"embeddable":true,"href":"https:\/\/itv.geekbotelectronics.com\/index.php\/wp-json\/wp\/v2\/media\/24697"}],"wp:attachment":[{"href":"https:\/\/itv.geekbotelectronics.com\/index.php\/wp-json\/wp\/v2\/media?parent=2754"}],"wp:term":[{"taxonomy":"product_brand","embeddable":true,"href":"https:\/\/itv.geekbotelectronics.com\/index.php\/wp-json\/wp\/v2\/product_brand?post=2754"},{"taxonomy":"product_cat","embeddable":true,"href":"https:\/\/itv.geekbotelectronics.com\/index.php\/wp-json\/wp\/v2\/product_cat?post=2754"},{"taxonomy":"product_tag","embeddable":true,"href":"https:\/\/itv.geekbotelectronics.com\/index.php\/wp-json\/wp\/v2\/product_tag?post=2754"}],"curies":[{"name":"wp","href":"https:\/\/api.w.org\/{rel}","templated":true}]}}