{"id":2771,"date":"2022-09-05T22:08:37","date_gmt":"2022-09-06T04:08:37","guid":{"rendered":"https:\/\/itv.geekbotelectronics.com\/?post_type=product&#038;p=2771"},"modified":"2023-09-08T17:13:29","modified_gmt":"2023-09-08T23:13:29","slug":"programador-pickit-2","status":"publish","type":"product","link":"https:\/\/itv.geekbotelectronics.com\/index.php\/product\/programador-pickit-2\/","title":{"rendered":"Programador PICkit 2"},"content":{"rendered":"<p style=\"color: #2f2f2f;\"><strong>PIC10F Series Devices:<br \/>\n<\/strong>PIC10F200, PIC10F202, PIC10F204, PIC10F206, PIC10F220, PIC10F222<\/p>\n<p>PIC12F Series Devices:<br \/>\nPIC12F508, PIC12F509, PIC12F510, PIC12F519, PIC12F609, PIC12HV609, PIC12F615, PIC12FHV615<br \/>\nPIC12F629, PIC12F635, PIC12F675, PIC12F683<br \/>\n<strong><br \/>\nPIC16F Series Devices:<br \/>\n<\/strong>PIC16F505, PIC16F506, PIC16F526,<br \/>\nPIC16F54, PIC16F57, PIC16F59,<br \/>\nPIC16F610, PIC16FHV610, PIC16F616, PIC16FHV616<br \/>\nPIC16F627, PIC16F628, PIC16F627A, PIC16F628A, PIC16F648A, PIC16F630, PIC16F631, PIC16F636, PIC16F639, PIC16F676<br \/>\nPIC16F677, PIC16F684, PIC16F685, PIC16F687, PIC16F688, PIC16F689, PIC16F690,<br \/>\nPIC16F72, PIC16F73, PIC16F74, PIC16F76, PIC16F77, PIC16F722, PIC16F723, PIC16F724, PIC16F726, PIC16F727, PIC16F716,<br \/>\nPIC16F737, PIC16F747, PIC16F767, PIC16F777, PIC16F785, PIC16FHV785,<br \/>\nPIC16F84A, PIC16F87, PIC16F88, PIC16F818, PIC16F819, PIC16F870, PIC16F871, PIC16F872, PIC16F873, PIC16F874,<br \/>\nPIC16F876, PIC16F877, PIC16F873A, PIC16F874A, PIC16F876A, PIC16F877A, PIC16F882, PIC16F883, PIC16F884, PIC16F886, PIC16F887,<br \/>\nPIC16F913, PIC16F914, PIC16F916, PIC16F917, PIC16F946, PIC16F1933, PIC16F1934, PIC16F1936, PIC16F1937,<br \/>\nPIC16F1938, PIC16F1939, PIC16LF1933, PIC16F1934, PIC16F1936, PIC16F1937, PIC16LF1938, PIC16LF1939<br \/>\n<strong><br \/>\nPIC18F Series Devices:<br \/>\n<\/strong>PIC18F242, PIC18F252, PIC18F442, PIC18F452<br \/>\nPIC18F248, PIC18F258, PIC18F448, PIC18F458<br \/>\nPIC18F1220, PIC18F1320, PIC18F2220, PIC18F2320<br \/>\nPIC18F1230, PIC18F1330<br \/>\nPIC18F2221, PIC18F2321<br \/>\nPIC18F2331, PIC18F2410, PIC18F2420, PIC18F2431<br \/>\nPIC18F2423<br \/>\nPIC18F2450, PIC18F2455, PIC18F2458, PIC18F2480<br \/>\nPIC18F2510, PIC18F2515, PIC18F2520, PIC18F2523<br \/>\nPIC18F2525<br \/>\nPIC18F2550, PIC18F2553, PIC18F2580, PIC18F2585<br \/>\nPIC18F2610, PIC18F2620, PIC18F2680<br \/>\nPIC18F2682, PIC18F2685<br \/>\nPIC18F4220, PIC18F4221<br \/>\nPIC18F4320, PIC18F4321, PIC18F4331<br \/>\nPIC18F4410, PIC18F4420, PIC18F4423<br \/>\nPIC18F4431, PIC18F4450, PIC18F4455<br \/>\nPIC18F4458, PIC18F4480<br \/>\nPIC18F4510, PIC18F4515, PIC18F4520, PIC18F4523<br \/>\nPIC18F4525, PIC18F4550, PIC18F4553, PIC18F4580<br \/>\nPIC18F4585<br \/>\nPIC18F4610, PIC18F4620, PIC18F4680<br \/>\nPIC18F4682, PIC18F4685<br \/>\nPIC18F6310, PIC18F6390, PIC18F6393<br \/>\nPIC18F6410, PIC18F6490, PIC18F6493<br \/>\nPIC18F6520, PIC18F6525, PIC18F6527, PIC18F6585<br \/>\nPIC18F6620, PIC18F6621, PIC18F6622, PIC18F6627<br \/>\nPIC18F6628, PIC18F6680<br \/>\nPIC18F6720, PIC18F6722, PIC18F6723<br \/>\nPIC18F8310, PIC18F8390, PIC18F8393<br \/>\nPIC18F8410, PIC18F8490, PIC18F8493<br \/>\nPIC18F8520, PIC18F8525, PIC18F8527, PIC18F8585<br \/>\nPIC18F8621, PIC18F8620, PIC18F8622, PIC18F8627<br \/>\nPIC18F8628, PIC18F8680<br \/>\nPIC18F8720, PIC18F8722, PIC18F8723<\/p>\n<p>PIC18F24J10, F25J10, F44J10, F45J10<br \/>\nPIC18LF24J10, LF25J10, LF44J10, LF45J10<br \/>\nPIC18F24J11, F25J11, F44J11, F45J11<br \/>\nPIC18LF24J11, LF25J11, LF44J11, LF45J11<br \/>\nPIC18F26J11, F46J11<br \/>\nPIC18LF26J11, LF46J11<br \/>\nPIC18F24J50, F25J50, F44J50, F45J50<br \/>\nPIC18LF24J50, LF25J50, LF44J50, LF45J50<br \/>\nPIC18F26J50, F46J50<br \/>\nPIC18LF26J50, LF46J50<br \/>\nPIC18F63J11, 63J90, 64J11, 64J90<br \/>\nPIC18F65J10, 65J11, 65J15<br \/>\nPIC18F65J50, 65J90<br \/>\nPIC18F66J10, 66J11, 66J15, 66J16<br \/>\nPIC18F66J50, 66J55, 66J60, 66J65<br \/>\nPIC18F66J90<br \/>\nPIC18F67J10, 67J11, 67J50, 67J60<br \/>\nPIC18F67J90<br \/>\nPIC18F83J11, 83J90, 84J11, 84J90<br \/>\nPIC18F85J10, 85J11, 85J15, 85J50<br \/>\nPIC18F85J90<br \/>\nPIC18F86J10, 86J11, 86J15, 86J16<br \/>\nPIC18F86J50, 86J55, 86J60, 86J65<br \/>\nPIC18F86J90<br \/>\nPIC18F87J10, 87J11, 87J50, 87J60<br \/>\nPIC18F86J90<br \/>\nPIC18F96J60, 96J65<br \/>\nPIC18F97J60<\/p>\n<p>PIC18F13K22, LF13K22, F14K22, LF14K22<br \/>\nPIC18F13K50, 14K50<br \/>\nPIC18F23K20, 24K20, 25K20, 26K20<br \/>\nPIC18F43K20, 44K20, 45K20, 46K20<br \/>\n<strong><br \/>\nPIC24 Series Devices:<br \/>\n<\/strong>PIC24F04KA200, 04KA201<br \/>\nPIC24F08KA101, 08KA102<br \/>\nPIC24F16KA101, 16KA102<\/p>\n<p>PIC24FJ16GA002, 16GA004<br \/>\nPIC24FJ32GA002, 32GA004<br \/>\nPIC24FJ32GA102, 32GA104<br \/>\nPIC24FJ32GB002, 32GB004<br \/>\nPIC24FJ48GA002, 48GA004<br \/>\nPIC24FJ64GA002, 64GA004<br \/>\nPIC24FJ64GA102, 64GA104<br \/>\nPIC24FJ64GB002, 64GB004<br \/>\nPIC24FJ64GA006, 64GA008, 64GA010<br \/>\nPIC24FJ64GB106, 64GB108, 64GB110<br \/>\nPIC24FJ96GA006, 96GA008, 96GA010<br \/>\nPIC24FJ128GA006, 128GA008, 128GA010<br \/>\nPIC24FJ128GA106, 128GA108, 128GA110<br \/>\nPIC24FJ128GB106, 128GB108, 128GB110<br \/>\nPIC24FJ192GA106, 192GA108, 192GA110<br \/>\nPIC24FJ192GB106, 192GB108, 192GB110<br \/>\nPIC24FJ256GA106, 256GA108, 256GA110<br \/>\nPIC24FJ256GB106, 256GB108, 256GB110<\/p>\n<p>PIC24HJ12GP201, 12GP202<br \/>\nPIC24HJ16GP304<br \/>\nPIC24HJ32GP202, 32GP204<br \/>\nPIC24HJ32GP302, 32GP304<br \/>\nPIC24HJ64GP202, 64GP204<br \/>\nPIC24HJ64GP206, 64GP210, 64GP506<br \/>\nPIC24HJ64GP502, 64GP504, 64GP510<br \/>\nPIC24HJ128GP202, 128GP204<br \/>\nPIC24HJ128GP206, 128GP210, 128GP306<br \/>\nPIC24HJ128GP310<br \/>\nPIC24HJ128GP502, 128GP504<br \/>\nPIC24HJ128GP506, 128GP510<br \/>\nPIC24HJ256GP206, 256GP210, 256GP610<br \/>\n<strong><br \/>\ndsPIC30 Series Devices<br \/>\n<\/strong>dsPIC30F1010<br \/>\ndsPIC30F2010, 2011, 2012<br \/>\ndsPIC30F2020, 2023<br \/>\ndsPIC30F4011, 4012, 4013<br \/>\ndsPIC30F5011, 5013, 5015, 5016<br \/>\ndsPIC30F6010A, 6011A, 6012A<br \/>\ndsPIC39F6013A, 6014A, 6015<br \/>\n<strong><br \/>\ndsPIC33 Series Devices:<br \/>\n<\/strong>dsPIC33FJ12GP201, 12GP202<br \/>\ndsPIC33FJ16GP304<br \/>\ndsPIC33FJ32GP202, 32GP204<br \/>\ndsPIC33FJ32GP302, 32GP304<br \/>\ndsPIC33FJ64GP202, 64GP204<br \/>\ndsPIC33FJ64GP206, 64GP306, 64GP310<br \/>\ndsPIC33FJ64GP706, 64GP708, 64GP710<br \/>\ndsPIC33FJ64GP802, 64GP804<br \/>\ndsPIC33FJ128GP202, 128GP204<br \/>\ndsPIC33FJ128GP206, 128GP306, 128GP310<br \/>\ndsPIC33FJ128GP706, 128GP708, 128GP710<br \/>\ndsPIC33FJ128GP802, 128GP804<br \/>\ndsPIC33FJ256GP506, 256GP510, 256GP710<\/p>\n<p>dsPIC33FJ06GS101, 06GS102, 06GS202<br \/>\ndsPIC33FJ16GS402, 16GS404<br \/>\ndsPIC33FJ16GS502, 16GS504<\/p>\n<p>dsPIC33FJ12MC201, 12MC202<br \/>\ndsPIC33FJ16MC304<br \/>\ndsPIC33FJ32MC202, 32MC204<br \/>\ndsPIC33FJ32MC302, 32MC304<br \/>\ndsPIC33FJ64MC202, 64MC204<br \/>\ndsPIC33FJ64MC506, 64MC508, 64MC510<br \/>\ndsPIC33FJ64MC706, 64MC710<br \/>\ndsPIC33FJ64MC802, 64MC804<br \/>\ndsPIC33FJ128MC202, 128MC204<br \/>\ndsPIC33FJ128MC506, 128MC510<br \/>\ndsPIC33FJ128MC706, 128MC708, 128MC710<br \/>\ndsPIC33FJ128MC802, 128MC804<br \/>\ndsPIC33FJ256MC510, 256MC710<br \/>\n<strong><br \/>\nPIC32 Series Devices:<br \/>\n<\/strong>PIC32MX320F032H, 320F064H<br \/>\nPIC32MX320F128H, 320F128L<br \/>\nPIC32MX340F128H, 340F128L<br \/>\nPIC32MX340F256H<br \/>\nPIC32MX340F512H<br \/>\nPIC32MX360F256L, 360F512L<br \/>\nPIC32MX420F032H<br \/>\nPIC32MX440F128L, 440F128H<br \/>\nPIC32MX440F256H<br \/>\nPIC32MX440F512H<br \/>\nPIC32MX460F256L, 460F512L<br \/>\n<strong><br \/>\n11 Series Serial EEPROM Devices:<br \/>\n<\/strong>11LC\/AA010<br \/>\n11LC\/AA020<br \/>\n11LC\/AA040<br \/>\n11LC\/AA080<br \/>\n11LC\/AA160<br \/>\n<strong><br \/>\n24 Series Serial EEPROM Devices<br \/>\n<\/strong>24LC\/AA\/C00<br \/>\n24LC\/AA01B, 02B, 04B, 08B<br \/>\n24LC\/AA16B, 32A<br \/>\n24LC\/AA\/FC64, 128, 256, 512<br \/>\n24LC\/AA\/FC1025<br \/>\n<strong><br \/>\n25 Series Serial EEPROM Devices<br \/>\n<\/strong>25LC\/AA010A, 020A, 040A<br \/>\n25LC\/AA080A, 080B, 160A, 160B<br \/>\n25LC\/AA320A, 640A<br \/>\n25LC\/AA128, 256, 512, 1024<br \/>\n<strong><br \/>\n93 Series Serial EEPROM Devices<br \/>\n<\/strong>25LC\/AA\/C46A, 46B, 46C<br \/>\n25LC\/AA\/C56A, 56B, 56C<br \/>\n25LC\/AA\/C66A, 66B, 66C<br \/>\n25LC\/AA\/C47A, 76B, 76C<br \/>\n25LC\/AA\/C48A, 86B, 86C<br \/>\n<strong><br \/>\nMCP250xx CAN Devices<br \/>\n<\/strong>MCP25020, 25025<br \/>\nMCP25050, 25055<\/p>\n<p style=\"color: #2f2f2f;\"><strong>Contenido del paquete:<\/strong><br \/>\n&#8211; PIC KIT \u00a02 Compatible USB programador \/ depurador x 1<br \/>\n&#8211; Mini Cable USB x 1<br \/>\n&#8211; CD Software \u00d7 1<\/p>\n","protected":false},"excerpt":{"rendered":"<p>Caracter\u00edsticas de socket MCU universal ZIF para una f\u00e1cil programaci\u00f3n.<br \/>\nEsta alta calidad del programador \/ depurador consiste en un 40 pines DIP socket ZIF. El z\u00f3calo permite insertar y retirar un chip sin necesidad de herramientas especiales. Con estos z\u00f3calos ZIF, el desarrollador podr\u00eda insertar 8 pines, 18pin, 20pin, 28PIN y 40-pin MCU f\u00e1cilmente. Posiciones del dispositivo son los siguientes.<\/p>\n<p>&nbsp;<\/p>\n<p>Caracter\u00edsticas de PICKIT2 Compatible programador \/ depurador:<br \/>\n&#8211; Compatibilidad con USB de velocidad completa el uso de controladores est\u00e1ndar de Windows (Windows 7 Supported)<br \/>\n&#8211; La ejecuci\u00f3n en tiempo real<br \/>\n&#8211; Procesadores de correr a velocidades m\u00e1ximas<br \/>\n&#8211; Construida en el Circuit Monitor over-voltage\/short<br \/>\n&#8211; Bajo voltaje a 5V (1,8 a 5 V gama)<br \/>\n&#8211; Soporta 3.3V<br \/>\n&#8211; LEDs de diagn\u00f3stico (energ\u00eda, activa, de estado)<br \/>\n&#8211; Programa de lectura \/ escritura y la memoria de datos del microcontrolador<br \/>\n&#8211; Borrar de todos los tipos de memoria (EEPROM, ID, configuraci\u00f3n y programas) con la verificaci\u00f3n<br \/>\n&#8211; Congelaci\u00f3n de perif\u00e9ricos a punto de interrupci\u00f3n<br \/>\n&#8211; Soporta la programaci\u00f3n de 8 pines, 18 pines, 20 pines, 28 pines, 40 pines PIC Microcontroladores<br \/>\n&#8211; Soporta 5V y 3.3V PIC 10F, 12F, 16F, 18F, 24F, dsPIC30F y dsPIC33F Familias<\/p>\n<p>&nbsp;<\/p>\n<p>&nbsp;<\/p>\n<p>&nbsp;<\/p>\n<p>Descargas<\/p>\n<p>&nbsp;<\/p>\n<p><a href=\"http:\/\/www.microchip.com\/mplabx-ide-windows-installer\">MPLAB X IDE Windows 32\/64 Bits\u00a0v2.26<\/a><\/p>\n<p><a href=\"http:\/\/www.microchip.com\/mplabx-ide-linux-installer\">MPLAB X IDE LINUX v2.26\u00a0<\/a><\/p>\n<p><a href=\"http:\/\/www.microchip.com\/mplabx-ide-osx-installer\">MPLAB X IDE MAC v2.26<\/a><\/p>\n<p>&nbsp;<\/p>\n<p><a href=\"http:\/\/www.geekbotelectronics.com\/wp-content\/uploads\/2015\/01\/MikroBasic-Pro.7z\"> mikroC_PRO_for_PIC_v4.15.7z<\/a><\/p>\n<p><a href=\"http:\/\/www.geekbotelectronics.com\/wp-content\/uploads\/2015\/01\/PIC-Simulators.7z\">PIC Simulators.7z<\/a><\/p>\n<p><a href=\"http:\/\/www.geekbotelectronics.com\/wp-content\/uploads\/2015\/01\/PIC-Timer-Calculator.7z\">PIC Timer Calculator.7z<\/a><\/p>\n<p><a href=\"http:\/\/www.geekbotelectronics.com\/wp-content\/uploads\/2015\/01\/PICkit-2-v2.61.00-Setup-A.7z\">PICkit 2 v2.61.00 Setup A.7z<\/a><\/p>\n<p>&nbsp;<\/p>\n","protected":false},"featured_media":93,"comment_status":"closed","ping_status":"closed","template":"","meta":{"_lmt_disableupdate":"","_lmt_disable":""},"product_brand":[],"product_cat":[45],"product_tag":[],"class_list":{"0":"post-2771","1":"product","2":"type-product","3":"status-publish","4":"has-post-thumbnail","6":"product_cat-programadores","8":"first","9":"outofstock","10":"taxable","11":"shipping-taxable","12":"purchasable","13":"product-type-simple"},"_links":{"self":[{"href":"https:\/\/itv.geekbotelectronics.com\/index.php\/wp-json\/wp\/v2\/product\/2771"}],"collection":[{"href":"https:\/\/itv.geekbotelectronics.com\/index.php\/wp-json\/wp\/v2\/product"}],"about":[{"href":"https:\/\/itv.geekbotelectronics.com\/index.php\/wp-json\/wp\/v2\/types\/product"}],"replies":[{"embeddable":true,"href":"https:\/\/itv.geekbotelectronics.com\/index.php\/wp-json\/wp\/v2\/comments?post=2771"}],"wp:featuredmedia":[{"embeddable":true,"href":"https:\/\/itv.geekbotelectronics.com\/index.php\/wp-json\/wp\/v2\/media\/93"}],"wp:attachment":[{"href":"https:\/\/itv.geekbotelectronics.com\/index.php\/wp-json\/wp\/v2\/media?parent=2771"}],"wp:term":[{"taxonomy":"product_brand","embeddable":true,"href":"https:\/\/itv.geekbotelectronics.com\/index.php\/wp-json\/wp\/v2\/product_brand?post=2771"},{"taxonomy":"product_cat","embeddable":true,"href":"https:\/\/itv.geekbotelectronics.com\/index.php\/wp-json\/wp\/v2\/product_cat?post=2771"},{"taxonomy":"product_tag","embeddable":true,"href":"https:\/\/itv.geekbotelectronics.com\/index.php\/wp-json\/wp\/v2\/product_tag?post=2771"}],"curies":[{"name":"wp","href":"https:\/\/api.w.org\/{rel}","templated":true}]}}