{"id":2786,"date":"2022-09-05T22:08:38","date_gmt":"2022-09-06T04:08:38","guid":{"rendered":"https:\/\/itv.geekbotelectronics.com\/?post_type=product&#038;p=2786"},"modified":"2025-11-10T15:21:16","modified_gmt":"2025-11-10T21:21:16","slug":"cd4013-flip-flop-tipo-d","status":"publish","type":"product","link":"https:\/\/itv.geekbotelectronics.com\/index.php\/product\/cd4013-flip-flop-tipo-d\/","title":{"rendered":"CD4013 Flip Flop Tipo D"},"content":{"rendered":"<h4>CD4013 Flip Flop Tipo D<\/h4>\n<p><span style=\"font-style: inherit;font-weight: inherit\">El circuito integrado CD4013<b><strong style=\"font-style: inherit\">\u00a0<\/strong><\/b> contiene en su interior 2 Flip Flop del tipo D. Los cuales cuentan con dos salidas complementarias, es decir una de ellas es contraria con respecto a la otra.<\/span><\/p>\n<p><span style=\"font-style: inherit;font-weight: inherit\">Cada Flip Flop del CD4013 es \u201cdisparado\u201d por una transici\u00f3n de bajo a alto en el terminal llamado reloj (clock).<\/span><\/p>\n<p><span style=\"font-style: inherit;font-weight: inherit\">Cuando esto ocurre, el estado en el terminal dato pasara a la salida, siempre y cuando los terminales Set y Reset se encuentren en estado bajo.<\/span><\/p>\n<p><strong>Especificaciones<\/strong><\/p>\n<ul>\n<li><span class=\"hps\">IC<\/span>, D-TYPE\u00a0<span class=\"hps\">FLIP<\/span>\u00a0<span class=\"hps\">FLOP<\/span>, DUAL, DIP-14<\/li>\n<li>Tipo: CMOS<\/li>\n<li><span class=\"hps atn\">Flip-<\/span>Flop\u00a0<span class=\"hps\">Tipo: D<\/span><\/li>\n<li><span class=\"hps\">Retardo de propagaci\u00f3n:<\/span>\u00a0<span class=\"hps\">45 ns<\/span><\/li>\n<li><span class=\"hps\">Frecuencia:<\/span>\u00a0<span class=\"hps\">12 MHz<\/span><\/li>\n<li><span class=\"hps\">Salida de corriente<\/span>: 6.8\u00a0<span class=\"hps\">mA<\/span><\/li>\n<li><span class=\"hps\">Tipo de disparo<\/span>: Edge\u00a0<span class=\"hps\">Positivo<\/span><\/li>\n<li><span class=\"hps\">IC<\/span>\u00a0<span class=\"hps\">Tipo de salida:<\/span>\u00a0<span class=\"hps\">Differential<\/span>\u00a0<span class=\"hps\">\/<\/span>\u00a0<span class=\"hps\">Complementaria<\/span><\/li>\n<li><span class=\"hps\">Voltaje<\/span>: 3 V\u00a0<span class=\"hps\">a<\/span>\u00a0<span class=\"hps\">15 V<\/span><\/li>\n<li><span class=\"hps\">Antiest\u00e1tico: No tomar con los dedos, s\u00f3lo pulsera antiest\u00e1tica<br \/>\n<\/span><\/li>\n<li><span class=\"hps\">Encapsulado DIP<\/span><\/li>\n<li><span class=\"hps\">14 pines<\/span><\/li>\n<\/ul>\n","protected":false},"excerpt":{"rendered":"<p>2 Flip-Flops tipo D con set\/reset. Alimentaci\u00f3n de 3 a 15V. Tecnolog\u00eda CMOS. Empaque 14-DIP.<\/p>\n","protected":false},"featured_media":106,"comment_status":"closed","ping_status":"closed","template":"","meta":{"_lmt_disableupdate":"no","_lmt_disable":""},"product_brand":[],"product_cat":[22],"product_tag":[],"class_list":{"0":"post-2786","1":"product","2":"type-product","3":"status-publish","4":"has-post-thumbnail","6":"product_cat-flip-flop","8":"first","9":"instock","10":"taxable","11":"shipping-taxable","12":"purchasable","13":"product-type-simple"},"_links":{"self":[{"href":"https:\/\/itv.geekbotelectronics.com\/index.php\/wp-json\/wp\/v2\/product\/2786"}],"collection":[{"href":"https:\/\/itv.geekbotelectronics.com\/index.php\/wp-json\/wp\/v2\/product"}],"about":[{"href":"https:\/\/itv.geekbotelectronics.com\/index.php\/wp-json\/wp\/v2\/types\/product"}],"replies":[{"embeddable":true,"href":"https:\/\/itv.geekbotelectronics.com\/index.php\/wp-json\/wp\/v2\/comments?post=2786"}],"wp:featuredmedia":[{"embeddable":true,"href":"https:\/\/itv.geekbotelectronics.com\/index.php\/wp-json\/wp\/v2\/media\/106"}],"wp:attachment":[{"href":"https:\/\/itv.geekbotelectronics.com\/index.php\/wp-json\/wp\/v2\/media?parent=2786"}],"wp:term":[{"taxonomy":"product_brand","embeddable":true,"href":"https:\/\/itv.geekbotelectronics.com\/index.php\/wp-json\/wp\/v2\/product_brand?post=2786"},{"taxonomy":"product_cat","embeddable":true,"href":"https:\/\/itv.geekbotelectronics.com\/index.php\/wp-json\/wp\/v2\/product_cat?post=2786"},{"taxonomy":"product_tag","embeddable":true,"href":"https:\/\/itv.geekbotelectronics.com\/index.php\/wp-json\/wp\/v2\/product_tag?post=2786"}],"curies":[{"name":"wp","href":"https:\/\/api.w.org\/{rel}","templated":true}]}}