{"id":2787,"date":"2022-09-05T22:08:38","date_gmt":"2022-09-06T04:08:38","guid":{"rendered":"https:\/\/itv.geekbotelectronics.com\/?post_type=product&#038;p=2787"},"modified":"2025-10-13T10:09:39","modified_gmt":"2025-10-13T16:09:39","slug":"motorreductor-plastico-1120-i","status":"publish","type":"product","link":"https:\/\/itv.geekbotelectronics.com\/index.php\/product\/motorreductor-plastico-1120-i\/","title":{"rendered":"Motorreductor Pl\u00e1stico 1:120 i"},"content":{"rendered":"<h4>Motorreductor Pl\u00e1stico 1:120 i<\/h4>\n<p>Motorreductor pl\u00e1stico\u00a0(motor de engranajes) tipo T (doble eje) compatible con llantas de 65mm, perfecto para proyectos de rob\u00f3tica. Voltaje de operaci\u00f3n de 3v hasta 12v, cuenta con caja reductora pl\u00e1stica.<\/p>\n<p>Un motorreductor el\u00e9ctrico tiene una determinada potencia en HP y tiene una cierta velocidad de operaci\u00f3n a la cual gira la flecha de salida, por ejemplo 100 Revoluciones por Minuto (RPM).<\/p>\n<p>Estas dos caracter\u00edsticas: Velocidad y Potencia llevan aparejado un cierto \u201ctorque\u201d o\u00a0 \u201cpar\u201d que puede liberar el motor. Es precisamente el \u201cpar\u201d lo que permitir\u00e1 que podamos o no girar una determinada carga, cuanto m\u00e1s alto el \u201cpar\u201d m\u00e1s grande ser\u00e1 la carga que podamos girar. El que tan r\u00e1pido podamos hacerlo depender\u00e1 de la potencia del motorreductor. Las dos caracter\u00edsticas est\u00e1n interrelacionadas y dependen una de la otra.<\/p>\n<p><strong>Caracter\u00edsticas:<\/strong><\/p>\n<p>&#8211; Torque: 4.5\u00a0Kg F*cm.<\/p>\n<p>&#8211; Velocidad: 100\u00a0RPM.<\/p>\n<p>&#8211; Consumo de corriente sin carga: 60\u00a0mA.<\/p>\n<p>&#8211; Consumo de corriente atrancado: 670mA.<\/p>\n<p>&#8211; Rango de voltaje de alimentaci\u00f3n: 3 a 12V DC.<\/p>\n<p>&#8211; Tama\u00f1o: 70.50 mm x 27.00 mm x 23.00 mm<\/p>\n<p>&#8211; Material: Pl\u00e1stico<\/p>\n<p>&#8211; Color: Amarillo<\/p>\n<p>&#8211; Engranaje de pl\u00e1stico<\/p>\n","protected":false},"excerpt":{"rendered":"<p>Motorreductor Pl\u00e1stico 1:120 i Motorreductor pl\u00e1stico\u00a0(motor de engranajes) tipo T (doble eje) compatible con llantas de 65mm, perfecto para proyectos de rob\u00f3tica. Voltaje de operaci\u00f3n de 3v hasta 12v, cuenta con caja reductora pl\u00e1stica. Un motorreductor el\u00e9ctrico tiene una determinada potencia en HP y tiene una cierta velocidad de operaci\u00f3n a la cual gira la [&hellip;]<\/p>\n","protected":false},"featured_media":107,"comment_status":"closed","ping_status":"closed","template":"","meta":{"_lmt_disableupdate":"no","_lmt_disable":""},"product_brand":[],"product_cat":[54],"product_tag":[],"class_list":{"0":"post-2787","1":"product","2":"type-product","3":"status-publish","4":"has-post-thumbnail","6":"product_cat-motores-reductores","8":"first","9":"outofstock","10":"taxable","11":"shipping-taxable","12":"purchasable","13":"product-type-simple"},"_links":{"self":[{"href":"https:\/\/itv.geekbotelectronics.com\/index.php\/wp-json\/wp\/v2\/product\/2787"}],"collection":[{"href":"https:\/\/itv.geekbotelectronics.com\/index.php\/wp-json\/wp\/v2\/product"}],"about":[{"href":"https:\/\/itv.geekbotelectronics.com\/index.php\/wp-json\/wp\/v2\/types\/product"}],"replies":[{"embeddable":true,"href":"https:\/\/itv.geekbotelectronics.com\/index.php\/wp-json\/wp\/v2\/comments?post=2787"}],"wp:featuredmedia":[{"embeddable":true,"href":"https:\/\/itv.geekbotelectronics.com\/index.php\/wp-json\/wp\/v2\/media\/107"}],"wp:attachment":[{"href":"https:\/\/itv.geekbotelectronics.com\/index.php\/wp-json\/wp\/v2\/media?parent=2787"}],"wp:term":[{"taxonomy":"product_brand","embeddable":true,"href":"https:\/\/itv.geekbotelectronics.com\/index.php\/wp-json\/wp\/v2\/product_brand?post=2787"},{"taxonomy":"product_cat","embeddable":true,"href":"https:\/\/itv.geekbotelectronics.com\/index.php\/wp-json\/wp\/v2\/product_cat?post=2787"},{"taxonomy":"product_tag","embeddable":true,"href":"https:\/\/itv.geekbotelectronics.com\/index.php\/wp-json\/wp\/v2\/product_tag?post=2787"}],"curies":[{"name":"wp","href":"https:\/\/api.w.org\/{rel}","templated":true}]}}