{"id":2789,"date":"2022-09-05T22:08:38","date_gmt":"2022-09-06T04:08:38","guid":{"rendered":"https:\/\/itv.geekbotelectronics.com\/?post_type=product&#038;p=2789"},"modified":"2025-11-12T10:44:03","modified_gmt":"2025-11-12T16:44:03","slug":"puente-rectificador-2w10","status":"publish","type":"product","link":"https:\/\/itv.geekbotelectronics.com\/index.php\/product\/puente-rectificador-2w10\/","title":{"rendered":"Puente Rectificador 2W10"},"content":{"rendered":"<h4 style=\"text-align: justify\"><span style=\"color: #000000\">Puente Rectificador<\/span><\/h4>\n<p style=\"text-align: justify\"><span style=\"color: #000000\">Un puente rectificador es un arreglo de componentes electr\u00f3nicos, que esta presente en la mayor\u00eda de las fuentes de voltaje; el puente esta formado regularmente por cuatro <a style=\"color: #000000\" title=\"Diodo\" href=\"https:\/\/es.wikipedia.org\/wiki\/Diodo\">diodos<\/a> comunes conectados de forma especifica, que convierten una se\u00f1al con partes positivas y negativas en una se\u00f1al \u00fanicamente positiva.\u00a0Un simple diodo permitir\u00eda quedarse con la parte positiva, pero el puente permite aprovechar tambi\u00e9n la parte negativa. El puente, junto con un <a style=\"color: #000000\" title=\"Condensador el\u00e9ctrico\" href=\"https:\/\/es.wikipedia.org\/wiki\/Condensador_el%C3%A9ctrico\">condensador<\/a> y un <a style=\"color: #000000\" title=\"Diodo Zener\" href=\"https:\/\/es.wikipedia.org\/wiki\/Diodo_Zener\">diodo Zener<\/a>, permite convertir la corriente alterna en continua. <\/span><\/p>\n<h5><span style=\"color: #000000\">Especificaciones<\/span><\/h5>\n<div>\n<ul>\n<li><span style=\"color: #000000\">Tipo de puente: Rectificador<\/span><\/li>\n<li><span id=\"result_box\" class=\"\" lang=\"es\" style=\"color: #000000\"><span class=\"hps\">Corriente<\/span> <span class=\"hps\">Directa<\/span>: <span class=\"hps\">2A<\/span><\/span><\/li>\n<li><span id=\"result_box\" class=\"\" lang=\"es\" style=\"color: #000000\"><span class=\"hps\">N\u00fam.<\/span>\u00a0<span class=\"hps\">de Fases<\/span>: Sencilla<\/span><\/li>\n<li><span id=\"result_box\" class=\"\" lang=\"es\" style=\"color: #000000\"><span class=\"hps\">N\u00fam<\/span>. <span class=\"hps\">de<\/span> <span class=\"hps\">Contactos<\/span>: <span class=\"hps\">4<\/span><\/span><\/li>\n<li><span style=\"color: #000000\">Dimensiones: di\u00e1metro 0.88 cm, largo 0.5 cm<\/span><\/li>\n<li><span style=\"color: #000000\">Redondo<\/span><\/li>\n<li><span style=\"color: #000000\">Encapsulado WOB<\/span><\/li>\n<\/ul>\n<\/div>\n","protected":false},"excerpt":{"rendered":"<p>Puente rectificador 2W10<\/p>\n","protected":false},"featured_media":108,"comment_status":"closed","ping_status":"closed","template":"","meta":{"_lmt_disableupdate":"no","_lmt_disable":""},"product_brand":[],"product_cat":[41],"product_tag":[],"class_list":{"0":"post-2789","1":"product","2":"type-product","3":"status-publish","4":"has-post-thumbnail","6":"product_cat-diodos-varios","8":"first","9":"instock","10":"purchasable","11":"product-type-simple"},"_links":{"self":[{"href":"https:\/\/itv.geekbotelectronics.com\/index.php\/wp-json\/wp\/v2\/product\/2789"}],"collection":[{"href":"https:\/\/itv.geekbotelectronics.com\/index.php\/wp-json\/wp\/v2\/product"}],"about":[{"href":"https:\/\/itv.geekbotelectronics.com\/index.php\/wp-json\/wp\/v2\/types\/product"}],"replies":[{"embeddable":true,"href":"https:\/\/itv.geekbotelectronics.com\/index.php\/wp-json\/wp\/v2\/comments?post=2789"}],"wp:featuredmedia":[{"embeddable":true,"href":"https:\/\/itv.geekbotelectronics.com\/index.php\/wp-json\/wp\/v2\/media\/108"}],"wp:attachment":[{"href":"https:\/\/itv.geekbotelectronics.com\/index.php\/wp-json\/wp\/v2\/media?parent=2789"}],"wp:term":[{"taxonomy":"product_brand","embeddable":true,"href":"https:\/\/itv.geekbotelectronics.com\/index.php\/wp-json\/wp\/v2\/product_brand?post=2789"},{"taxonomy":"product_cat","embeddable":true,"href":"https:\/\/itv.geekbotelectronics.com\/index.php\/wp-json\/wp\/v2\/product_cat?post=2789"},{"taxonomy":"product_tag","embeddable":true,"href":"https:\/\/itv.geekbotelectronics.com\/index.php\/wp-json\/wp\/v2\/product_tag?post=2789"}],"curies":[{"name":"wp","href":"https:\/\/api.w.org\/{rel}","templated":true}]}}