{"id":2794,"date":"2022-09-05T22:08:38","date_gmt":"2022-09-06T04:08:38","guid":{"rendered":"https:\/\/itv.geekbotelectronics.com\/?post_type=product&#038;p=2794"},"modified":"2025-10-20T11:53:50","modified_gmt":"2025-10-20T17:53:50","slug":"fuente-de-alimentacion-para-protoboard","status":"publish","type":"product","link":"https:\/\/itv.geekbotelectronics.com\/index.php\/product\/fuente-de-alimentacion-para-protoboard\/","title":{"rendered":"Fuente de Alimentaci\u00f3n para Protoboard"},"content":{"rendered":"<h4>Fuente de Alimentaci\u00f3n para Protoboard<\/h4>\n<p>La fuente de Alimentaci\u00f3n para montaje en protoboard est\u00e1ndar es la fuente de poder mas popular que existe en el mercado para\u00a0la alimentaci\u00f3n de peque\u00f1os proyectos de electr\u00f3nica, rob\u00f3tica y automatizaci\u00f3n.<\/p>\n<p>Cuenta con una peque\u00f1a protecci\u00f3n contra\u00a0cortocircuito\u00a0ademas de que cuenta con un LED indicador de alimentaci\u00f3n por lo que si hay un corto el LED se apaga\u00a0avis\u00e1ndonos\u00a0del corto. El modulo<strong>\u00a0<\/strong>tiene dos modos de entrada de alimentaci\u00f3n.\u00a0A trav\u00e9s de USB y a trav\u00e9s de un plug de 3.2mm universal el cual puede ser alimentado desde 6.5V a 12V, incorpora un interruptor para controlar el suministro de energ\u00eda.<\/p>\n<p>Tiene dos salidas seleccionables\u00a0una de 3.3V y otra de 5.5V<strong>\u00a0<\/strong>y puede suministrar una corriente m\u00e1xima de<strong> 700mA\u00a0<\/strong>que es lo suficientemente bueno para la mayor\u00eda de aplicaciones. Esta\u00a0tarjeta puede enviar la energ\u00eda a ambos carriles de alimentaci\u00f3n de la protoboard, y cada lado tiene un interruptor de encendido \/ apagado.\u00a0Compatible con las protoboards que tengan rieles o lineas de VCC y GND.<\/p>\n<p>Ideal para trabajos o prototipos en donde se requiera una fuente regulada.<\/p>\n<p>Especificaciones:<\/p>\n<ul>\n<li>Fuente de alimentaci\u00f3n 3.3v \/ 5v opcional<\/li>\n<li>Encendido \/ apagado para cada tira de la protoboard<\/li>\n<li>Mini USB o plug para entrada de alimentaci\u00f3n<\/li>\n<li>Led indicador de encendido<\/li>\n<\/ul>\n<p>&nbsp;<\/p>\n<p>&nbsp;<\/p>\n","protected":false},"excerpt":{"rendered":"<p>Fuente de Alimentaci\u00f3n para Protoboard La fuente de Alimentaci\u00f3n para montaje en protoboard est\u00e1ndar es la fuente de poder mas popular que existe en el mercado para\u00a0la alimentaci\u00f3n de peque\u00f1os proyectos de electr\u00f3nica, rob\u00f3tica y automatizaci\u00f3n. Cuenta con una peque\u00f1a protecci\u00f3n contra\u00a0cortocircuito\u00a0ademas de que cuenta con un LED indicador de alimentaci\u00f3n por lo que si [&hellip;]<\/p>\n","protected":false},"featured_media":113,"comment_status":"closed","ping_status":"closed","template":"","meta":{"_lmt_disableupdate":"no","_lmt_disable":""},"product_brand":[],"product_cat":[37,57],"product_tag":[],"class_list":{"0":"post-2794","1":"product","2":"type-product","3":"status-publish","4":"has-post-thumbnail","6":"product_cat-cargadores-y-fuentes","7":"product_cat-protoboard","9":"first","10":"instock","11":"purchasable","12":"product-type-simple"},"_links":{"self":[{"href":"https:\/\/itv.geekbotelectronics.com\/index.php\/wp-json\/wp\/v2\/product\/2794"}],"collection":[{"href":"https:\/\/itv.geekbotelectronics.com\/index.php\/wp-json\/wp\/v2\/product"}],"about":[{"href":"https:\/\/itv.geekbotelectronics.com\/index.php\/wp-json\/wp\/v2\/types\/product"}],"replies":[{"embeddable":true,"href":"https:\/\/itv.geekbotelectronics.com\/index.php\/wp-json\/wp\/v2\/comments?post=2794"}],"wp:featuredmedia":[{"embeddable":true,"href":"https:\/\/itv.geekbotelectronics.com\/index.php\/wp-json\/wp\/v2\/media\/113"}],"wp:attachment":[{"href":"https:\/\/itv.geekbotelectronics.com\/index.php\/wp-json\/wp\/v2\/media?parent=2794"}],"wp:term":[{"taxonomy":"product_brand","embeddable":true,"href":"https:\/\/itv.geekbotelectronics.com\/index.php\/wp-json\/wp\/v2\/product_brand?post=2794"},{"taxonomy":"product_cat","embeddable":true,"href":"https:\/\/itv.geekbotelectronics.com\/index.php\/wp-json\/wp\/v2\/product_cat?post=2794"},{"taxonomy":"product_tag","embeddable":true,"href":"https:\/\/itv.geekbotelectronics.com\/index.php\/wp-json\/wp\/v2\/product_tag?post=2794"}],"curies":[{"name":"wp","href":"https:\/\/api.w.org\/{rel}","templated":true}]}}