{"id":2795,"date":"2022-09-05T22:08:38","date_gmt":"2022-09-06T04:08:38","guid":{"rendered":"https:\/\/itv.geekbotelectronics.com\/?post_type=product&#038;p=2795"},"modified":"2025-10-27T14:13:10","modified_gmt":"2025-10-27T20:13:10","slug":"74ls164-registro-de-desplazamiento-de-8-bits","status":"publish","type":"product","link":"https:\/\/itv.geekbotelectronics.com\/index.php\/product\/74ls164-registro-de-desplazamiento-de-8-bits\/","title":{"rendered":"74LS164 Registro de Desplazamiento de 8 Bits"},"content":{"rendered":"<h4>74LS164<\/h4>\n<p><span style=\"color: #000000\">Registro\u00a0de desplazamiento de 8 bits 74LS164, entrada serial y salida paralela, 2 entradas de datos con funci\u00f3n AND, entrada de reloj activada por flanco de subida.<\/span><\/p>\n<p style=\"text-align: justify\"><span style=\"color: #000000\">Un registro de desplazamiento es un <a style=\"color: #000000\" title=\"Circuito digital\" href=\"https:\/\/es.wikipedia.org\/wiki\/Circuito_digital\">circuito digital<\/a> secuencial (es decir, que los valores de sus salidas dependen de sus entradas y de los valores anteriores) consistente en una serie de <a style=\"color: #000000\" title=\"Biestable\" href=\"https:\/\/es.wikipedia.org\/wiki\/Biestable\">biestables<\/a>, generalmente de tipo D, conectados en cascada, que basculan de forma sincr\u00f3nica con la misma se\u00f1al de reloj. Seg\u00fan las conexiones entre los biestables, se tiene un desplazamiento a la izquierda o a la derecha de la informaci\u00f3n almacenada. Es de se\u00f1alar que un desplazamiento a la izquierda de un conjunto de bits, multiplica por 2, mientras que uno a la derecha, divide entre 2. Existen registros de desplazamiento bidireccionales, que pueden funcionar en ambos sentidos. Los registros universales, adem\u00e1s de bidireccionales permiten la carga en paralelo.<\/span><\/p>\n<p><strong>Especificaciones<\/strong><\/p>\n<div>\n<div>\n<ul>\n<li><span id=\"result_box\" class=\"\" lang=\"es\"><span class=\"hps\">Tipo de salida<\/span>: <span class=\"hps\">Standard<\/span><\/span><\/li>\n<li><span id=\"result_box\" class=\"\" lang=\"es\"><span class=\"hps\">Tipo de l\u00f3gica<\/span>: <span class=\"hps\">Registro de desplazamiento<\/span>\u00a0<\/span><\/li>\n<li><span id=\"result_box\" class=\"\" lang=\"es\"><span class=\"hps\">N\u00famero de<\/span> <span class=\"hps\">elementos<\/span>: <span class=\"hps\">1<\/span>\u00a0<\/span><\/li>\n<li><span id=\"result_box\" class=\"\" lang=\"es\"><span class=\"hps\">Temperatura de funcionamiento<\/span> <span class=\"hps\">m\u00e1xima:<\/span> <span class=\"hps\">70 \u00b0 C<\/span><\/span><\/li>\n<li><span id=\"result_box\" class=\"\" lang=\"es\"><span class=\"hps\">Temperatura<\/span> <span class=\"hps\">de funcionamiento<\/span> <span class=\"hps\">m\u00ednima:<\/span> <span class=\"hps\">0<\/span> <span class=\"hps\">\u00b0<\/span> <span class=\"hps\">C<\/span>\u00a0<\/span><\/li>\n<li><span id=\"result_box\" class=\"\" lang=\"es\"><span class=\"hps\">Registro de desplazamiento<\/span> <span class=\"hps\">Funci\u00f3n:<\/span> S<span class=\"hps\">erie a paralelo<\/span><\/span><\/li>\n<li><span id=\"result_box\" class=\"\" lang=\"es\"><span class=\"hps\">Voltaje de alimentaci\u00f3n<\/span> <span class=\"hps\">Max:<\/span> <span class=\"hps\">5.25 V<\/span><\/span><\/li>\n<li><span id=\"result_box\" class=\"\" lang=\"es\"><span class=\"hps\">Tensi\u00f3n de alimentaci\u00f3n<\/span> <span class=\"hps\">m\u00ednima:<\/span> <span class=\"hps\">4.75 V<\/span><\/span><\/li>\n<li><span id=\"result_box\" class=\"\" lang=\"es\"><span class=\"hps\">Alimentaci\u00f3n Rango de<\/span> <span class=\"hps\">Voltaje:<\/span> <span class=\"hps\">4.75 V<\/span> <span class=\"hps\">a<\/span> <span class=\"hps\">5.25 V<\/span><\/span><\/li>\n<li>Frecuencia de\u00a0 reloj: 25 MHz<\/li>\n<li>Familia: LS<\/li>\n<li>Encapsulado DIP<\/li>\n<li>14 pines<\/li>\n<\/ul>\n<\/div>\n<\/div>\n","protected":false},"excerpt":{"rendered":"<p>74LS164 Registro\u00a0de desplazamiento de 8 bits 74LS164, entrada serial y salida paralela, 2 entradas de datos con funci\u00f3n AND, entrada de reloj activada por flanco de subida. Un registro de desplazamiento es un circuito digital secuencial (es decir, que los valores de sus salidas dependen de sus entradas y de los valores anteriores) consistente en [&hellip;]<\/p>\n","protected":false},"featured_media":114,"comment_status":"closed","ping_status":"closed","template":"","meta":{"_lmt_disableupdate":"no","_lmt_disable":""},"product_brand":[],"product_cat":[44],"product_tag":[],"class_list":{"0":"post-2795","1":"product","2":"type-product","3":"status-publish","4":"has-post-thumbnail","6":"product_cat-circuitos-integrados","8":"first","9":"instock","10":"taxable","11":"shipping-taxable","12":"purchasable","13":"product-type-simple"},"_links":{"self":[{"href":"https:\/\/itv.geekbotelectronics.com\/index.php\/wp-json\/wp\/v2\/product\/2795"}],"collection":[{"href":"https:\/\/itv.geekbotelectronics.com\/index.php\/wp-json\/wp\/v2\/product"}],"about":[{"href":"https:\/\/itv.geekbotelectronics.com\/index.php\/wp-json\/wp\/v2\/types\/product"}],"replies":[{"embeddable":true,"href":"https:\/\/itv.geekbotelectronics.com\/index.php\/wp-json\/wp\/v2\/comments?post=2795"}],"wp:featuredmedia":[{"embeddable":true,"href":"https:\/\/itv.geekbotelectronics.com\/index.php\/wp-json\/wp\/v2\/media\/114"}],"wp:attachment":[{"href":"https:\/\/itv.geekbotelectronics.com\/index.php\/wp-json\/wp\/v2\/media?parent=2795"}],"wp:term":[{"taxonomy":"product_brand","embeddable":true,"href":"https:\/\/itv.geekbotelectronics.com\/index.php\/wp-json\/wp\/v2\/product_brand?post=2795"},{"taxonomy":"product_cat","embeddable":true,"href":"https:\/\/itv.geekbotelectronics.com\/index.php\/wp-json\/wp\/v2\/product_cat?post=2795"},{"taxonomy":"product_tag","embeddable":true,"href":"https:\/\/itv.geekbotelectronics.com\/index.php\/wp-json\/wp\/v2\/product_tag?post=2795"}],"curies":[{"name":"wp","href":"https:\/\/api.w.org\/{rel}","templated":true}]}}