{"id":2796,"date":"2022-09-05T22:08:38","date_gmt":"2022-09-06T04:08:38","guid":{"rendered":"https:\/\/itv.geekbotelectronics.com\/?post_type=product&#038;p=2796"},"modified":"2025-04-11T12:00:35","modified_gmt":"2025-04-11T18:00:35","slug":"mini-rueda-loca-3pi","status":"publish","type":"product","link":"https:\/\/itv.geekbotelectronics.com\/index.php\/product\/mini-rueda-loca-3pi\/","title":{"rendered":"Mini Rueda Loca 3PI"},"content":{"rendered":"<h3>Mini Rueda Loca 3PI<\/h3>\n<p>Mini Rueda Loca 3PI con bal\u00edn de acero, ampliamente utilizada en Robots Seguidor de Luz, Seguidor de l\u00ednea, prototipos de carro controlado por Bluetooth, entre otros para dar firmeza y estabilidad a tus dise\u00f1os en Electr\u00f3nica y Mecatr\u00f3nica.<\/p>\n<p>Estas ruedas tipo bal\u00edn, tambi\u00e9n denominada Ball Caster Wheel tienen la ventaja con respecto a otras ruedas de apoyo, ya que estas presentan la misma fuerza de arrastre hacia cualquier direcci\u00f3n.<\/p>\n<p>La rueda loca est\u00e1 formada por una esfera de metal de 10 mm de di\u00e1metro, 4 esferas de metal de 3 mm, dos tornillos autoperforantes M2X5 y la cubierta.<\/p>\n<h4><strong>Especificaciones<\/strong><\/h4>\n<ul>\n<li>Modelo: Mini Rueda Loca Universal 3PI N20<\/li>\n<li>Material del Soporte: Pl\u00e1stico<\/li>\n<li>Material de la esfera:\u00a0Acero<\/li>\n<li>Medidas:\n<ul>\n<li>Ancho de la Base Soporte Pl\u00e1stico: 2.2 cm<\/li>\n<li>Distancia entre tornillos de fijaci\u00f3n:\u00a01.5 cm<\/li>\n<li>Altura: 1.5 cm<\/li>\n<li>Di\u00e1metro del bal\u00edn: 10 mm<\/li>\n<\/ul>\n<\/li>\n<\/ul>\n","protected":false},"excerpt":{"rendered":"<p>Mini Rueda Loca 3PI Mini Rueda Loca 3PI con bal\u00edn de acero, ampliamente utilizada en Robots Seguidor de Luz, Seguidor de l\u00ednea, prototipos de carro controlado por Bluetooth, entre otros para dar firmeza y estabilidad a tus dise\u00f1os en Electr\u00f3nica y Mecatr\u00f3nica. Estas ruedas tipo bal\u00edn, tambi\u00e9n denominada Ball Caster Wheel tienen la ventaja con [&hellip;]<\/p>\n","protected":false},"featured_media":115,"comment_status":"closed","ping_status":"closed","template":"","meta":{"_lmt_disableupdate":"","_lmt_disable":""},"product_brand":[],"product_cat":[58],"product_tag":[],"class_list":{"0":"post-2796","1":"product","2":"type-product","3":"status-publish","4":"has-post-thumbnail","6":"product_cat-ruedas","8":"first","9":"outofstock","10":"taxable","11":"shipping-taxable","12":"purchasable","13":"product-type-simple"},"_links":{"self":[{"href":"https:\/\/itv.geekbotelectronics.com\/index.php\/wp-json\/wp\/v2\/product\/2796"}],"collection":[{"href":"https:\/\/itv.geekbotelectronics.com\/index.php\/wp-json\/wp\/v2\/product"}],"about":[{"href":"https:\/\/itv.geekbotelectronics.com\/index.php\/wp-json\/wp\/v2\/types\/product"}],"replies":[{"embeddable":true,"href":"https:\/\/itv.geekbotelectronics.com\/index.php\/wp-json\/wp\/v2\/comments?post=2796"}],"wp:featuredmedia":[{"embeddable":true,"href":"https:\/\/itv.geekbotelectronics.com\/index.php\/wp-json\/wp\/v2\/media\/115"}],"wp:attachment":[{"href":"https:\/\/itv.geekbotelectronics.com\/index.php\/wp-json\/wp\/v2\/media?parent=2796"}],"wp:term":[{"taxonomy":"product_brand","embeddable":true,"href":"https:\/\/itv.geekbotelectronics.com\/index.php\/wp-json\/wp\/v2\/product_brand?post=2796"},{"taxonomy":"product_cat","embeddable":true,"href":"https:\/\/itv.geekbotelectronics.com\/index.php\/wp-json\/wp\/v2\/product_cat?post=2796"},{"taxonomy":"product_tag","embeddable":true,"href":"https:\/\/itv.geekbotelectronics.com\/index.php\/wp-json\/wp\/v2\/product_tag?post=2796"}],"curies":[{"name":"wp","href":"https:\/\/api.w.org\/{rel}","templated":true}]}}