{"id":2797,"date":"2022-09-05T22:08:38","date_gmt":"2022-09-06T04:08:38","guid":{"rendered":"https:\/\/itv.geekbotelectronics.com\/?post_type=product&#038;p=2797"},"modified":"2025-02-11T12:51:12","modified_gmt":"2025-02-11T18:51:12","slug":"sensor-adxl335-acelerometro-analogico","status":"publish","type":"product","link":"https:\/\/itv.geekbotelectronics.com\/index.php\/product\/sensor-adxl335-acelerometro-analogico\/","title":{"rendered":"Sensor ADXL335 Aceler\u00f3metro Anal\u00f3gico"},"content":{"rendered":"<h4>ADXL335 Aceler\u00f3metro Anal\u00f3gico de 3 Ejes<\/h4>\n<p><span style=\"color: #000000\">Este diminuto componente ADXL335 de baja potencia, es un aceler\u00f3metro anal\u00f3gico completo de 3 ejes con se\u00f1ales reguladas de voltaje de salida. Mide la aceleraci\u00f3n con una escala de \u00b1 3G y utiliza un nivel de tensi\u00f3n de 3.3 V. Se puede medir la aceleraci\u00f3n de la gravedad est\u00e1tica en aplicaciones de detecci\u00f3n de inclinaci\u00f3n, as\u00ed como la aceleraci\u00f3n din\u00e1mica resultante del movimiento, choque o vibraciones.<\/span><\/p>\n<p><span style=\"color: #000000\">Este diminuto componente de baja potencia, es un aceler\u00f3 metro anal\u00f3gico completo de 3 ejes con se\u00f1ales reguladas de voltaje de salida. Mide la aceleraci\u00f3n con una escala de \u00b1 3G y utiliza un nivel de tensi\u00f3n de 3.3 V. Se puede medir la aceleraci\u00f3n de la gravedad est\u00e1tica en aplicaciones de detecci\u00f3n de inclinaci\u00f3n, as\u00ed como la aceleraci\u00f3n din\u00e1mica resultante del movimiento, choque o vibraciones.<\/span><\/p>\n<p><span style=\"color: #000000\"><strong>Especificaciones:<\/strong><\/span><\/p>\n<ul>\n<li><span style=\"color: #000000\">M\u00f3dulo con aceler\u00f3metro ADXL335, regulador y componentes externos<\/span><\/li>\n<li><span style=\"color: #000000\">3 ejes\u00a0(X,Y, Z)<\/span><\/li>\n<li><span style=\"color: #000000\">Salidas anal\u00f3gicas<\/span><\/li>\n<li><span style=\"color: #000000\">Medici\u00f3n hasta\u00a0\u00b13 g min.,\u00a0\u00b13.6 g t\u00edpico<\/span><\/li>\n<li><span style=\"color: #000000\">Bajo consumo de potencia<\/span><\/li>\n<li><span style=\"color: #000000\">Alimentaci\u00f3n 3.3\u00a0V a 5\u00a0V<\/span><\/li>\n<li><span style=\"color: #000000\">Gran estabilidad frente a cambios de temperatura<\/span><\/li>\n<\/ul>\n","protected":false},"excerpt":{"rendered":"<p>El ADXL335 es un aceler\u00f3metro capaz de medir aceleraciones en diferentes ejes hasta de 3g (3 veces la fuerza de la gravedad) con un consumo de energ\u00eda m\u00ednimo.<\/p>\n","protected":false},"featured_media":144,"comment_status":"closed","ping_status":"closed","template":"","meta":{"_lmt_disableupdate":"no","_lmt_disable":""},"product_brand":[],"product_cat":[60],"product_tag":[],"class_list":{"0":"post-2797","1":"product","2":"type-product","3":"status-publish","4":"has-post-thumbnail","6":"product_cat-acelerometro-giroscopio-magnetometro","8":"first","9":"instock","10":"taxable","11":"shipping-taxable","12":"purchasable","13":"product-type-simple"},"_links":{"self":[{"href":"https:\/\/itv.geekbotelectronics.com\/index.php\/wp-json\/wp\/v2\/product\/2797"}],"collection":[{"href":"https:\/\/itv.geekbotelectronics.com\/index.php\/wp-json\/wp\/v2\/product"}],"about":[{"href":"https:\/\/itv.geekbotelectronics.com\/index.php\/wp-json\/wp\/v2\/types\/product"}],"replies":[{"embeddable":true,"href":"https:\/\/itv.geekbotelectronics.com\/index.php\/wp-json\/wp\/v2\/comments?post=2797"}],"wp:featuredmedia":[{"embeddable":true,"href":"https:\/\/itv.geekbotelectronics.com\/index.php\/wp-json\/wp\/v2\/media\/144"}],"wp:attachment":[{"href":"https:\/\/itv.geekbotelectronics.com\/index.php\/wp-json\/wp\/v2\/media?parent=2797"}],"wp:term":[{"taxonomy":"product_brand","embeddable":true,"href":"https:\/\/itv.geekbotelectronics.com\/index.php\/wp-json\/wp\/v2\/product_brand?post=2797"},{"taxonomy":"product_cat","embeddable":true,"href":"https:\/\/itv.geekbotelectronics.com\/index.php\/wp-json\/wp\/v2\/product_cat?post=2797"},{"taxonomy":"product_tag","embeddable":true,"href":"https:\/\/itv.geekbotelectronics.com\/index.php\/wp-json\/wp\/v2\/product_tag?post=2797"}],"curies":[{"name":"wp","href":"https:\/\/api.w.org\/{rel}","templated":true}]}}