{"id":2798,"date":"2022-09-05T22:08:38","date_gmt":"2022-09-06T04:08:38","guid":{"rendered":"https:\/\/itv.geekbotelectronics.com\/?post_type=product&#038;p=2798"},"modified":"2025-10-27T11:51:33","modified_gmt":"2025-10-27T17:51:33","slug":"sensor-de-movimiento-pir","status":"publish","type":"product","link":"https:\/\/itv.geekbotelectronics.com\/index.php\/product\/sensor-de-movimiento-pir\/","title":{"rendered":"Sensor de Movimiento PIR"},"content":{"rendered":"<h4>Sensor de Movimiento PIR<\/h4>\n<p>El m\u00f3dulo de movimiento PIR\u00a0permite detectar personas y animales grandes a trav\u00e9s de un sensor PIR (Passive Infrared).<\/p>\n<p>Los sensores PIR se utilizan ampliamente en aplicaciones como sistemas de alarma, puertas autom\u00e1ticas, luces autom\u00e1ticas, etc. ademas son de gran utilidad para realizar proyectos de automatizaci\u00f3n, como encendido de motores, actuadores o luces.\u00a0\u00a0Este\u00a0m\u00f3dulo integra toda la electr\u00f3nica necesaria para el soporte del sensor PIR propiamente dicho y entrega un pulso configurable y compatible con TTL que puede ser aceptado por la mayor\u00eda de los microcontroladores, ademas es compatible con las placas de \u00a0Arduino.<\/p>\n<p>Este tipo de sensor PIR tiene una salida digital. Esta salida digital se activa cuando el sensor de movimiento detecta un objeto dentro de su rango de operaci\u00f3n. El rango de operaci\u00f3n se puede modificar con un trimpot que se encuentra en la PCB del sensor. Para leer la informaci\u00f3n s\u00f3lo se requiere conectar el sensor a una entrada digital, detectar movimiento para que el PIR proporcione una salida en alto que pueda ser leida por el microcontrolador.<\/p>\n<p><strong>Especificaciones:<\/strong><\/p>\n<ul>\n<li>Voltaje de alimentaci\u00f3n: 4.5 VDC a 20 VDC<\/li>\n<li>Consumo de corriente en reposo: &lt; 50 \u03bcA<\/li>\n<li>Redisparo configurable mediante jumper de soldadura<\/li>\n<li>Tiempo en estado activo de la salida configurable mediante trimmer<\/li>\n<li>Salida activa alta a 3.3 V<\/li>\n<li>Lente fresnel de 19 zonas, \u00e1ngulo &lt; 100\u00ba<\/li>\n<li>Rango de detecci\u00f3n: 3 m a 7 m, ajustable mediante trimmer (Sx)<\/li>\n<li>El m\u00f3dulo incluye el sensor, lente, controlador PIR BISS0001, regulador y todos los componentes de apoyo para una f\u00e1cil utilizaci\u00f3n<\/li>\n<li>Dimensiones: 3.2cm x 2.4cm x 1.8cm (approx)<\/li>\n<\/ul>\n","protected":false},"excerpt":{"rendered":"<p>\u00c9ste simple pero poderoso sensor de movimiento PIR detecta la presencia\u00a0de cualquier objeto o persona en toda una habitaci\u00f3n.<\/p>\n","protected":false},"featured_media":145,"comment_status":"closed","ping_status":"closed","template":"","meta":{"_lmt_disableupdate":"no","_lmt_disable":""},"product_brand":[],"product_cat":[61],"product_tag":[],"class_list":{"0":"post-2798","1":"product","2":"type-product","3":"status-publish","4":"has-post-thumbnail","6":"product_cat-proximidad","8":"first","9":"instock","10":"taxable","11":"shipping-taxable","12":"purchasable","13":"product-type-simple"},"_links":{"self":[{"href":"https:\/\/itv.geekbotelectronics.com\/index.php\/wp-json\/wp\/v2\/product\/2798"}],"collection":[{"href":"https:\/\/itv.geekbotelectronics.com\/index.php\/wp-json\/wp\/v2\/product"}],"about":[{"href":"https:\/\/itv.geekbotelectronics.com\/index.php\/wp-json\/wp\/v2\/types\/product"}],"replies":[{"embeddable":true,"href":"https:\/\/itv.geekbotelectronics.com\/index.php\/wp-json\/wp\/v2\/comments?post=2798"}],"wp:featuredmedia":[{"embeddable":true,"href":"https:\/\/itv.geekbotelectronics.com\/index.php\/wp-json\/wp\/v2\/media\/145"}],"wp:attachment":[{"href":"https:\/\/itv.geekbotelectronics.com\/index.php\/wp-json\/wp\/v2\/media?parent=2798"}],"wp:term":[{"taxonomy":"product_brand","embeddable":true,"href":"https:\/\/itv.geekbotelectronics.com\/index.php\/wp-json\/wp\/v2\/product_brand?post=2798"},{"taxonomy":"product_cat","embeddable":true,"href":"https:\/\/itv.geekbotelectronics.com\/index.php\/wp-json\/wp\/v2\/product_cat?post=2798"},{"taxonomy":"product_tag","embeddable":true,"href":"https:\/\/itv.geekbotelectronics.com\/index.php\/wp-json\/wp\/v2\/product_tag?post=2798"}],"curies":[{"name":"wp","href":"https:\/\/api.w.org\/{rel}","templated":true}]}}