{"id":2800,"date":"2022-09-05T22:08:42","date_gmt":"2022-09-06T04:08:42","guid":{"rendered":"https:\/\/itv.geekbotelectronics.com\/?post_type=product&#038;p=2800"},"modified":"2025-11-12T15:11:04","modified_gmt":"2025-11-12T21:11:04","slug":"sensor-hc-sr04-ultrasonico","status":"publish","type":"product","link":"https:\/\/itv.geekbotelectronics.com\/index.php\/product\/sensor-hc-sr04-ultrasonico\/","title":{"rendered":"Sensor HC-SR04 Ultras\u00f3nico"},"content":{"rendered":"<h4><span style=\"color: #000000\">HC-SR04 Sensor Ultras\u00f3nico<\/span><\/h4>\n<p><span style=\"color: #000000\">El HC-SR04 es un sensor de distancias por ultrasonidos capaz de detectar objetos y calcular la distancia a la que se encuentra en un rango de 2 a 450 cm. El sensor funciona por ultrasonidos y contiene toda la electr\u00f3nica encargada de hacer la medici\u00f3n. Su uso es tan sencillo como enviar el pulso de arranque y medir la anchura del pulso de retorno. De muy peque\u00f1o tama\u00f1o, el HC-SR04 se destaca por su bajo consumo, gran precisi\u00f3n y bajo precio por lo que esta reemplazando a los sensores polaroid en los robots mas recientes.<\/span><\/p>\n<p><span style=\"color: #000000\"><strong>Especificaciones:<\/strong><\/span><\/p>\n<ul>\n<li><span style=\"color: #000000\">Voltaje de funcionamiento: 5 V<\/span><\/li>\n<li><span style=\"color: #000000\">Corriente est\u00e1tica: &lt;2 mA<\/span><\/li>\n<li><span style=\"color: #000000\">Corriente de alimentacion: 15 mA<\/span><\/li>\n<li><span style=\"color: #000000\">Frecuencia del pulso: 40 KHz<\/span><\/li>\n<li><span style=\"color: #000000\">Se\u00f1al de salida:<\/span>\n<ul>\n<li><span style=\"color: #000000\">Frecuencia de la se\u00f1al el\u00e9ctrica<\/span><\/li>\n<li><span style=\"color: #000000\">5 V de alto nivel<\/span><\/li>\n<li><span style=\"color: #000000\">Bajo nivel de 0 V<\/span><\/li>\n<\/ul>\n<\/li>\n<li><span style=\"color: #000000\">\u00c1ngulo Efectivo: &lt;15\u00ba<\/span><\/li>\n<li><span style=\"color: #000000\">Distancia de detecci\u00f3n: 2 cm &#8211; 450 cm<\/span><\/li>\n<li><span style=\"color: #000000\">Resoluci\u00f3n: 0.3 cm<\/span><\/li>\n<li><span style=\"color: #000000\">Medici\u00f3n de \u00e1ngulo: 30\u00ba<\/span><\/li>\n<li><span style=\"color: #000000\">Disparo de la se\u00f1al de entrada: TTL pulso 10\u03bcs<\/span><\/li>\n<li><span style=\"color: #000000\">Echo Se\u00f1al de salida: se\u00f1al PWL de TTL<\/span><\/li>\n<li><span style=\"color: #000000\">Dimensiones de la placa:45 mm X 20 mm x 15 mm<\/span><\/li>\n<\/ul>\n<p><a href=\"http:\/\/www.accudiy.com\/download\/HC-SR04_Manual.pdf\">Datasheet<\/a><\/p>\n","protected":false},"excerpt":{"rendered":"<p>El HC-SR04 es un sensor ultras\u00f3nico, este utiliza el sonar para determinar la distancia a un objeto. Ofrece una precisi\u00f3n excelente y lecturas estables. Su funcionamiento no se ve afectado por la luz solar o materiales negros.<\/p>\n","protected":false},"featured_media":147,"comment_status":"closed","ping_status":"closed","template":"","meta":{"_lmt_disableupdate":"no","_lmt_disable":""},"product_brand":[],"product_cat":[61],"product_tag":[],"class_list":{"0":"post-2800","1":"product","2":"type-product","3":"status-publish","4":"has-post-thumbnail","6":"product_cat-proximidad","8":"first","9":"instock","10":"taxable","11":"shipping-taxable","12":"purchasable","13":"product-type-simple"},"_links":{"self":[{"href":"https:\/\/itv.geekbotelectronics.com\/index.php\/wp-json\/wp\/v2\/product\/2800"}],"collection":[{"href":"https:\/\/itv.geekbotelectronics.com\/index.php\/wp-json\/wp\/v2\/product"}],"about":[{"href":"https:\/\/itv.geekbotelectronics.com\/index.php\/wp-json\/wp\/v2\/types\/product"}],"replies":[{"embeddable":true,"href":"https:\/\/itv.geekbotelectronics.com\/index.php\/wp-json\/wp\/v2\/comments?post=2800"}],"wp:featuredmedia":[{"embeddable":true,"href":"https:\/\/itv.geekbotelectronics.com\/index.php\/wp-json\/wp\/v2\/media\/147"}],"wp:attachment":[{"href":"https:\/\/itv.geekbotelectronics.com\/index.php\/wp-json\/wp\/v2\/media?parent=2800"}],"wp:term":[{"taxonomy":"product_brand","embeddable":true,"href":"https:\/\/itv.geekbotelectronics.com\/index.php\/wp-json\/wp\/v2\/product_brand?post=2800"},{"taxonomy":"product_cat","embeddable":true,"href":"https:\/\/itv.geekbotelectronics.com\/index.php\/wp-json\/wp\/v2\/product_cat?post=2800"},{"taxonomy":"product_tag","embeddable":true,"href":"https:\/\/itv.geekbotelectronics.com\/index.php\/wp-json\/wp\/v2\/product_tag?post=2800"}],"curies":[{"name":"wp","href":"https:\/\/api.w.org\/{rel}","templated":true}]}}