{"id":2801,"date":"2022-09-05T22:08:42","date_gmt":"2022-09-06T04:08:42","guid":{"rendered":"https:\/\/itv.geekbotelectronics.com\/?post_type=product&#038;p=2801"},"modified":"2025-11-11T10:59:22","modified_gmt":"2025-11-11T16:59:22","slug":"servomotor-mini-sg-90","status":"publish","type":"product","link":"https:\/\/itv.geekbotelectronics.com\/index.php\/product\/servomotor-mini-sg-90\/","title":{"rendered":"Servomotor Mini SG-90"},"content":{"rendered":"<h4>Servomotor mini<\/h4>\n<p style=\"text-align: justify\">El servomotor mini SG90 un servo miniatura de gran calidad y diminutas dimensiones, adem\u00e1s es bastante econ\u00f3mico. Funciona con la mayor\u00eda de tarjetas electr\u00f3nicas de control con microcontroladores y adem\u00e1s con la mayor\u00eda de los sistemas de radio control comerciales. Funciona especialmente bien en aeronaves dadas sus caracter\u00edsticas de torque, tama\u00f1o y peso.<\/p>\n<p style=\"text-align: justify\">El servo SG90 tiene un conector universal tipo \u201cS\u201d que encaja perfectamente en la mayor\u00eda de los receptores de radio control incluyendo los Futaba, JR, GWS, Cirrus, Hitec y otros. Los cables en el conector est\u00e1n distribuidos de la siguiente forma: Rojo = Alimentaci\u00f3n (+), Cafe = Alimentaci\u00f3n (-) o tierra, Orange = Se\u00f1al PWM.<\/p>\n<p style=\"text-align: justify\">Este tipo de servo es ideal para las primeras experiencias de aprendizaje y pr\u00e1cticas con servos, ya que sus requerimientos de energ\u00eda son bastante bajos y se permite alimentarlo con la misma fuente de alimentaci\u00f3n que el circuito de control. Por ejemplo, si se conecta a una tarjeta arduino, se puede alimentar durante las pruebas desde el puerto USB de la PC sin mayor problema.<\/p>\n<h5>Especificaciones:<\/h5>\n<ul>\n<li>Dimensiones (L x W xH) = 22.0 x 11.5 x 27 mm \u00a0(0.86 x 0.45 x 1.0 pulgadas)<\/li>\n<li>Peso: 9 gramos<\/li>\n<li>Peso con cable y conector: 10.6 gramos<\/li>\n<li>Torque a 4.8 volts: 16.7 oz\/in o 1.2 kg\/cm<\/li>\n<li>Voltaje de operaci\u00f3n: 4.0 a 7.2 volts<\/li>\n<li>Velocidad de giro a 4.8 volts: 0.12 seg \/ 60 \u00ba<\/li>\n<li>Conector universal para la mayor\u00eda de los receptores de radio control<\/li>\n<li>Compatible con tarjetas como Arduino y microcontroladores que funcionan a 5 volts.<\/li>\n<\/ul>\n","protected":false},"excerpt":{"rendered":"<p>Servomotor mini o miniatura SG90, funciona con la mayor\u00eda de los sistemas de radio y microcontroladores. Es ideal para aplicaciones en donde el peso y el tama\u00f1o son de gran importancia.<\/p>\n","protected":false},"featured_media":148,"comment_status":"closed","ping_status":"closed","template":"","meta":{"_lmt_disableupdate":"no","_lmt_disable":""},"product_brand":[],"product_cat":[53,63],"product_tag":[],"class_list":{"0":"post-2801","1":"product","2":"type-product","3":"status-publish","4":"has-post-thumbnail","6":"product_cat-motores","7":"product_cat-servomotores","9":"first","10":"instock","11":"taxable","12":"shipping-taxable","13":"purchasable","14":"product-type-simple"},"_links":{"self":[{"href":"https:\/\/itv.geekbotelectronics.com\/index.php\/wp-json\/wp\/v2\/product\/2801"}],"collection":[{"href":"https:\/\/itv.geekbotelectronics.com\/index.php\/wp-json\/wp\/v2\/product"}],"about":[{"href":"https:\/\/itv.geekbotelectronics.com\/index.php\/wp-json\/wp\/v2\/types\/product"}],"replies":[{"embeddable":true,"href":"https:\/\/itv.geekbotelectronics.com\/index.php\/wp-json\/wp\/v2\/comments?post=2801"}],"wp:featuredmedia":[{"embeddable":true,"href":"https:\/\/itv.geekbotelectronics.com\/index.php\/wp-json\/wp\/v2\/media\/148"}],"wp:attachment":[{"href":"https:\/\/itv.geekbotelectronics.com\/index.php\/wp-json\/wp\/v2\/media?parent=2801"}],"wp:term":[{"taxonomy":"product_brand","embeddable":true,"href":"https:\/\/itv.geekbotelectronics.com\/index.php\/wp-json\/wp\/v2\/product_brand?post=2801"},{"taxonomy":"product_cat","embeddable":true,"href":"https:\/\/itv.geekbotelectronics.com\/index.php\/wp-json\/wp\/v2\/product_cat?post=2801"},{"taxonomy":"product_tag","embeddable":true,"href":"https:\/\/itv.geekbotelectronics.com\/index.php\/wp-json\/wp\/v2\/product_tag?post=2801"}],"curies":[{"name":"wp","href":"https:\/\/api.w.org\/{rel}","templated":true}]}}