{"id":2803,"date":"2022-09-05T22:08:42","date_gmt":"2022-09-06T04:08:42","guid":{"rendered":"https:\/\/itv.geekbotelectronics.com\/?post_type=product&#038;p=2803"},"modified":"2025-11-07T17:08:34","modified_gmt":"2025-11-07T23:08:34","slug":"transistor-2n3904-npn","status":"publish","type":"product","link":"https:\/\/itv.geekbotelectronics.com\/index.php\/product\/transistor-2n3904-npn\/","title":{"rendered":"Transistor 2N3904 NPN"},"content":{"rendered":"<h4 style=\"text-align: justify\"><span style=\"color: #000000\">2N3904<\/span><\/h4>\n<div style=\"text-align: justify\"><span style=\"color: #000000\">Transistor 2N3904 de peque\u00f1a se\u00f1al.\u00a0 <span id=\"result_box\" class=\"\" lang=\"es\"><span class=\"\">El<\/span> 2N3904 es un\u00a0 transistor de conmutaci\u00f3n r\u00e1pida, corta apague y baja tensi\u00f3n de saturaci\u00f3n<span class=\"\">,\u00a0<\/span>adecuado para la conmutaci\u00f3n y amplificaci\u00f3n.<\/span><\/span><\/div>\n<div style=\"text-align: justify\"><span style=\"color: #000000\">El transistor es un <a style=\"color: #000000\" title=\"Componente electr\u00f3nico\" href=\"https:\/\/es.wikipedia.org\/wiki\/Componente_electr%C3%B3nico\">dispositivo electr\u00f3nico<\/a> <a style=\"color: #000000\" title=\"Semiconductor\" href=\"https:\/\/es.wikipedia.org\/wiki\/Semiconductor\">semiconductor<\/a> utilizado para entregar una se\u00f1al de salida en respuesta a una se\u00f1al de entrada.<\/span><\/div>\n<div style=\"text-align: justify\"><span style=\"color: #000000\">Actualmente se encuentra pr\u00e1cticamente en todos los <a style=\"color: #000000\" title=\"Aparato electr\u00f3nico\" href=\"https:\/\/es.wikipedia.org\/wiki\/Aparato_electr%C3%B3nico\">aparatos electr\u00f3nicos<\/a> de uso diario tales como <a style=\"color: #000000\" title=\"Radio (receptor)\" href=\"https:\/\/es.wikipedia.org\/wiki\/Radio_(receptor)\">radios<\/a>, <a style=\"color: #000000\" title=\"Televisor\" href=\"https:\/\/es.wikipedia.org\/wiki\/Televisor\">televisores<\/a>, <a style=\"color: #000000\" title=\"Reproductor multimedia digital\" href=\"https:\/\/es.wikipedia.org\/wiki\/Reproductor_multimedia_digital\">reproductores de audio y video<\/a>, <a style=\"color: #000000\" title=\"Reloj de cuarzo\" href=\"https:\/\/es.wikipedia.org\/wiki\/Reloj_de_cuarzo\">relojes de cuarzo<\/a>, <a style=\"color: #000000\" title=\"Computadora\" href=\"https:\/\/es.wikipedia.org\/wiki\/Computadora\">computadoras<\/a>,<a style=\"color: #000000\" title=\"L\u00e1mpara fluorescente compacta\" href=\"https:\/\/es.wikipedia.org\/wiki\/L%C3%A1mpara_fluorescente_compacta\">l\u00e1mparas fluorescentes<\/a>, <a style=\"color: #000000\" title=\"Tomograf\u00eda\" href=\"https:\/\/es.wikipedia.org\/wiki\/Tomograf%C3%ADa\">tom\u00f3grafos<\/a>, <a style=\"color: #000000\" title=\"Telefon\u00eda m\u00f3vil\" href=\"https:\/\/es.wikipedia.org\/wiki\/Telefon%C3%ADa_m%C3%B3vil\">tel\u00e9fonos celulares<\/a>, aunque casi siempre dentro de los llamados <a style=\"color: #000000\" title=\"Circuito integrado\" href=\"https:\/\/es.wikipedia.org\/wiki\/Circuito_integrado\">circuitos integrados<\/a>.<\/span><\/div>\n<div style=\"text-align: justify\"><\/div>\n<p style=\"text-align: justify\"><span style=\"color: #000000\"><strong>Especificaciones\u00a0<\/strong><\/span><\/p>\n<ul>\n<li style=\"text-align: justify\"><span style=\"color: #000000\">TRANSISTOR BIPOLAR, NPN, \u00a040 V, TO-92<\/span><\/li>\n<li style=\"text-align: justify\"><span style=\"color: #000000\">Polaridad del transistor: NPN<\/span><\/li>\n<li style=\"text-align: justify\"><span style=\"color: #000000\">Voltaje V (br) ceo: 40 V<\/span><\/li>\n<li style=\"text-align: justify\"><span style=\"color: #000000\">Transici\u00f3n de frecuencia ft: 300 MHz<\/span><\/li>\n<li style=\"text-align: justify\"><span style=\"color: #000000\">Disipaci\u00f3n de potencia Pd: 625 mW<\/span><\/li>\n<li style=\"text-align: justify\"><span style=\"color: #000000\">DC Corriente del colector: 200 mA<\/span><\/li>\n<li class=\"\" style=\"text-align: justify\"><span style=\"color: #000000\">Ganancia de corriente cont\u00ednua hFE: 100<\/span><\/li>\n<li style=\"text-align: justify\"><span id=\"result_box\" class=\"\" lang=\"es\" style=\"color: #000000\">Rango de temperatura de funcionamiento en el empalme de -55 \u00b0 C a 150 \u00b0 C<\/span><\/li>\n<li style=\"text-align: justify\"><span id=\"result_box\" class=\"\" lang=\"es\" style=\"color: #000000\">Colector emisor tensi\u00f3n de saturaci\u00f3n es inferior a 300 mV en Ic = 10 mA<\/span><\/li>\n<li style=\"text-align: justify\"><span id=\"result_box\" class=\"\" lang=\"es\" style=\"color: #000000\">DC ganancia de corriente es mayor que 30 en Ic = 100 mA<\/span><\/li>\n<li style=\"text-align: justify\"><span style=\"color: #000000\">Encapsulado TO-92<\/span><\/li>\n<li style=\"text-align: justify\"><span style=\"color: #000000\">3 pines<\/span><\/li>\n<li style=\"text-align: justify\"><span style=\"color: #000000\">Sustituto: NTE123AP<\/span><\/li>\n<\/ul>\n","protected":false},"excerpt":{"rendered":"<p>2N3904 Transistor 2N3904 de peque\u00f1a se\u00f1al.\u00a0 El 2N3904 es un\u00a0 transistor de conmutaci\u00f3n r\u00e1pida, corta apague y baja tensi\u00f3n de saturaci\u00f3n,\u00a0adecuado para la conmutaci\u00f3n y amplificaci\u00f3n. El transistor es un dispositivo electr\u00f3nico semiconductor utilizado para entregar una se\u00f1al de salida en respuesta a una se\u00f1al de entrada. Actualmente se encuentra pr\u00e1cticamente en todos los aparatos [&hellip;]<\/p>\n","protected":false},"featured_media":150,"comment_status":"closed","ping_status":"closed","template":"","meta":{"_lmt_disableupdate":"no","_lmt_disable":""},"product_brand":[],"product_cat":[66],"product_tag":[],"class_list":{"0":"post-2803","1":"product","2":"type-product","3":"status-publish","4":"has-post-thumbnail","6":"product_cat-npn","8":"first","9":"instock","10":"taxable","11":"shipping-taxable","12":"purchasable","13":"product-type-simple"},"_links":{"self":[{"href":"https:\/\/itv.geekbotelectronics.com\/index.php\/wp-json\/wp\/v2\/product\/2803"}],"collection":[{"href":"https:\/\/itv.geekbotelectronics.com\/index.php\/wp-json\/wp\/v2\/product"}],"about":[{"href":"https:\/\/itv.geekbotelectronics.com\/index.php\/wp-json\/wp\/v2\/types\/product"}],"replies":[{"embeddable":true,"href":"https:\/\/itv.geekbotelectronics.com\/index.php\/wp-json\/wp\/v2\/comments?post=2803"}],"wp:featuredmedia":[{"embeddable":true,"href":"https:\/\/itv.geekbotelectronics.com\/index.php\/wp-json\/wp\/v2\/media\/150"}],"wp:attachment":[{"href":"https:\/\/itv.geekbotelectronics.com\/index.php\/wp-json\/wp\/v2\/media?parent=2803"}],"wp:term":[{"taxonomy":"product_brand","embeddable":true,"href":"https:\/\/itv.geekbotelectronics.com\/index.php\/wp-json\/wp\/v2\/product_brand?post=2803"},{"taxonomy":"product_cat","embeddable":true,"href":"https:\/\/itv.geekbotelectronics.com\/index.php\/wp-json\/wp\/v2\/product_cat?post=2803"},{"taxonomy":"product_tag","embeddable":true,"href":"https:\/\/itv.geekbotelectronics.com\/index.php\/wp-json\/wp\/v2\/product_tag?post=2803"}],"curies":[{"name":"wp","href":"https:\/\/api.w.org\/{rel}","templated":true}]}}