{"id":2807,"date":"2022-09-05T22:08:42","date_gmt":"2022-09-06T04:08:42","guid":{"rendered":"https:\/\/itv.geekbotelectronics.com\/?post_type=product&#038;p=2807"},"modified":"2023-09-08T17:13:32","modified_gmt":"2023-09-08T23:13:32","slug":"pic-18f2550","status":"publish","type":"product","link":"https:\/\/itv.geekbotelectronics.com\/index.php\/product\/pic-18f2550\/","title":{"rendered":"PIC 18F2550"},"content":{"rendered":"<h4>PIC18F2550<\/h4>\n<p>Microcontrolador Microchip PIC18F2550 de 28 pines. El PIC18F2550-I\/SP ofrece un alto rendimiento inform\u00e1tico con agregado de memoria de programa flash de alta resistencia mejorada. Adem\u00e1s de estas caracter\u00edsticas, presenta mejoras de dise\u00f1o que hacen que estos microcontroladores sean la elecci\u00f3n l\u00f3gica para muchas aplicaciones de alto rendimiento y sensible a la potencia.<\/p>\n<p><strong>Especificaciones<\/strong><\/p>\n<ul>\n<li>Rango de voltaje operaci\u00f3n: 2 V &#8211; 5.5 V<\/li>\n<li>Timer0: Timer\/Counter de 8 o 16 bits<\/li>\n<li>Timer1: Timer\/Counter de 16 bits<\/li>\n<li>Timer2: Timer de 8 bits<\/li>\n<li>Timer3: Timer\/Counter de 16 bits<\/li>\n<li><span id=\"ctl00_ContentMain_Specifications_dlspec_ctl25_lblDimension\">N\u00famero de entradas \/ salidas<\/span>: 24 Pines I\/O<\/li>\n<li>M\u00e1xima frecuencia de trabajo: 48 MHz<\/li>\n<li><span id=\"result_box\">Familia de controladores \/ Serie: PIC18<\/span><\/li>\n<li><span id=\"result_box\">Tama\u00f1o del n\u00facleo: 8 bit<\/span><\/li>\n<li><span id=\"result_box\">Tama\u00f1o de la memoria del programa: 16 mil palabras<\/span><\/li>\n<li><span id=\"result_box\">Tama\u00f1o de la memoria EEPROM: 256 byte<\/span><\/li>\n<li><span id=\"result_box\">Tama\u00f1o de la memoria RAM: 2 KB<\/span><\/li>\n<li><span id=\"result_box\">Velocidad de CPU: 48 MHz<\/span><\/li>\n<li><span id=\"result_box\">Tipo de oscilador: Externa, interna<\/span><\/li>\n<li>CMOS:\u00a0Antiest\u00e1tico<\/li>\n<li>Encapsulado: DIP<\/li>\n<li>28 pines<\/li>\n<li>Marca: Microchip<\/li>\n<li>Modelo: PIC 18F2550<\/li>\n<\/ul>\n","protected":false},"excerpt":{"rendered":"<p>PIC18F2550 Microcontrolador Microchip PIC18F2550 de 28 pines. El PIC18F2550-I\/SP ofrece un alto rendimiento inform\u00e1tico con agregado de memoria de programa flash de alta resistencia mejorada. Adem\u00e1s de estas caracter\u00edsticas, presenta mejoras de dise\u00f1o que hacen que estos microcontroladores sean la elecci\u00f3n l\u00f3gica para muchas aplicaciones de alto rendimiento y sensible a la potencia. Especificaciones Rango [&hellip;]<\/p>\n","protected":false},"featured_media":154,"comment_status":"closed","ping_status":"closed","template":"","meta":{"_lmt_disableupdate":"","_lmt_disable":""},"product_brand":[],"product_cat":[30],"product_tag":[],"class_list":{"0":"post-2807","1":"product","2":"type-product","3":"status-publish","4":"has-post-thumbnail","6":"product_cat-microcontroladores","8":"first","9":"instock","10":"taxable","11":"shipping-taxable","12":"purchasable","13":"product-type-simple"},"_links":{"self":[{"href":"https:\/\/itv.geekbotelectronics.com\/index.php\/wp-json\/wp\/v2\/product\/2807"}],"collection":[{"href":"https:\/\/itv.geekbotelectronics.com\/index.php\/wp-json\/wp\/v2\/product"}],"about":[{"href":"https:\/\/itv.geekbotelectronics.com\/index.php\/wp-json\/wp\/v2\/types\/product"}],"replies":[{"embeddable":true,"href":"https:\/\/itv.geekbotelectronics.com\/index.php\/wp-json\/wp\/v2\/comments?post=2807"}],"wp:featuredmedia":[{"embeddable":true,"href":"https:\/\/itv.geekbotelectronics.com\/index.php\/wp-json\/wp\/v2\/media\/154"}],"wp:attachment":[{"href":"https:\/\/itv.geekbotelectronics.com\/index.php\/wp-json\/wp\/v2\/media?parent=2807"}],"wp:term":[{"taxonomy":"product_brand","embeddable":true,"href":"https:\/\/itv.geekbotelectronics.com\/index.php\/wp-json\/wp\/v2\/product_brand?post=2807"},{"taxonomy":"product_cat","embeddable":true,"href":"https:\/\/itv.geekbotelectronics.com\/index.php\/wp-json\/wp\/v2\/product_cat?post=2807"},{"taxonomy":"product_tag","embeddable":true,"href":"https:\/\/itv.geekbotelectronics.com\/index.php\/wp-json\/wp\/v2\/product_tag?post=2807"}],"curies":[{"name":"wp","href":"https:\/\/api.w.org\/{rel}","templated":true}]}}