{"id":2809,"date":"2022-09-05T22:08:43","date_gmt":"2022-09-06T04:08:43","guid":{"rendered":"https:\/\/itv.geekbotelectronics.com\/?post_type=product&#038;p=2809"},"modified":"2025-11-03T11:42:33","modified_gmt":"2025-11-03T17:42:33","slug":"sensor-tmp36-temperatura","status":"publish","type":"product","link":"https:\/\/itv.geekbotelectronics.com\/index.php\/product\/sensor-tmp36-temperatura\/","title":{"rendered":"Sensor TMP36 Temperatura"},"content":{"rendered":"<h4><span style=\"color: #000000\">TMP36 Sensor de Temperatura<\/span><\/h4>\n<p><span style=\"color: #000000\">El TMP36 es un sensor de temperatura en grados cent\u00edgrados de precisi\u00f3n y bajo voltaje. La salida de voltaje que proporciona es linealmente proporcional a la temperatura en grados Celsius. No requiere ninguna calibraci\u00f3n externa para proporcionar una precisi\u00f3n t\u00edpica de \u00b1 1\u00a0<i>\u00b0C<\/i>\u00a0a +25\u00a0<i>\u00b0C\u00a0<\/i>y \u00b1 2\u00a0<i>\u00b0C<\/i>\u00a0por encima del Rango de temperatura de -40\u00a0<i>\u00b0C<\/i>\u00a0a +125\u00a0<i>\u00b0C<\/i>. Este sensor es muy f\u00e1cil de usar, basta con conectarlo a tierra y a un voltaje de 2.7 a 5.5 VDC y se podr\u00e1n comenzar a tomar lecturas por el pin Vout. El voltaje de salida puede ser convertido f\u00e1cilmente a temperatura utilizando el factor de escala de 10\u00a0<i>mV\/\u00bcC<\/i>.<\/span><\/p>\n<p><span style=\"color: #000000\"><strong>Especificaciones:<\/strong><\/span><\/p>\n<ul>\n<li><span style=\"color: #000000\">Voltaje de entrada: 2.7 a 5.5\u00a0<i>V DC<\/i><\/span><\/li>\n<li><span style=\"color: #000000\">Factor de escala 10\u00a0<i>mV\/\u00b0C<\/i><\/span><\/li>\n<li><span style=\"color: #000000\">Precisi\u00f3n de \u00b12\u00a0<i>\u00b0C<\/i>\u00a0sobre temperatura<\/span><\/li>\n<li><span style=\"color: #000000\">Linealidad de \u00b10.5\u00a0<i>\u00b0C<\/i><\/span><\/li>\n<li><span style=\"color: #000000\">Rango de operaci\u00f3n: -40\u00a0<i>\u00b0C<\/i>\u00a0a +125 \u00b0<i>C<\/i><\/span><\/li>\n<li><span id=\"result_box\" style=\"color: #000000\">Tipo de encapsulado\u00a0del sensor: TO-92<\/span><\/li>\n<li><span style=\"color: #000000\">Bajo costo<\/span><\/li>\n<\/ul>\n","protected":false},"excerpt":{"rendered":"<p><a href=\"http:\/\/www.geekbotelectronics.com\/wp-content\/uploads\/2014\/07\/TMP36-Sensor-de-temperatura.pdf\">Datasheet<\/a><\/p>\n","protected":false},"featured_media":156,"comment_status":"closed","ping_status":"closed","template":"","meta":{"_lmt_disableupdate":"no","_lmt_disable":""},"product_brand":[],"product_cat":[68],"product_tag":[],"class_list":{"0":"post-2809","1":"product","2":"type-product","3":"status-publish","4":"has-post-thumbnail","6":"product_cat-ambientales","8":"first","9":"instock","10":"taxable","11":"shipping-taxable","12":"purchasable","13":"product-type-simple"},"_links":{"self":[{"href":"https:\/\/itv.geekbotelectronics.com\/index.php\/wp-json\/wp\/v2\/product\/2809"}],"collection":[{"href":"https:\/\/itv.geekbotelectronics.com\/index.php\/wp-json\/wp\/v2\/product"}],"about":[{"href":"https:\/\/itv.geekbotelectronics.com\/index.php\/wp-json\/wp\/v2\/types\/product"}],"replies":[{"embeddable":true,"href":"https:\/\/itv.geekbotelectronics.com\/index.php\/wp-json\/wp\/v2\/comments?post=2809"}],"wp:featuredmedia":[{"embeddable":true,"href":"https:\/\/itv.geekbotelectronics.com\/index.php\/wp-json\/wp\/v2\/media\/156"}],"wp:attachment":[{"href":"https:\/\/itv.geekbotelectronics.com\/index.php\/wp-json\/wp\/v2\/media?parent=2809"}],"wp:term":[{"taxonomy":"product_brand","embeddable":true,"href":"https:\/\/itv.geekbotelectronics.com\/index.php\/wp-json\/wp\/v2\/product_brand?post=2809"},{"taxonomy":"product_cat","embeddable":true,"href":"https:\/\/itv.geekbotelectronics.com\/index.php\/wp-json\/wp\/v2\/product_cat?post=2809"},{"taxonomy":"product_tag","embeddable":true,"href":"https:\/\/itv.geekbotelectronics.com\/index.php\/wp-json\/wp\/v2\/product_tag?post=2809"}],"curies":[{"name":"wp","href":"https:\/\/api.w.org\/{rel}","templated":true}]}}