{"id":2811,"date":"2022-09-05T22:08:43","date_gmt":"2022-09-06T04:08:43","guid":{"rendered":"https:\/\/itv.geekbotelectronics.com\/?post_type=product&#038;p=2811"},"modified":"2025-03-13T17:55:39","modified_gmt":"2025-03-13T23:55:39","slug":"atmega164a","status":"publish","type":"product","link":"https:\/\/itv.geekbotelectronics.com\/index.php\/product\/atmega164a\/","title":{"rendered":"Atmega164A"},"content":{"rendered":"<p>Microcontroladores de 8 bits &#8211; MCU AVR 16KB FL 512B EE 1KB SRAM-20 MHz<\/p>\n<p>N\u00facleo: AVR<\/p>\n<p>Ancho de bus de datos: 8 bit<\/p>\n<p>Frecuencia de reloj m\u00e1xima: 20 MHz<\/p>\n<p>Tama\u00f1o de memoria del programa: 16 kB<\/p>\n<p>Tama\u00f1o de RAM de datos: 1 kB<\/p>\n<p>Conversi\u00f3n anal\u00f3gico-digital en chip: Yes<\/p>\n<p>Voltaje de alimentaci\u00f3n operativo: 1.8 V a 5.5 V<\/p>\n<p>Temperatura de trabajo m\u00e1xima: + 85 C<\/p>\n<p>Paquete \/ Cubierta: PDIP-40<\/p>\n<p>Estilo de montaje: Through Hole<\/p>\n<p>Tama\u00f1o de bits A\/D: 10 bit<\/p>\n<p>Canales A\/D disponibles: 8<\/p>\n<p>Marca: Atmel<\/p>\n<p>Tipo de Ram de datos: SRAM<\/p>\n<p>Tama\u00f1o de ROM de datos: 512 B<\/p>\n<p>Tipo de Rom de datos: EEPROM<\/p>\n<p>Tipo de interfaz: I2C, SPI, UART<\/p>\n<p>Temperatura de trabajo m\u00ednima: &#8211; 40 C<\/p>\n<p>N\u00famero de temporizadores: 3<\/p>\n<p>Serie de procesadores: megaAVR<\/p>\n<p>Tipo de memoria de programa: Flash<\/p>\n<p>Serie: ATMEGA 164A<\/p>\n<p>&nbsp;<\/p>\n","protected":false},"excerpt":{"rendered":"<p>Microcontroladores de 8 bits &#8211; MCU AVR 16KB FL 512B EE 1KB SRAM-20 MHz N\u00facleo: AVR Ancho de bus de datos: 8 bit Frecuencia de reloj m\u00e1xima: 20 MHz Tama\u00f1o de memoria del programa: 16 kB Tama\u00f1o de RAM de datos: 1 kB Conversi\u00f3n anal\u00f3gico-digital en chip: Yes Voltaje de alimentaci\u00f3n operativo: 1.8 V a [&hellip;]<\/p>\n","protected":false},"featured_media":157,"comment_status":"closed","ping_status":"closed","template":"","meta":{"_lmt_disableupdate":"","_lmt_disable":""},"product_brand":[],"product_cat":[30],"product_tag":[],"class_list":{"0":"post-2811","1":"product","2":"type-product","3":"status-publish","4":"has-post-thumbnail","6":"product_cat-microcontroladores","8":"first","9":"outofstock","10":"taxable","11":"shipping-taxable","12":"purchasable","13":"product-type-simple"},"_links":{"self":[{"href":"https:\/\/itv.geekbotelectronics.com\/index.php\/wp-json\/wp\/v2\/product\/2811"}],"collection":[{"href":"https:\/\/itv.geekbotelectronics.com\/index.php\/wp-json\/wp\/v2\/product"}],"about":[{"href":"https:\/\/itv.geekbotelectronics.com\/index.php\/wp-json\/wp\/v2\/types\/product"}],"replies":[{"embeddable":true,"href":"https:\/\/itv.geekbotelectronics.com\/index.php\/wp-json\/wp\/v2\/comments?post=2811"}],"wp:featuredmedia":[{"embeddable":true,"href":"https:\/\/itv.geekbotelectronics.com\/index.php\/wp-json\/wp\/v2\/media\/157"}],"wp:attachment":[{"href":"https:\/\/itv.geekbotelectronics.com\/index.php\/wp-json\/wp\/v2\/media?parent=2811"}],"wp:term":[{"taxonomy":"product_brand","embeddable":true,"href":"https:\/\/itv.geekbotelectronics.com\/index.php\/wp-json\/wp\/v2\/product_brand?post=2811"},{"taxonomy":"product_cat","embeddable":true,"href":"https:\/\/itv.geekbotelectronics.com\/index.php\/wp-json\/wp\/v2\/product_cat?post=2811"},{"taxonomy":"product_tag","embeddable":true,"href":"https:\/\/itv.geekbotelectronics.com\/index.php\/wp-json\/wp\/v2\/product_tag?post=2811"}],"curies":[{"name":"wp","href":"https:\/\/api.w.org\/{rel}","templated":true}]}}