{"id":2813,"date":"2022-09-05T22:08:43","date_gmt":"2022-09-06T04:08:43","guid":{"rendered":"https:\/\/itv.geekbotelectronics.com\/?post_type=product&#038;p=2813"},"modified":"2025-06-03T10:32:45","modified_gmt":"2025-06-03T16:32:45","slug":"cristal-de-cuarzo-20-mhz","status":"publish","type":"product","link":"https:\/\/itv.geekbotelectronics.com\/index.php\/product\/cristal-de-cuarzo-20-mhz\/","title":{"rendered":"Cristal de Cuarzo 20 MHz"},"content":{"rendered":"<h4 style=\"text-align: justify\">Cristal de cuarzo<\/h4>\n<p style=\"text-align: justify\"><span style=\"color: #000000\">Un Cristal de cuarzo u oscilador de cristal es aquel oscilador que incluye en su <a style=\"color: #000000\" title=\"Realimentaci\u00f3n\" href=\"https:\/\/es.wikipedia.org\/wiki\/Realimentaci%C3%B3n\">realimentaci\u00f3n<\/a> un resonador piezoel\u00e9ctrico.<\/span><\/p>\n<p style=\"text-align: justify\"><span style=\"color: #000000\">El oscilador de cristal se caracteriza por su estabilidad de frecuencia y pureza de fase, dada por el resonador.<\/span><\/p>\n<p style=\"text-align: justify\"><span style=\"color: #000000\">La frecuencia es estable frente a variaciones de la tensi\u00f3n de alimentaci\u00f3n. La dependencia con la temperatura depende del resonador, pero un valor t\u00edpico para cristales de cuarzo es de 0&#8242; 005% del valor a 25\u00a0\u00b0C, en el margen de 0 a 70\u00a0\u00b0C.<\/span><\/p>\n<p style=\"text-align: justify\"><span style=\"color: #000000\">Estos osciladores admiten un peque\u00f1o ajuste de frecuencia, con un condensador en serie con el resonador, que aproxima la frecuencia de este, de la resonancia serie a la paralela. Este ajuste se puede utilizar en los <a style=\"color: #000000\" title=\"Oscilador controlado por tensi\u00f3n\" href=\"https:\/\/es.wikipedia.org\/wiki\/Oscilador_controlado_por_tensi%C3%B3n\">VCO<\/a> para modular su salida.<\/span><\/p>\n<ul>\n<li><span style=\"color: #000000\">Cristal de cuarzo de 20\u00a0MHz.<\/span><\/li>\n<li><span style=\"color: #000000\">Formato de bajo perfil, LP (Low Profile).<\/span><\/li>\n<li><span style=\"color: #000000\">Tipo de montaje pasante.<\/span><\/li>\n<li><span style=\"color: #000000\">Se\u00f1al fija y estable.<\/span><\/li>\n<li><span style=\"color: #000000\">Ideal como base de tiempo en sistemas digitales que requieren gran precisi\u00f3n y fiabilidad.<\/span><\/li>\n<\/ul>\n","protected":false},"excerpt":{"rendered":"<p>Cristal de cuarzo Un Cristal de cuarzo u oscilador de cristal es aquel oscilador que incluye en su realimentaci\u00f3n un resonador piezoel\u00e9ctrico. El oscilador de cristal se caracteriza por su estabilidad de frecuencia y pureza de fase, dada por el resonador. La frecuencia es estable frente a variaciones de la tensi\u00f3n de alimentaci\u00f3n. La dependencia [&hellip;]<\/p>\n","protected":false},"featured_media":92,"comment_status":"closed","ping_status":"closed","template":"","meta":{"_lmt_disableupdate":"","_lmt_disable":""},"product_brand":[],"product_cat":[47],"product_tag":[],"class_list":{"0":"post-2813","1":"product","2":"type-product","3":"status-publish","4":"has-post-thumbnail","6":"product_cat-cristales","8":"first","9":"instock","10":"taxable","11":"shipping-taxable","12":"purchasable","13":"product-type-simple"},"_links":{"self":[{"href":"https:\/\/itv.geekbotelectronics.com\/index.php\/wp-json\/wp\/v2\/product\/2813"}],"collection":[{"href":"https:\/\/itv.geekbotelectronics.com\/index.php\/wp-json\/wp\/v2\/product"}],"about":[{"href":"https:\/\/itv.geekbotelectronics.com\/index.php\/wp-json\/wp\/v2\/types\/product"}],"replies":[{"embeddable":true,"href":"https:\/\/itv.geekbotelectronics.com\/index.php\/wp-json\/wp\/v2\/comments?post=2813"}],"wp:featuredmedia":[{"embeddable":true,"href":"https:\/\/itv.geekbotelectronics.com\/index.php\/wp-json\/wp\/v2\/media\/92"}],"wp:attachment":[{"href":"https:\/\/itv.geekbotelectronics.com\/index.php\/wp-json\/wp\/v2\/media?parent=2813"}],"wp:term":[{"taxonomy":"product_brand","embeddable":true,"href":"https:\/\/itv.geekbotelectronics.com\/index.php\/wp-json\/wp\/v2\/product_brand?post=2813"},{"taxonomy":"product_cat","embeddable":true,"href":"https:\/\/itv.geekbotelectronics.com\/index.php\/wp-json\/wp\/v2\/product_cat?post=2813"},{"taxonomy":"product_tag","embeddable":true,"href":"https:\/\/itv.geekbotelectronics.com\/index.php\/wp-json\/wp\/v2\/product_tag?post=2813"}],"curies":[{"name":"wp","href":"https:\/\/api.w.org\/{rel}","templated":true}]}}