{"id":2828,"date":"2022-09-05T22:08:44","date_gmt":"2022-09-06T04:08:44","guid":{"rendered":"https:\/\/itv.geekbotelectronics.com\/?post_type=product&#038;p=2828"},"modified":"2025-10-14T13:50:34","modified_gmt":"2025-10-14T19:50:34","slug":"dip-switch-4-posiciones-negro","status":"publish","type":"product","link":"https:\/\/itv.geekbotelectronics.com\/index.php\/product\/dip-switch-4-posiciones-negro\/","title":{"rendered":"Dip Switch 4 Posiciones Negro"},"content":{"rendered":"<h4>Dip Switch\u00a04<\/h4>\n<p><span style=\"color: #000000\">El Dip Switch 4\u00a0se trata de un conjunto de micro-interruptores el\u00e9ctricos que se presenta en un formato encapsulado (que se denomina Dual In &#8211; Line Package &#8211; DIP), la totalidad del paquete de interruptores se puede tambi\u00e9n referir como interruptor DIP en singular, pueden contener 1,2,3,4, 6, 8 hasta 9 micro-interruptores. Es esta caracter\u00edstica lo que diferencia a estos micro-interruptores del resto.<\/span><\/p>\n<div><span style=\"color: #000000\">Este tipo de micro-interruptor se dise\u00f1a para ser utilizado en un tablero similar al circuito impreso junto con otros componentes electr\u00f3nicos y se utiliza com\u00fanmente para modificar\/personalizar el comportamiento hardware de un dispositivo electr\u00f3nico en ciertas situaciones especificas. \u00a0<\/span><\/div>\n<div><\/div>\n<div><span style=\"color: #000000\">Los interruptores DIP son una alternativa a los jumper (o puente, elemento que permite interconectar dos terminales de manera temporal sin tener que efectuar una operaci\u00f3n que requiera una herramienta adicional). Sus ventajas es que son mas r\u00e1pidos y f\u00e1ciles de configurar y cambiar y no hay piezas sueltas que perder.<\/span><\/div>\n<div><\/div>\n<div><span style=\"color: #000000\">Los interruptores DIP permiten al usuario configurar un circuito impreso para un tipo de uso espec\u00edfico. Las instrucciones de instalaci\u00f3n deben decir perfectamente c\u00f3mo fijar los interruptores del DIP. Los interruptores DIP son siempre interruptores de tipo <a style=\"color: #000000\" title=\"Palanca\" href=\"https:\/\/es.wikipedia.org\/wiki\/Palanca\">palanca<\/a>, en los cuales los centrales tienen dos posiciones posibles &#8220;ON&#8221; o &#8220;OFF&#8221; (en vez de por intervalos) y generalmente se puede ver los n\u00fameros 1 y 0.<\/span><\/div>\n","protected":false},"excerpt":{"rendered":"<p><strong>Especificaciones<\/strong><\/p>\n<p>Dip switch negro<\/p>\n<p>paso: 2.54 mm (0.1 in)<\/p>\n<p>terminales: 4<\/p>\n<p>encapsulado: dip<\/p>\n","protected":false},"featured_media":200,"comment_status":"closed","ping_status":"closed","template":"","meta":{"_lmt_disableupdate":"no","_lmt_disable":""},"product_brand":[],"product_cat":[43],"product_tag":[],"class_list":{"0":"post-2828","1":"product","2":"type-product","3":"status-publish","4":"has-post-thumbnail","6":"product_cat-switch","8":"first","9":"outofstock","10":"purchasable","11":"product-type-simple"},"_links":{"self":[{"href":"https:\/\/itv.geekbotelectronics.com\/index.php\/wp-json\/wp\/v2\/product\/2828"}],"collection":[{"href":"https:\/\/itv.geekbotelectronics.com\/index.php\/wp-json\/wp\/v2\/product"}],"about":[{"href":"https:\/\/itv.geekbotelectronics.com\/index.php\/wp-json\/wp\/v2\/types\/product"}],"replies":[{"embeddable":true,"href":"https:\/\/itv.geekbotelectronics.com\/index.php\/wp-json\/wp\/v2\/comments?post=2828"}],"wp:featuredmedia":[{"embeddable":true,"href":"https:\/\/itv.geekbotelectronics.com\/index.php\/wp-json\/wp\/v2\/media\/200"}],"wp:attachment":[{"href":"https:\/\/itv.geekbotelectronics.com\/index.php\/wp-json\/wp\/v2\/media?parent=2828"}],"wp:term":[{"taxonomy":"product_brand","embeddable":true,"href":"https:\/\/itv.geekbotelectronics.com\/index.php\/wp-json\/wp\/v2\/product_brand?post=2828"},{"taxonomy":"product_cat","embeddable":true,"href":"https:\/\/itv.geekbotelectronics.com\/index.php\/wp-json\/wp\/v2\/product_cat?post=2828"},{"taxonomy":"product_tag","embeddable":true,"href":"https:\/\/itv.geekbotelectronics.com\/index.php\/wp-json\/wp\/v2\/product_tag?post=2828"}],"curies":[{"name":"wp","href":"https:\/\/api.w.org\/{rel}","templated":true}]}}