{"id":2829,"date":"2022-09-05T22:08:44","date_gmt":"2022-09-06T04:08:44","guid":{"rendered":"https:\/\/itv.geekbotelectronics.com\/?post_type=product&#038;p=2829"},"modified":"2025-11-11T14:40:55","modified_gmt":"2025-11-11T20:40:55","slug":"74hc00-nand-2-entradas","status":"publish","type":"product","link":"https:\/\/itv.geekbotelectronics.com\/index.php\/product\/74hc00-nand-2-entradas\/","title":{"rendered":"74HC00 Nand 2 Entradas"},"content":{"rendered":"<h4>74HC00<\/h4>\n<p>4 compuertas NAND 74HC00 de dos entradas. CMOS.<\/p>\n<p><span style=\"color: #000000\">Una puerta l\u00f3gica, o compuerta l\u00f3gica, es un <a class=\"mw-redirect\" style=\"color: #000000\" title=\"Dispositivo electr\u00f3nico\" href=\"https:\/\/es.wikipedia.org\/wiki\/Dispositivo_electr%C3%B3nico\">dispositivo electr\u00f3nico<\/a> con una funci\u00f3n <a style=\"color: #000000\" title=\"\u00c1lgebra de Boole\" href=\"https:\/\/es.wikipedia.org\/wiki\/%C3%81lgebra_de_Boole\">booleana<\/a>. Suman, multiplican, niegan o afirman, incluyen o excluyen seg\u00fan sus propiedades l\u00f3gicas. Se pueden aplicar a tecnolog\u00eda electr\u00f3nica, el\u00e9ctrica, mec\u00e1nica, hidr\u00e1ulica y neum\u00e1tica. Son <a style=\"color: #000000\" title=\"Circuito de conmutaci\u00f3n\" href=\"https:\/\/es.wikipedia.org\/wiki\/Circuito_de_conmutaci%C3%B3n\">circuitos de conmutaci\u00f3n<\/a> integrados en un <a class=\"mw-redirect\" style=\"color: #000000\" title=\"Chip\" href=\"https:\/\/es.wikipedia.org\/wiki\/Chip\">chip<\/a>.<\/span><\/p>\n<p><span style=\"color: #000000\"><strong>Especificaciones<\/strong><\/span><\/p>\n<ul>\n<li><span style=\"color: #000000\">4 compuertas NAND de dos entradas c\/u<\/span><\/li>\n<li><span style=\"color: #000000\">Tecnolog\u00eda:\u00a0High Speed CMOS\u00a0(HC)<\/span><\/li>\n<li><span style=\"color: #000000\">Funcionamiento l\u00f3gico y organizaci\u00f3n de pines compatible con la familia LS-TTL<\/span><\/li>\n<li><span style=\"color: #000000\">Fan Out: 10\u00a0cargas LS-TTL<\/span><\/li>\n<li><span style=\"color: #000000\">Alta inmunidad al ruido<\/span><\/li>\n<li><span style=\"color: #000000\">Muy bajo consumo de potencia, similar a los\u00a0C.I. CMOS est\u00e1ndar<\/span><\/li>\n<li><span style=\"color: #000000\">Velocidades similares a la familia LS-TTL<\/span><\/li>\n<li><span style=\"color: #000000\">Voltaje de alimentaci\u00f3n: 2V a 6V<\/span><\/li>\n<li><span style=\"color: #000000\">Encapsulado: DIP 14 pines<\/span><\/li>\n<li><span style=\"color: #000000\">Tipo de Familia:\u00a074HCxx<\/span><\/li>\n<\/ul>\n","protected":false},"excerpt":{"rendered":"<p>74HC00 4 compuertas NAND 74HC00 de dos entradas. CMOS. Una puerta l\u00f3gica, o compuerta l\u00f3gica, es un dispositivo electr\u00f3nico con una funci\u00f3n booleana. Suman, multiplican, niegan o afirman, incluyen o excluyen seg\u00fan sus propiedades l\u00f3gicas. Se pueden aplicar a tecnolog\u00eda electr\u00f3nica, el\u00e9ctrica, mec\u00e1nica, hidr\u00e1ulica y neum\u00e1tica. Son circuitos de conmutaci\u00f3n integrados en un chip. Especificaciones [&hellip;]<\/p>\n","protected":false},"featured_media":201,"comment_status":"closed","ping_status":"closed","template":"","meta":{"_lmt_disableupdate":"no","_lmt_disable":""},"product_brand":[],"product_cat":[80],"product_tag":[],"class_list":{"0":"post-2829","1":"product","2":"type-product","3":"status-publish","4":"has-post-thumbnail","6":"product_cat-compuertas-logicas","8":"first","9":"instock","10":"taxable","11":"shipping-taxable","12":"purchasable","13":"product-type-simple"},"_links":{"self":[{"href":"https:\/\/itv.geekbotelectronics.com\/index.php\/wp-json\/wp\/v2\/product\/2829"}],"collection":[{"href":"https:\/\/itv.geekbotelectronics.com\/index.php\/wp-json\/wp\/v2\/product"}],"about":[{"href":"https:\/\/itv.geekbotelectronics.com\/index.php\/wp-json\/wp\/v2\/types\/product"}],"replies":[{"embeddable":true,"href":"https:\/\/itv.geekbotelectronics.com\/index.php\/wp-json\/wp\/v2\/comments?post=2829"}],"wp:featuredmedia":[{"embeddable":true,"href":"https:\/\/itv.geekbotelectronics.com\/index.php\/wp-json\/wp\/v2\/media\/201"}],"wp:attachment":[{"href":"https:\/\/itv.geekbotelectronics.com\/index.php\/wp-json\/wp\/v2\/media?parent=2829"}],"wp:term":[{"taxonomy":"product_brand","embeddable":true,"href":"https:\/\/itv.geekbotelectronics.com\/index.php\/wp-json\/wp\/v2\/product_brand?post=2829"},{"taxonomy":"product_cat","embeddable":true,"href":"https:\/\/itv.geekbotelectronics.com\/index.php\/wp-json\/wp\/v2\/product_cat?post=2829"},{"taxonomy":"product_tag","embeddable":true,"href":"https:\/\/itv.geekbotelectronics.com\/index.php\/wp-json\/wp\/v2\/product_tag?post=2829"}],"curies":[{"name":"wp","href":"https:\/\/api.w.org\/{rel}","templated":true}]}}