{"id":2834,"date":"2022-09-05T22:08:48","date_gmt":"2022-09-06T04:08:48","guid":{"rendered":"https:\/\/itv.geekbotelectronics.com\/?post_type=product&#038;p=2834"},"modified":"2025-11-11T14:59:13","modified_gmt":"2025-11-11T20:59:13","slug":"74hc86-xor-2-entradas","status":"publish","type":"product","link":"https:\/\/itv.geekbotelectronics.com\/index.php\/product\/74hc86-xor-2-entradas\/","title":{"rendered":"74HC86 Xor 2 Entradas"},"content":{"rendered":"<h4>74HC86<\/h4>\n<p>4 compuertas XOR \u00a074HC86 de dos entradas. CMOS<\/p>\n<p>Una puerta l\u00f3gica, o compuerta l\u00f3gica, es un <a class=\"mw-redirect\" style=\"color: #000000\" title=\"Dispositivo electr\u00f3nico\" href=\"https:\/\/es.wikipedia.org\/wiki\/Dispositivo_electr%C3%B3nico\">dispositivo electr\u00f3nico<\/a> con una funci\u00f3n <a style=\"color: #000000\" title=\"\u00c1lgebra de Boole\" href=\"https:\/\/es.wikipedia.org\/wiki\/%C3%81lgebra_de_Boole\">booleana<\/a>. Suman, multiplican, niegan o afirman, incluyen o excluyen seg\u00fan sus propiedades l\u00f3gicas. Se pueden aplicar a tecnolog\u00eda electr\u00f3nica, el\u00e9ctrica, mec\u00e1nica, hidr\u00e1ulica y neum\u00e1tica. Son <a style=\"color: #000000\" title=\"Circuito de conmutaci\u00f3n\" href=\"https:\/\/es.wikipedia.org\/wiki\/Circuito_de_conmutaci%C3%B3n\">circuitos de conmutaci\u00f3n<\/a> integrados en un <a class=\"mw-redirect\" style=\"color: #000000\" title=\"Chip\" href=\"https:\/\/es.wikipedia.org\/wiki\/Chip\">chip<\/a>.<\/p>\n<p><strong>Caracter\u00edsticas:<\/strong><\/p>\n<ul>\n<li>4 compuertas XOR de dos entradas c\/u<\/li>\n<li>Tecnolog\u00eda: High Speed CMOS (HC)<\/li>\n<li>Funcionamiento l\u00f3gico y organizaci\u00f3n de pines compatible con la familia LS-TTL<\/li>\n<li>Alta inmunidad al ruido<\/li>\n<li>Muy bajo consumo de potencia, similar a los C.I. CMOS est\u00e1ndar<\/li>\n<li>Alta velocidad<\/li>\n<li>Voltaje de alimentaci\u00f3n: 2V a 6V<\/li>\n<li>Encapsulado: DIP 14 pines<\/li>\n<\/ul>\n<p>&nbsp;<\/p>\n","protected":false},"excerpt":{"rendered":"<div style=\"color: #555555\">\n<p><strong>\u00a0<\/strong><\/p>\n<\/div>\n","protected":false},"featured_media":206,"comment_status":"closed","ping_status":"closed","template":"","meta":{"_lmt_disableupdate":"no","_lmt_disable":""},"product_brand":[],"product_cat":[80],"product_tag":[],"class_list":{"0":"post-2834","1":"product","2":"type-product","3":"status-publish","4":"has-post-thumbnail","6":"product_cat-compuertas-logicas","8":"first","9":"instock","10":"taxable","11":"shipping-taxable","12":"purchasable","13":"product-type-simple"},"_links":{"self":[{"href":"https:\/\/itv.geekbotelectronics.com\/index.php\/wp-json\/wp\/v2\/product\/2834"}],"collection":[{"href":"https:\/\/itv.geekbotelectronics.com\/index.php\/wp-json\/wp\/v2\/product"}],"about":[{"href":"https:\/\/itv.geekbotelectronics.com\/index.php\/wp-json\/wp\/v2\/types\/product"}],"replies":[{"embeddable":true,"href":"https:\/\/itv.geekbotelectronics.com\/index.php\/wp-json\/wp\/v2\/comments?post=2834"}],"wp:featuredmedia":[{"embeddable":true,"href":"https:\/\/itv.geekbotelectronics.com\/index.php\/wp-json\/wp\/v2\/media\/206"}],"wp:attachment":[{"href":"https:\/\/itv.geekbotelectronics.com\/index.php\/wp-json\/wp\/v2\/media?parent=2834"}],"wp:term":[{"taxonomy":"product_brand","embeddable":true,"href":"https:\/\/itv.geekbotelectronics.com\/index.php\/wp-json\/wp\/v2\/product_brand?post=2834"},{"taxonomy":"product_cat","embeddable":true,"href":"https:\/\/itv.geekbotelectronics.com\/index.php\/wp-json\/wp\/v2\/product_cat?post=2834"},{"taxonomy":"product_tag","embeddable":true,"href":"https:\/\/itv.geekbotelectronics.com\/index.php\/wp-json\/wp\/v2\/product_tag?post=2834"}],"curies":[{"name":"wp","href":"https:\/\/api.w.org\/{rel}","templated":true}]}}