{"id":2848,"date":"2022-09-05T22:08:49","date_gmt":"2022-09-06T04:08:49","guid":{"rendered":"https:\/\/itv.geekbotelectronics.com\/?post_type=product&#038;p=2848"},"modified":"2025-08-26T13:17:06","modified_gmt":"2025-08-26T19:17:06","slug":"header-macho-angulo-sencillo","status":"publish","type":"product","link":"https:\/\/itv.geekbotelectronics.com\/index.php\/product\/header-macho-angulo-sencillo\/","title":{"rendered":"Header Macho \u00c1ngulo Sencillo"},"content":{"rendered":"","protected":false},"excerpt":{"rendered":"<p><strong>especificaciones<\/strong><\/p>\n<ul style=\"color: #555555\">\n<li>Conector header macho una l\u00ednea de 40 pines separados 2.54mm<\/li>\n<li>N\u00famero total de pines: 40<\/li>\n<li>N\u00famero de l\u00edneas: 1 en \u00e1ngulo recto<\/li>\n<li>Separaci\u00f3n entre pines: 2.54mm (0.100 pulgadas)<\/li>\n<li>HEADER-1AR<\/li>\n<\/ul>\n","protected":false},"featured_media":220,"comment_status":"closed","ping_status":"closed","template":"","meta":{"_lmt_disableupdate":"no","_lmt_disable":""},"product_brand":[],"product_cat":[28],"product_tag":[],"class_list":{"0":"post-2848","1":"product","2":"type-product","3":"status-publish","4":"has-post-thumbnail","6":"product_cat-header","8":"first","9":"instock","10":"taxable","11":"shipping-taxable","12":"purchasable","13":"product-type-simple"},"_links":{"self":[{"href":"https:\/\/itv.geekbotelectronics.com\/index.php\/wp-json\/wp\/v2\/product\/2848"}],"collection":[{"href":"https:\/\/itv.geekbotelectronics.com\/index.php\/wp-json\/wp\/v2\/product"}],"about":[{"href":"https:\/\/itv.geekbotelectronics.com\/index.php\/wp-json\/wp\/v2\/types\/product"}],"replies":[{"embeddable":true,"href":"https:\/\/itv.geekbotelectronics.com\/index.php\/wp-json\/wp\/v2\/comments?post=2848"}],"wp:featuredmedia":[{"embeddable":true,"href":"https:\/\/itv.geekbotelectronics.com\/index.php\/wp-json\/wp\/v2\/media\/220"}],"wp:attachment":[{"href":"https:\/\/itv.geekbotelectronics.com\/index.php\/wp-json\/wp\/v2\/media?parent=2848"}],"wp:term":[{"taxonomy":"product_brand","embeddable":true,"href":"https:\/\/itv.geekbotelectronics.com\/index.php\/wp-json\/wp\/v2\/product_brand?post=2848"},{"taxonomy":"product_cat","embeddable":true,"href":"https:\/\/itv.geekbotelectronics.com\/index.php\/wp-json\/wp\/v2\/product_cat?post=2848"},{"taxonomy":"product_tag","embeddable":true,"href":"https:\/\/itv.geekbotelectronics.com\/index.php\/wp-json\/wp\/v2\/product_tag?post=2848"}],"curies":[{"name":"wp","href":"https:\/\/api.w.org\/{rel}","templated":true}]}}