{"id":2873,"date":"2022-09-05T22:08:54","date_gmt":"2022-09-06T04:08:54","guid":{"rendered":"https:\/\/itv.geekbotelectronics.com\/?post_type=product&#038;p=2873"},"modified":"2025-10-21T13:57:30","modified_gmt":"2025-10-21T19:57:30","slug":"potenciometro-de-1-kohm","status":"publish","type":"product","link":"https:\/\/itv.geekbotelectronics.com\/index.php\/product\/potenciometro-de-1-kohm\/","title":{"rendered":"Potenci\u00f3metro de 1 Kohm"},"content":{"rendered":"<h4 style=\"text-align: justify\">Potenci\u00f3metro de 1 Kohm<\/h4>\n<p style=\"text-align: justify\"><span style=\"color: #000000\">Un potenci\u00f3metro de 1 kohm es uno de los dos usos que posee la resistencia o <a style=\"color: #000000\" title=\"Resistor\" href=\"https:\/\/es.wikipedia.org\/wiki\/Resistor\">resistor<\/a> variable mec\u00e1nica (con cursor y de al menos tres terminales). Conectando los terminales extremos a la diferencia de potencial a regular (control de tensi\u00f3n), se obtiene entre el terminal central (cursor) y uno de los extremos una fracci\u00f3n de la <a class=\"mw-redirect\" style=\"color: #000000\" title=\"Diferencia de potencial\" href=\"https:\/\/es.wikipedia.org\/wiki\/Diferencia_de_potencial\">diferencia de potencial<\/a> total, se comporta como un divisor de tensi\u00f3n o voltaje.<\/span><\/p>\n<div class=\"bloque-introduccion\" style=\"text-align: justify\">\n<p><span style=\"color: #000000\">Los potenci\u00f3metros limitan el paso de la corriente el\u00e9ctrica (Intensidad) provocando una ca\u00edda de tensi\u00f3n en ellos al igual que en una resistencia,\u00a0 pero en este caso el valor de la corriente y\u00a0 la tensi\u00f3n en el potenci\u00f3metro las podemos variar solo con cambiar el valor de su resistencia. En una resistencia fija estos valores ser\u00edan siempre los mismos.\u00a0<\/span><\/p>\n<p><span style=\"color: #000000\">El valor de los\u00a0potenci\u00f3metros viene expresado en ohmios (s\u00edmbolo \u03a9) como las resistencias, y el valor que viene espresado\u00a0siempre es la resistencia m\u00e1xima que puede llegar a tener. La m\u00ednimo l\u00f3gicamente es cero. Por ejemplo los\u00a0 potenci\u00f3metros de 10K\u03a9 puede tener una resistencia con valores entre 0\u03a9 y 10.000\u03a9.<\/span><\/p>\n<\/div>\n<div class=\"bloque-introduccion\" style=\"text-align: justify\"><\/div>\n<div class=\"bloque-introduccion\">\n<div style=\"text-align: justify\">\n<p><strong><span style=\"color: #000000\">Especificaciones<\/span><\/strong><\/p>\n<\/div>\n<p style=\"text-align: justify\"><span style=\"color: #000000\">\u00a0Tipo: Carb\u00f3n<\/span><\/p>\n<ul>\n<li style=\"text-align: justify\"><span style=\"color: #000000\">Potencia: 1 Watt<\/span><\/li>\n<li style=\"text-align: justify\"><span style=\"color: #000000\">Sin switch<\/span><\/li>\n<li style=\"text-align: justify\"><span style=\"color: #000000\">Dimensiones de la base:<\/span>\n<ul>\n<li><span style=\"color: #000000\">Di\u00e1metro: 1.6 cm<\/span><\/li>\n<li><span style=\"color: #000000\">Largo: 0.7 cm<\/span><\/li>\n<\/ul>\n<\/li>\n<li><span style=\"color: #000000\">Dimensiones del v\u00e1stago:<\/span>\n<ul>\n<li style=\"text-align: justify\"><span style=\"color: #000000\">Di\u00e1metro: 0.6 cm<\/span><\/li>\n<li style=\"text-align: justify\"><span style=\"color: #000000\">Largo: 1.5 cm<\/span><\/li>\n<\/ul>\n<\/li>\n<\/ul>\n<\/div>\n","protected":false},"excerpt":{"rendered":"<div style=\"color: #555555\"><span class=\"negrita\">Un potenci\u00f3metro es una Resistencia Variable<\/span>.<\/div>\n","protected":false},"featured_media":111,"comment_status":"closed","ping_status":"closed","template":"","meta":{"_lmt_disableupdate":"no","_lmt_disable":""},"product_brand":[],"product_cat":[56],"product_tag":[],"class_list":{"0":"post-2873","1":"product","2":"type-product","3":"status-publish","4":"has-post-thumbnail","6":"product_cat-potenciometros","8":"first","9":"outofstock","10":"taxable","11":"shipping-taxable","12":"purchasable","13":"product-type-simple"},"_links":{"self":[{"href":"https:\/\/itv.geekbotelectronics.com\/index.php\/wp-json\/wp\/v2\/product\/2873"}],"collection":[{"href":"https:\/\/itv.geekbotelectronics.com\/index.php\/wp-json\/wp\/v2\/product"}],"about":[{"href":"https:\/\/itv.geekbotelectronics.com\/index.php\/wp-json\/wp\/v2\/types\/product"}],"replies":[{"embeddable":true,"href":"https:\/\/itv.geekbotelectronics.com\/index.php\/wp-json\/wp\/v2\/comments?post=2873"}],"wp:featuredmedia":[{"embeddable":true,"href":"https:\/\/itv.geekbotelectronics.com\/index.php\/wp-json\/wp\/v2\/media\/111"}],"wp:attachment":[{"href":"https:\/\/itv.geekbotelectronics.com\/index.php\/wp-json\/wp\/v2\/media?parent=2873"}],"wp:term":[{"taxonomy":"product_brand","embeddable":true,"href":"https:\/\/itv.geekbotelectronics.com\/index.php\/wp-json\/wp\/v2\/product_brand?post=2873"},{"taxonomy":"product_cat","embeddable":true,"href":"https:\/\/itv.geekbotelectronics.com\/index.php\/wp-json\/wp\/v2\/product_cat?post=2873"},{"taxonomy":"product_tag","embeddable":true,"href":"https:\/\/itv.geekbotelectronics.com\/index.php\/wp-json\/wp\/v2\/product_tag?post=2873"}],"curies":[{"name":"wp","href":"https:\/\/api.w.org\/{rel}","templated":true}]}}