{"id":2877,"date":"2022-09-05T22:08:54","date_gmt":"2022-09-06T04:08:54","guid":{"rendered":"https:\/\/itv.geekbotelectronics.com\/?post_type=product&#038;p=2877"},"modified":"2025-11-12T15:35:08","modified_gmt":"2025-11-12T21:35:08","slug":"led-infrarrojo-ir","status":"publish","type":"product","link":"https:\/\/itv.geekbotelectronics.com\/index.php\/product\/led-infrarrojo-ir\/","title":{"rendered":"LED Infrarrojo (IR)"},"content":{"rendered":"<h4>Led Infrarrojo<\/h4>\n<p>El Led\u00a0infrarrojo (IR) funciona convirtiendo la corriente el\u00e9ctrica en luz infrarroja; mientras que los detectores infrarrojos hacen lo opuesto al detectar luz infrarroja y convertirla en una corriente el\u00e9ctrica. La corriente generada por un detector infrarrojo es una se\u00f1al que indica que existe ese tipo de luz. El infrarrojo es una longitud de onda de luz que est\u00e1 m\u00e1s all\u00e1 del rango de la visi\u00f3n humana. Esto hace al infrarrojo una herramienta excelente para aplicaciones donde se requiere la luz, pero donde la luz visible podr\u00eda ser una distracci\u00f3n o de otra forma no deseada. El uso de diodos infrarrojos emisores de luz, o LEDs, hace posibles a los sistemas de control remoto en varios proyectos.<\/p>\n<p>&nbsp;<\/p>\n","protected":false},"excerpt":{"rendered":"<div style=\"color: #555555\"><strong>Especificaciones<\/strong><\/div>\n<div style=\"color: #555555\">\n<ul>\n<li>Di\u00e1metro: 5mm<\/li>\n<li>Lente claro<\/li>\n<li>Longitud de onda: 940 nm<\/li>\n<li>Vf: 1.6 V<\/li>\n<li>Corriente directa continua: 60\u00a0mA<\/li>\n<li>\u00c1ngulo de transmisi\u00f3n:\u00a0<span style=\"color: #000000\">15\u00b0-30\u00b0<\/span><\/li>\n<\/ul>\n<\/div>\n","protected":false},"featured_media":274,"comment_status":"closed","ping_status":"closed","template":"","meta":{"_lmt_disableupdate":"no","_lmt_disable":""},"product_brand":[],"product_cat":[89],"product_tag":[],"class_list":{"0":"post-2877","1":"product","2":"type-product","3":"status-publish","4":"has-post-thumbnail","6":"product_cat-ir","8":"first","9":"instock","10":"taxable","11":"shipping-taxable","12":"purchasable","13":"product-type-simple"},"_links":{"self":[{"href":"https:\/\/itv.geekbotelectronics.com\/index.php\/wp-json\/wp\/v2\/product\/2877"}],"collection":[{"href":"https:\/\/itv.geekbotelectronics.com\/index.php\/wp-json\/wp\/v2\/product"}],"about":[{"href":"https:\/\/itv.geekbotelectronics.com\/index.php\/wp-json\/wp\/v2\/types\/product"}],"replies":[{"embeddable":true,"href":"https:\/\/itv.geekbotelectronics.com\/index.php\/wp-json\/wp\/v2\/comments?post=2877"}],"wp:featuredmedia":[{"embeddable":true,"href":"https:\/\/itv.geekbotelectronics.com\/index.php\/wp-json\/wp\/v2\/media\/274"}],"wp:attachment":[{"href":"https:\/\/itv.geekbotelectronics.com\/index.php\/wp-json\/wp\/v2\/media?parent=2877"}],"wp:term":[{"taxonomy":"product_brand","embeddable":true,"href":"https:\/\/itv.geekbotelectronics.com\/index.php\/wp-json\/wp\/v2\/product_brand?post=2877"},{"taxonomy":"product_cat","embeddable":true,"href":"https:\/\/itv.geekbotelectronics.com\/index.php\/wp-json\/wp\/v2\/product_cat?post=2877"},{"taxonomy":"product_tag","embeddable":true,"href":"https:\/\/itv.geekbotelectronics.com\/index.php\/wp-json\/wp\/v2\/product_tag?post=2877"}],"curies":[{"name":"wp","href":"https:\/\/api.w.org\/{rel}","templated":true}]}}