{"id":2879,"date":"2022-09-05T22:08:55","date_gmt":"2022-09-06T04:08:55","guid":{"rendered":"https:\/\/itv.geekbotelectronics.com\/?post_type=product&#038;p=2879"},"modified":"2025-11-07T15:21:08","modified_gmt":"2025-11-07T21:21:08","slug":"jack-5-5x2-1-mm","status":"publish","type":"product","link":"https:\/\/itv.geekbotelectronics.com\/index.php\/product\/jack-5-5x2-1-mm\/","title":{"rendered":"Jack 5.5&#215;2.1 mm"},"content":{"rendered":"<div style=\"color: #555555\">\n<p><strong>Descripci\u00f3n<\/strong><\/p>\n<\/div>\n<div style=\"color: #555555\">Jack invertido para chasis para alimentaci\u00f3n de equipos electr\u00f3nicas soldable a placa.<\/div>\n<div style=\"color: #555555\"><\/div>\n<div style=\"color: #555555\"><strong>Especificaciones<\/strong><\/div>\n<div style=\"color: #555555\"><\/div>\n<div style=\"color: #555555\">\n<ul>\n<li>Material: Pl\u00e1stico<\/li>\n<li>Di\u00e1metro interno de la base: 5.5 mm<\/li>\n<li>Di\u00e1metro del pin: 2.1 mm<\/li>\n<li>Soldable a PCB<\/li>\n<li>N\u00famero de pines de la base: 3<\/li>\n<\/ul>\n<\/div>\n","protected":false},"excerpt":{"rendered":"<p>Descripci\u00f3n Jack invertido para chasis para alimentaci\u00f3n de equipos electr\u00f3nicas soldable a placa. Especificaciones Material: Pl\u00e1stico Di\u00e1metro interno de la base: 5.5 mm Di\u00e1metro del pin: 2.1 mm Soldable a PCB N\u00famero de pines de la base: 3<\/p>\n","protected":false},"featured_media":276,"comment_status":"closed","ping_status":"closed","template":"","meta":{"_lmt_disableupdate":"","_lmt_disable":""},"product_brand":[],"product_cat":[90],"product_tag":[],"class_list":{"0":"post-2879","1":"product","2":"type-product","3":"status-publish","4":"has-post-thumbnail","6":"product_cat-plugs-y-jacks","8":"first","9":"instock","10":"taxable","11":"shipping-taxable","12":"purchasable","13":"product-type-simple"},"_links":{"self":[{"href":"https:\/\/itv.geekbotelectronics.com\/index.php\/wp-json\/wp\/v2\/product\/2879"}],"collection":[{"href":"https:\/\/itv.geekbotelectronics.com\/index.php\/wp-json\/wp\/v2\/product"}],"about":[{"href":"https:\/\/itv.geekbotelectronics.com\/index.php\/wp-json\/wp\/v2\/types\/product"}],"replies":[{"embeddable":true,"href":"https:\/\/itv.geekbotelectronics.com\/index.php\/wp-json\/wp\/v2\/comments?post=2879"}],"wp:featuredmedia":[{"embeddable":true,"href":"https:\/\/itv.geekbotelectronics.com\/index.php\/wp-json\/wp\/v2\/media\/276"}],"wp:attachment":[{"href":"https:\/\/itv.geekbotelectronics.com\/index.php\/wp-json\/wp\/v2\/media?parent=2879"}],"wp:term":[{"taxonomy":"product_brand","embeddable":true,"href":"https:\/\/itv.geekbotelectronics.com\/index.php\/wp-json\/wp\/v2\/product_brand?post=2879"},{"taxonomy":"product_cat","embeddable":true,"href":"https:\/\/itv.geekbotelectronics.com\/index.php\/wp-json\/wp\/v2\/product_cat?post=2879"},{"taxonomy":"product_tag","embeddable":true,"href":"https:\/\/itv.geekbotelectronics.com\/index.php\/wp-json\/wp\/v2\/product_tag?post=2879"}],"curies":[{"name":"wp","href":"https:\/\/api.w.org\/{rel}","templated":true}]}}